{"id":11732,"date":"2025-10-01T08:48:47","date_gmt":"2025-10-01T07:48:47","guid":{"rendered":"https:\/\/www.arbel.eus\/zerbitzuak\/makinen-alokairua\/"},"modified":"2025-10-31T12:13:03","modified_gmt":"2025-10-31T11:13:03","slug":"alquiler-de-maquinaria","status":"publish","type":"page","link":"https:\/\/www.arbel.eus\/es\/servicios\/alquiler-de-maquinaria\/","title":{"rendered":"Alquiler de maquinaria"},"content":{"rendered":"\t\t<div data-elementor-type=\"wp-page\" data-elementor-id=\"11732\" class=\"elementor elementor-11732 elementor-11543\" data-elementor-post-type=\"page\">\n\t\t\t\t        <section class=\"elementor-section elementor-top-section elementor-element elementor-element-14cf229 elementor-section-stretched elementor-section-boxed elementor-section-height-default elementor-section-height-default pxl-row-scroll-none pxl-zoom-point-false pxl-section-overflow-visible pxl-section-fix-none pxl-bg-color-none pxl-section-overlay-none\" data-id=\"14cf229\" data-element_type=\"section\" data-settings=\"{&quot;stretch_section&quot;:&quot;section-stretched&quot;,&quot;background_background&quot;:&quot;classic&quot;}\">\n\n                \n                <div class=\"elementor-container elementor-column-gap-extended \">\n                <div class=\"elementor-column elementor-col-100 elementor-top-column elementor-element elementor-element-b53a007 pxl-column-none pxl-column-overflow-hidden-no\" data-id=\"b53a007\" data-element_type=\"column\">\r\n        <div class=\"elementor-widget-wrap elementor-element-populated\">\r\n                     \r\n        <div class=\"elementor-element elementor-element-1369ebf e-con-full e-flex e-con e-parent \" data-id=\"1369ebf\" data-element_type=\"container\"><div class=\"elementor-element elementor-element-d4b709b e-con-full e-flex e-con e-child \" data-id=\"d4b709b\" data-element_type=\"container\">\t\t<div class=\"elementor-element elementor-element-d1d6242 elementor-widget elementor-widget-pxl_heading\" data-id=\"d1d6242\" data-element_type=\"widget\" data-widget_type=\"pxl_heading.default\">\n\t\t\t\t<div class=\"elementor-widget-container\">\n\t\t\t\t\t\n<div id=\"pxl-pxl_heading-d1d6242-9969\" class=\"pxl-heading px-sub-title-default-style \">\n\t<div class=\"pxl-heading--inner\">\n\t\t\n\t\t<h3 class=\"pxl-item--title style-default highlight-default pxl-split-text split-in-right\" data-wow-delay=\"ms\">\n\n\t\t\t<span class=\"pxl-heading--text\">\n\n\t\t\t\t\t\t\t\t\tAlquiler de maquinaria\t\n\t\t\t\t\t\n\n\t\t\t<\/span>\n\t\t<\/h3>\n\t\t\n\t<\/div>\n<\/div>\t\t\t\t<\/div>\n\t\t\t\t<\/div>\n\t\t\t\t<div class=\"elementor-element elementor-element-8773c30 elementor-widget elementor-widget-pxl_heading\" data-id=\"8773c30\" data-element_type=\"widget\" data-widget_type=\"pxl_heading.default\">\n\t\t\t\t<div class=\"elementor-widget-container\">\n\t\t\t\t\t\n<div id=\"pxl-pxl_heading-8773c30-9983\" class=\"pxl-heading px-sub-title-default-style \">\n\t<div class=\"pxl-heading--inner\">\n\t\t\n\t\t<h3 class=\"pxl-item--title style-default highlight-default \" data-wow-delay=\"ms\">\n\n\t\t\t<span class=\"pxl-heading--text\">\n\n\t\t\t\t\t\t\t\t\tUtilizando el SERVICIO DE ALQUILER DE MAQUINARIA que ofrece la Cooperativa Arbel de Aramaio, ahorrar\u00e1s esfuerzo y tiempo y no tendr\u00e1s que invertir en la compra de la m\u00e1quina.\t\n\t\t\t\t\t\n\n\t\t\t<\/span>\n\t\t<\/h3>\n\t\t\n\t<\/div>\n<\/div>\t\t\t\t<\/div>\n\t\t\t\t<\/div>\n\t\t\t\t<div class=\"elementor-element elementor-element-fc48ab5 elementor-widget elementor-widget-pxl_text_editor\" data-id=\"fc48ab5\" data-element_type=\"widget\" data-widget_type=\"pxl_text_editor.default\">\n\t\t\t\t<div class=\"elementor-widget-container\">\n\t\t\t\t\t<div class=\"pxl-text-editor d-flex highlight-gradient\">\n\t<div class=\"pxl-item--inner  \" data-wow-delay=\"ms\">\n\t\t<ul class=\"wp-block-list\"><li>Sopladora<\/li><li>Tijeras de podar automaticas<\/li><li>Desbrozadora<\/li><li>Cortasetos<\/li><li>Cortadora de madera<\/li><li>Olla el\u00e9ctrica<\/li><\/ul>\t\t\n\t<\/div>\n<\/div>\t\t\t\t<\/div>\n\t\t\t\t<\/div>\n\t\t\t\t<\/div>\r\n\t\t<div class=\"elementor-element elementor-element-d61bb75 e-con-full e-flex e-con e-child \" data-id=\"d61bb75\" data-element_type=\"container\">\t\t<div class=\"elementor-element elementor-element-76ff3eb elementor-widget__width-inherit elementor-widget-laptop__width-inherit elementor-widget-tablet_extra__width-inherit elementor-widget-tablet__width-inherit elementor-widget elementor-widget-pxl_image\" data-id=\"76ff3eb\" data-element_type=\"widget\" data-widget_type=\"pxl_image.default\">\n\t\t\t\t<div class=\"elementor-widget-container\">\n\t\t\t\t\t<div id=\"pxl_image-76ff3eb-9070\" class=\"pxl-image-single pxl-disable-parallax-sm   \" data-wow-delay=\"ms\"  >\r\n    <div class=\"pxl-item--inner \" data-wow-delay=\"120ms\">\r\n                \r\n                                <div class=\"pxl-item--image\" data-parallax-value=\"\">\r\n                                                    <img fetchpriority=\"high\" decoding=\"async\" width=\"750\" height=\"563\" src=\"https:\/\/www.arbel.eus\/wp-content\/uploads\/2025\/10\/photo_2023-09-19_09-45-41-750x563-1-1.jpg\" class=\"no-lazyload attachment-full\" alt=\"\" \/>                                                                    <\/div>\r\n                                <\/div>\r\n<\/div>\t\t\t\t<\/div>\n\t\t\t\t<\/div>\n\t\t\t\t<\/div>\r\n\t\t\t\t<\/div>\r\n\t\t<div class=\"elementor-element elementor-element-cd9f314 e-grid e-con-boxed e-con e-parent \" data-id=\"cd9f314\" data-element_type=\"container\">\t\t\t<div class=\"e-con-inner\">\r\n\t\t\t\t<div class=\"elementor-element elementor-element-09b7e79 elementor-widget elementor-widget-pxl_image\" data-id=\"09b7e79\" data-element_type=\"widget\" data-widget_type=\"pxl_image.default\">\n\t\t\t\t<div class=\"elementor-widget-container\">\n\t\t\t\t\t<div id=\"pxl_image-09b7e79-8959\" class=\"pxl-image-single pxl-disable-parallax-sm   \" data-wow-delay=\"ms\"  >\r\n    <div class=\"pxl-item--inner \" data-wow-delay=\"120ms\">\r\n                \r\n                                <div class=\"pxl-item--image\" data-parallax-value=\"\">\r\n                                                    <img decoding=\"async\" width=\"1080\" height=\"1080\" src=\"https:\/\/www.arbel.eus\/wp-content\/uploads\/2025\/10\/desbrozadora-2.png\" class=\"no-lazyload attachment-full\" alt=\"Desbrozadora STIHL FS 461 C-EM alokairuan\" \/>                                                                    <\/div>\r\n                                <\/div>\r\n<\/div>\t\t\t\t<\/div>\n\t\t\t\t<\/div>\n\t\t\t\t<div class=\"elementor-element elementor-element-2d55778 elementor-widget elementor-widget-pxl_image\" data-id=\"2d55778\" data-element_type=\"widget\" data-widget_type=\"pxl_image.default\">\n\t\t\t\t<div class=\"elementor-widget-container\">\n\t\t\t\t\t<div id=\"pxl_image-2d55778-7628\" class=\"pxl-image-single pxl-disable-parallax-sm   \" data-wow-delay=\"ms\"  >\r\n    <div class=\"pxl-item--inner \" data-wow-delay=\"120ms\">\r\n                \r\n                                <div class=\"pxl-item--image\" data-parallax-value=\"\">\r\n                                                    <img decoding=\"async\" width=\"1080\" height=\"1080\" src=\"https:\/\/www.arbel.eus\/wp-content\/uploads\/2025\/10\/Rajadora-gasolina-XYLO-SR-18M-RABAUD1-1.png\" class=\"no-lazyload attachment-full\" alt=\"\" \/>                                                                    <\/div>\r\n                                <\/div>\r\n<\/div>\t\t\t\t<\/div>\n\t\t\t\t<\/div>\n\t\t\t\t<div class=\"elementor-element elementor-element-02f1cd6 elementor-widget elementor-widget-pxl_image\" data-id=\"02f1cd6\" data-element_type=\"widget\" data-widget_type=\"pxl_image.default\">\n\t\t\t\t<div class=\"elementor-widget-container\">\n\t\t\t\t\t<div id=\"pxl_image-02f1cd6-9165\" class=\"pxl-image-single pxl-disable-parallax-sm   \" data-wow-delay=\"ms\"  >\r\n    <div class=\"pxl-item--inner \" data-wow-delay=\"120ms\">\r\n                \r\n                                <div class=\"pxl-item--image\" data-parallax-value=\"\">\r\n                                                    <img loading=\"lazy\" decoding=\"async\" width=\"1080\" height=\"1080\" src=\"https:\/\/www.arbel.eus\/wp-content\/uploads\/2025\/10\/sopladora1.png\" class=\"no-lazyload attachment-full\" alt=\"Sopladora STIHL BG56 alokairuan\" \/>                                                                    <\/div>\r\n                                <\/div>\r\n<\/div>\t\t\t\t<\/div>\n\t\t\t\t<\/div>\n\t\t\t\t<div class=\"elementor-element elementor-element-f2b91df elementor-widget elementor-widget-pxl_image\" data-id=\"f2b91df\" data-element_type=\"widget\" data-widget_type=\"pxl_image.default\">\n\t\t\t\t<div class=\"elementor-widget-container\">\n\t\t\t\t\t<div id=\"pxl_image-f2b91df-5164\" class=\"pxl-image-single pxl-disable-parallax-sm   \" data-wow-delay=\"ms\"  >\r\n    <div class=\"pxl-item--inner \" data-wow-delay=\"120ms\">\r\n                \r\n                                <div class=\"pxl-item--image\" data-parallax-value=\"\">\r\n                                                    <img loading=\"lazy\" decoding=\"async\" width=\"1080\" height=\"1080\" src=\"https:\/\/www.arbel.eus\/wp-content\/uploads\/2025\/10\/CORTASETOS2-1.png\" class=\"no-lazyload attachment-full\" alt=\"Cortasetos STIHL HS 82 R alokairuan\" \/>                                                                    <\/div>\r\n                                <\/div>\r\n<\/div>\t\t\t\t<\/div>\n\t\t\t\t<\/div>\n\t\t\t\t\t<\/div>\r\n\t\t\t\t<\/div>\r\n\t\t<div class=\"elementor-element elementor-element-e0fda4c e-grid e-con-boxed e-con e-parent \" data-id=\"e0fda4c\" data-element_type=\"container\">\t\t\t<div class=\"e-con-inner\">\r\n\t\t\t\t<div class=\"elementor-element elementor-element-9b3e33a elementor-widget elementor-widget-video\" data-id=\"9b3e33a\" data-element_type=\"widget\" data-settings=\"{&quot;youtube_url&quot;:&quot;https:\\\/\\\/youtu.be\\\/8cgEbnehTVw&quot;,&quot;video_type&quot;:&quot;youtube&quot;,&quot;controls&quot;:&quot;yes&quot;}\" data-widget_type=\"video.default\">\n\t\t\t\t\t\t\t<div class=\"elementor-wrapper elementor-open-inline\">\n\t\t\t<div class=\"elementor-video\"><\/div>\t\t<\/div>\n\t\t\t\t\t\t<\/div>\n\t\t\t\t<div class=\"elementor-element elementor-element-4554621 elementor-widget elementor-widget-video\" data-id=\"4554621\" data-element_type=\"widget\" data-settings=\"{&quot;youtube_url&quot;:&quot;https:\\\/\\\/youtu.be\\\/lH8-BLz_F2s&quot;,&quot;video_type&quot;:&quot;youtube&quot;,&quot;controls&quot;:&quot;yes&quot;}\" data-widget_type=\"video.default\">\n\t\t\t\t\t\t\t<div class=\"elementor-wrapper elementor-open-inline\">\n\t\t\t<div class=\"elementor-video\"><\/div>\t\t<\/div>\n\t\t\t\t\t\t<\/div>\n\t\t\t\t\t<\/div>\r\n\t\t\t\t<\/div>\r\n\t\t            <\/div>\r\n        <\/div>\r\n        \t\t\t<\/div>\n\t\t<\/section>\n\t\t\t\t<\/div>\n\t\t","protected":false},"excerpt":{"rendered":"<p>Alquiler de maquinaria Utilizando el SERVICIO DE ALQUILER DE MAQUINARIA que ofrece la Cooperativa Arbel de Aramaio, ahorrar\u00e1s esfuerzo y tiempo y no tendr\u00e1s que invertir en la compra de la m\u00e1quina. Sopladora Tijeras de podar automaticas Desbrozadora Cortasetos Cortadora de madera Olla el\u00e9ctrica https:\/\/youtu.be\/8cgEbnehTVwhttps:\/\/youtu.be\/lH8-BLz_F2s<\/p>\n","protected":false},"author":1,"featured_media":0,"parent":11720,"menu_order":0,"comment_status":"closed","ping_status":"closed","template":"","meta":{"footnotes":""},"class_list":["post-11732","page","type-page","status-publish","hentry"],"jetpack_sharing_enabled":true,"_links":{"self":[{"href":"https:\/\/www.arbel.eus\/es\/wp-json\/wp\/v2\/pages\/11732","targetHints":{"allow":["GET"]}}],"collection":[{"href":"https:\/\/www.arbel.eus\/es\/wp-json\/wp\/v2\/pages"}],"about":[{"href":"https:\/\/www.arbel.eus\/es\/wp-json\/wp\/v2\/types\/page"}],"author":[{"embeddable":true,"href":"https:\/\/www.arbel.eus\/es\/wp-json\/wp\/v2\/users\/1"}],"replies":[{"embeddable":true,"href":"https:\/\/www.arbel.eus\/es\/wp-json\/wp\/v2\/comments?post=11732"}],"version-history":[{"count":19,"href":"https:\/\/www.arbel.eus\/es\/wp-json\/wp\/v2\/pages\/11732\/revisions"}],"predecessor-version":[{"id":12294,"href":"https:\/\/www.arbel.eus\/es\/wp-json\/wp\/v2\/pages\/11732\/revisions\/12294"}],"up":[{"embeddable":true,"href":"https:\/\/www.arbel.eus\/es\/wp-json\/wp\/v2\/pages\/11720"}],"wp:attachment":[{"href":"https:\/\/www.arbel.eus\/es\/wp-json\/wp\/v2\/media?parent=11732"}],"curies":[{"name":"wp","href":"https:\/\/api.w.org\/{rel}","templated":true}]}}