{"id":11799,"date":"2025-10-01T08:31:11","date_gmt":"2025-10-01T07:31:11","guid":{"rendered":"https:\/\/www.arbel.eus\/servicios\/banaketa-zerbitzua\/"},"modified":"2025-10-31T11:05:42","modified_gmt":"2025-10-31T10:05:42","slug":"servicio-de-distribucion","status":"publish","type":"page","link":"https:\/\/www.arbel.eus\/es\/servicios\/servicio-de-distribucion\/","title":{"rendered":"Servicio de distribuci\u00f3n"},"content":{"rendered":"\t\t<div data-elementor-type=\"wp-page\" data-elementor-id=\"11799\" class=\"elementor elementor-11799 elementor-11533\" data-elementor-post-type=\"page\">\n\t\t\t\t        <section class=\"elementor-section elementor-top-section elementor-element elementor-element-14cf229 elementor-section-stretched elementor-section-boxed elementor-section-height-default elementor-section-height-default pxl-row-scroll-none pxl-zoom-point-false pxl-section-overflow-visible pxl-section-fix-none pxl-bg-color-none pxl-section-overlay-none\" data-id=\"14cf229\" data-element_type=\"section\" data-settings=\"{&quot;stretch_section&quot;:&quot;section-stretched&quot;,&quot;background_background&quot;:&quot;classic&quot;}\">\n\n                \n                <div class=\"elementor-container elementor-column-gap-extended \">\n                <div class=\"elementor-column elementor-col-100 elementor-top-column elementor-element elementor-element-b53a007 pxl-column-none pxl-column-overflow-hidden-no\" data-id=\"b53a007\" data-element_type=\"column\">\r\n        <div class=\"elementor-widget-wrap elementor-element-populated\">\r\n                     \r\n        <div class=\"elementor-element elementor-element-bd873a0 e-flex e-con-boxed e-con e-parent \" data-id=\"bd873a0\" data-element_type=\"container\">\t\t\t<div class=\"e-con-inner\">\r\n\t\t<div class=\"elementor-element elementor-element-62eb52e e-con-full e-flex e-con e-child \" data-id=\"62eb52e\" data-element_type=\"container\">\t\t<div class=\"elementor-element elementor-element-8e926ca elementor-widget elementor-widget-pxl_heading\" data-id=\"8e926ca\" data-element_type=\"widget\" data-widget_type=\"pxl_heading.default\">\n\t\t\t\t<div class=\"elementor-widget-container\">\n\t\t\t\t\t\n<div id=\"pxl-pxl_heading-8e926ca-1699\" class=\"pxl-heading px-sub-title-default-style \">\n\t<div class=\"pxl-heading--inner\">\n\t\t\n\t\t<h3 class=\"pxl-item--title style-default highlight-default pxl-split-text split-in-right\" data-wow-delay=\"ms\">\n\n\t\t\t<span class=\"pxl-heading--text\">\n\n\t\t\t\t\t\t\t\t\tServicio de distribuci\u00f3n\t\n\t\t\t\t\t\n\n\t\t\t<\/span>\n\t\t<\/h3>\n\t\t\n\t<\/div>\n<\/div>\t\t\t\t<\/div>\n\t\t\t\t<\/div>\n\t\t\t\t<div class=\"elementor-element elementor-element-c9723e4 elementor-widget elementor-widget-pxl_text_editor\" data-id=\"c9723e4\" data-element_type=\"widget\" data-widget_type=\"pxl_text_editor.default\">\n\t\t\t\t<div class=\"elementor-widget-container\">\n\t\t\t\t\t<div class=\"pxl-text-editor d-flex highlight-gradient\">\n\t<div class=\"pxl-item--inner  \" data-wow-delay=\"ms\">\n\t\t<p>Disponemos de servicio de reparto semanal hasta caser\u00edos y casas. A continuaci\u00f3n ten\u00e9is nuestro \u00e1rea de reparto habitual, pero no dudes en pedir un presupuesto personalizado para tu ubicaci\u00f3n. Adem\u00e1s, tenemos precios especiales para pedidos de m\u00e1s de 40 sacos. Haz tu consulta!<\/p>\t\t\n\t<\/div>\n<\/div>\t\t\t\t<\/div>\n\t\t\t\t<\/div>\n\t\t<div class=\"elementor-element elementor-element-ba3de1f e-con-full e-flex e-con e-child \" data-id=\"ba3de1f\" data-element_type=\"container\">\t\t<div class=\"elementor-element elementor-element-0857f2f elementor-widget__width-initial elementor-widget-widescreen__width-initial elementor-widget-tablet__width-initial elementor-widget elementor-widget-pxl_text_editor\" data-id=\"0857f2f\" data-element_type=\"widget\" data-widget_type=\"pxl_text_editor.default\">\n\t\t\t\t<div class=\"elementor-widget-container\">\n\t\t\t\t\t<div class=\"pxl-text-editor d-flex highlight-gradient\">\n\t<div class=\"pxl-item--inner  \" data-wow-delay=\"ms\">\n\t\t<ul class=\"wp-block-list\"><li>Aramaio<\/li><li>Arrasate<\/li><li>Aretxabaleta<\/li><li>Eskoriatza<\/li><li>Gatzaga<\/li><li>O\u00f1ati<\/li><li>Bergara<\/li><li>Angiozar<\/li><li>Osintxu<\/li><\/ul>\t\t\n\t<\/div>\n<\/div>\t\t\t\t<\/div>\n\t\t\t\t<\/div>\n\t\t\t\t<div class=\"elementor-element elementor-element-d843fed elementor-widget__width-initial elementor-widget-widescreen__width-initial elementor-widget-tablet__width-initial elementor-widget elementor-widget-pxl_text_editor\" data-id=\"d843fed\" data-element_type=\"widget\" data-widget_type=\"pxl_text_editor.default\">\n\t\t\t\t<div class=\"elementor-widget-container\">\n\t\t\t\t\t<div class=\"pxl-text-editor d-flex highlight-gradient\">\n\t<div class=\"pxl-item--inner  \" data-wow-delay=\"ms\">\n\t\t<ul class=\"wp-block-list\"><li>Soraluze<\/li><li>Otxandio<\/li><li>Legutio<\/li><li>Ubide<\/li><li>Zeanuri<\/li><li>Igorre<\/li><li>Dima<\/li><li>Areatza<\/li><\/ul>\t\t\n\t<\/div>\n<\/div>\t\t\t\t<\/div>\n\t\t\t\t<\/div>\n\t\t\t\t<\/div>\r\n\t\t\t\t<\/div>\r\n\t\t<div class=\"elementor-element elementor-element-ea433c7 e-con-full e-flex e-con e-child \" data-id=\"ea433c7\" data-element_type=\"container\">\t\t<div class=\"elementor-element elementor-element-3a52f61 elementor-widget__width-inherit elementor-widget-laptop__width-inherit elementor-widget-tablet_extra__width-inherit elementor-widget-tablet__width-inherit elementor-widget elementor-widget-pxl_image\" data-id=\"3a52f61\" data-element_type=\"widget\" data-widget_type=\"pxl_image.default\">\n\t\t\t\t<div class=\"elementor-widget-container\">\n\t\t\t\t\t<div id=\"pxl_image-3a52f61-2657\" class=\"pxl-image-single pxl-disable-parallax-sm   \" data-wow-delay=\"ms\"  >\r\n    <div class=\"pxl-item--inner \" data-wow-delay=\"120ms\">\r\n                \r\n                                <div class=\"pxl-item--image\" data-parallax-value=\"\">\r\n                                                    <img fetchpriority=\"high\" decoding=\"async\" width=\"750\" height=\"750\" src=\"https:\/\/www.arbel.eus\/wp-content\/uploads\/2025\/10\/asteroko-banaketa-1-750x750-1.png\" class=\"no-lazyload attachment-full\" alt=\"tlf: 656789589\" \/>                                                                    <\/div>\r\n                                <\/div>\r\n<\/div>\t\t\t\t<\/div>\n\t\t\t\t<\/div>\n\t\t\t\t<\/div>\r\n\t\t\t\t\t<\/div>\r\n\t\t\t\t<\/div>\r\n\t\t<div class=\"elementor-element elementor-element-83d4259 e-flex e-con-boxed e-con e-parent \" data-id=\"83d4259\" data-element_type=\"container\">\t\t\t<div class=\"e-con-inner\">\r\n\t\t\t\t<div class=\"elementor-element elementor-element-c8e065f elementor-widget elementor-widget-video\" data-id=\"c8e065f\" data-element_type=\"widget\" data-settings=\"{&quot;youtube_url&quot;:&quot;https:\\\/\\\/youtu.be\\\/Wf48uY-8uOE&quot;,&quot;video_type&quot;:&quot;youtube&quot;,&quot;controls&quot;:&quot;yes&quot;}\" data-widget_type=\"video.default\">\n\t\t\t\t\t\t\t<div class=\"elementor-wrapper elementor-open-inline\">\n\t\t\t<div class=\"elementor-video\"><\/div>\t\t<\/div>\n\t\t\t\t\t\t<\/div>\n\t\t\t\t\t<\/div>\r\n\t\t\t\t<\/div>\r\n\t\t            <\/div>\r\n        <\/div>\r\n        \t\t\t<\/div>\n\t\t<\/section>\n\t\t\t\t<\/div>\n\t\t","protected":false},"excerpt":{"rendered":"<p>Servicio de distribuci\u00f3n Disponemos de servicio de reparto semanal hasta caser\u00edos y casas. A continuaci\u00f3n ten\u00e9is nuestro \u00e1rea de reparto habitual, pero no dudes en pedir un presupuesto personalizado para tu ubicaci\u00f3n. Adem\u00e1s, tenemos precios especiales para pedidos de m\u00e1s de 40 sacos. Haz tu consulta! Aramaio Arrasate Aretxabaleta Eskoriatza Gatzaga O\u00f1ati Bergara Angiozar Osintxu [&hellip;]<\/p>\n","protected":false},"author":1,"featured_media":0,"parent":11720,"menu_order":0,"comment_status":"closed","ping_status":"closed","template":"","meta":{"footnotes":""},"class_list":["post-11799","page","type-page","status-publish","hentry"],"jetpack_sharing_enabled":true,"_links":{"self":[{"href":"https:\/\/www.arbel.eus\/es\/wp-json\/wp\/v2\/pages\/11799","targetHints":{"allow":["GET"]}}],"collection":[{"href":"https:\/\/www.arbel.eus\/es\/wp-json\/wp\/v2\/pages"}],"about":[{"href":"https:\/\/www.arbel.eus\/es\/wp-json\/wp\/v2\/types\/page"}],"author":[{"embeddable":true,"href":"https:\/\/www.arbel.eus\/es\/wp-json\/wp\/v2\/users\/1"}],"replies":[{"embeddable":true,"href":"https:\/\/www.arbel.eus\/es\/wp-json\/wp\/v2\/comments?post=11799"}],"version-history":[{"count":13,"href":"https:\/\/www.arbel.eus\/es\/wp-json\/wp\/v2\/pages\/11799\/revisions"}],"predecessor-version":[{"id":12285,"href":"https:\/\/www.arbel.eus\/es\/wp-json\/wp\/v2\/pages\/11799\/revisions\/12285"}],"up":[{"embeddable":true,"href":"https:\/\/www.arbel.eus\/es\/wp-json\/wp\/v2\/pages\/11720"}],"wp:attachment":[{"href":"https:\/\/www.arbel.eus\/es\/wp-json\/wp\/v2\/media?parent=11799"}],"curies":[{"name":"wp","href":"https:\/\/api.w.org\/{rel}","templated":true}]}}