{"id":11834,"date":"2025-10-01T08:48:39","date_gmt":"2025-10-01T07:48:39","guid":{"rendered":"https:\/\/www.arbel.eus\/servicios\/mantentze-lanak\/"},"modified":"2025-11-04T08:49:05","modified_gmt":"2025-11-04T07:49:05","slug":"mantenimiento","status":"publish","type":"page","link":"https:\/\/www.arbel.eus\/es\/servicios\/mantenimiento\/","title":{"rendered":"Mantenimiento"},"content":{"rendered":"\t\t<div data-elementor-type=\"wp-page\" data-elementor-id=\"11834\" class=\"elementor elementor-11834 elementor-11542\" data-elementor-post-type=\"page\">\n\t\t\t\t        <section class=\"elementor-section elementor-top-section elementor-element elementor-element-14cf229 elementor-section-stretched elementor-section-boxed elementor-section-height-default elementor-section-height-default pxl-row-scroll-none pxl-zoom-point-false pxl-section-overflow-visible pxl-section-fix-none pxl-bg-color-none pxl-section-overlay-none\" data-id=\"14cf229\" data-element_type=\"section\" data-settings=\"{&quot;stretch_section&quot;:&quot;section-stretched&quot;,&quot;background_background&quot;:&quot;classic&quot;}\">\n\n                \n                <div class=\"elementor-container elementor-column-gap-extended \">\n                <div class=\"elementor-column elementor-col-100 elementor-top-column elementor-element elementor-element-b53a007 pxl-column-none pxl-column-overflow-hidden-no\" data-id=\"b53a007\" data-element_type=\"column\">\r\n        <div class=\"elementor-widget-wrap elementor-element-populated\">\r\n                     \r\n        <div class=\"elementor-element elementor-element-e8da3e8 e-flex e-con-boxed e-con e-parent \" data-id=\"e8da3e8\" data-element_type=\"container\">\t\t\t<div class=\"e-con-inner\">\r\n\t\t<div class=\"elementor-element elementor-element-082cbec e-con-full e-flex e-con e-child \" data-id=\"082cbec\" data-element_type=\"container\">\t\t<div class=\"elementor-element elementor-element-d82cc23 elementor-widget-mobile__width-inherit elementor-widget elementor-widget-pxl_heading\" data-id=\"d82cc23\" data-element_type=\"widget\" data-widget_type=\"pxl_heading.default\">\n\t\t\t\t<div class=\"elementor-widget-container\">\n\t\t\t\t\t\n<div id=\"pxl-pxl_heading-d82cc23-8798\" class=\"pxl-heading px-sub-title-default-style \">\n\t<div class=\"pxl-heading--inner\">\n\t\t\n\t\t<h3 class=\"pxl-item--title style-default highlight-default pxl-split-text split-in-right\" data-wow-delay=\"ms\">\n\n\t\t\t<span class=\"pxl-heading--text\">\n\n\t\t\t\t\t\t\t\t\tMantenimiento\t\n\t\t\t\t\t\n\n\t\t\t<\/span>\n\t\t<\/h3>\n\t\t\n\t<\/div>\n<\/div>\t\t\t\t<\/div>\n\t\t\t\t<\/div>\n\t\t\t\t<div class=\"elementor-element elementor-element-eef5719 elementor-widget elementor-widget-pxl_heading\" data-id=\"eef5719\" data-element_type=\"widget\" data-widget_type=\"pxl_heading.default\">\n\t\t\t\t<div class=\"elementor-widget-container\">\n\t\t\t\t\t\n<div id=\"pxl-pxl_heading-eef5719-3217\" class=\"pxl-heading px-sub-title-default-style \">\n\t<div class=\"pxl-heading--inner\">\n\t\t\n\t\t<h3 class=\"pxl-item--title style-default highlight-default \" data-wow-delay=\"ms\">\n\n\t\t\t<span class=\"pxl-heading--text\">\n\n\t\t\t\t\t\t\t\t\tLa cooperativa ARBEL ha cumplido 40 a\u00f1os cerca del caser\u00edo, adapt\u00e1ndose a las necesidades de nuestros socios y usuarios.\t\n\t\t\t\t\t\n\n\t\t\t<\/span>\n\t\t<\/h3>\n\t\t\n\t<\/div>\n<\/div>\t\t\t\t<\/div>\n\t\t\t\t<\/div>\n\t\t\t\t<div class=\"elementor-element elementor-element-41c7c0f elementor-widget elementor-widget-pxl_text_editor\" data-id=\"41c7c0f\" data-element_type=\"widget\" data-widget_type=\"pxl_text_editor.default\">\n\t\t\t\t<div class=\"elementor-widget-container\">\n\t\t\t\t\t<div class=\"pxl-text-editor d-flex highlight-gradient\">\n\t<div class=\"pxl-item--inner  \" data-wow-delay=\"ms\">\n\t\t<p>Adem\u00e1s del servicio de alquiler de maquinaria, hemos puesto en marcha un <strong>servicio de mantenimiento rural<\/strong> para dar respuesta a los trabajos espec\u00edficos que se realizan en cada \u00e9poca en el entorno rural y dom\u00e9stico: poda, desbrozes, huerta\u2026<\/p><p>En colaboraci\u00f3n con <a href=\"https:\/\/www.podasgipuzkoa.com\/es\">ORTUOLA<\/a> tambi\u00e9n realizamos talas de \u00e1rboles y podas en altura.<\/p><p>No lo dudes, haz tu consulta: 656789589<\/p>\t\t\n\t<\/div>\n<\/div>\t\t\t\t<\/div>\n\t\t\t\t<\/div>\n\t\t\t\t<\/div>\r\n\t\t<div class=\"elementor-element elementor-element-46e8d65 e-con-full e-flex e-con e-child \" data-id=\"46e8d65\" data-element_type=\"container\">\t\t<div class=\"elementor-element elementor-element-5c78048 elementor-widget__width-inherit elementor-widget elementor-widget-pxl_image\" data-id=\"5c78048\" data-element_type=\"widget\" data-widget_type=\"pxl_image.default\">\n\t\t\t\t<div class=\"elementor-widget-container\">\n\t\t\t\t\t<div id=\"pxl_image-5c78048-8513\" class=\"pxl-image-single pxl-disable-parallax-sm   \" data-wow-delay=\"ms\"  >\r\n    <div class=\"pxl-item--inner \" data-wow-delay=\"120ms\">\r\n                \r\n                                <div class=\"pxl-item--image\" data-parallax-value=\"\">\r\n                                                    <img fetchpriority=\"high\" decoding=\"async\" width=\"750\" height=\"750\" src=\"https:\/\/www.arbel.eus\/wp-content\/uploads\/2025\/10\/mantentze-lanak-argazkia-2-750x750-1.jpg\" class=\"no-lazyload attachment-full\" alt=\"\" \/>                                                                    <\/div>\r\n                                <\/div>\r\n<\/div>\t\t\t\t<\/div>\n\t\t\t\t<\/div>\n\t\t\t\t<\/div>\r\n\t\t\t\t\t<\/div>\r\n\t\t\t\t<\/div>\r\n\t\t<div class=\"elementor-element elementor-element-d328e68 e-flex e-con-boxed e-con e-parent \" data-id=\"d328e68\" data-element_type=\"container\">\t\t\t<div class=\"e-con-inner\">\r\n\t\t\t\t<div class=\"elementor-element elementor-element-02c9066 elementor-widget elementor-widget-image\" data-id=\"02c9066\" data-element_type=\"widget\" data-widget_type=\"image.default\">\n\t\t\t\t\t\t\t\t\t\t\t\t\t\t\t<img decoding=\"async\" width=\"1024\" height=\"1024\" src=\"https:\/\/www.arbel.eus\/wp-content\/uploads\/2025\/10\/MANTENTZE-LANAK1-1024x1024-1.png\" class=\"attachment-large size-large wp-image-11736\" alt=\"\" srcset=\"https:\/\/www.arbel.eus\/wp-content\/uploads\/2025\/10\/MANTENTZE-LANAK1-1024x1024-1.png 1024w, https:\/\/www.arbel.eus\/wp-content\/uploads\/2025\/10\/MANTENTZE-LANAK1-1024x1024-1-330x330.png 330w, https:\/\/www.arbel.eus\/wp-content\/uploads\/2025\/10\/MANTENTZE-LANAK1-1024x1024-1-417x417.png 417w, https:\/\/www.arbel.eus\/wp-content\/uploads\/2025\/10\/MANTENTZE-LANAK1-1024x1024-1-600x600.png 600w, https:\/\/www.arbel.eus\/wp-content\/uploads\/2025\/10\/MANTENTZE-LANAK1-1024x1024-1-300x300.png 300w, https:\/\/www.arbel.eus\/wp-content\/uploads\/2025\/10\/MANTENTZE-LANAK1-1024x1024-1-150x150.png 150w, https:\/\/www.arbel.eus\/wp-content\/uploads\/2025\/10\/MANTENTZE-LANAK1-1024x1024-1-768x768.png 768w, https:\/\/www.arbel.eus\/wp-content\/uploads\/2025\/10\/MANTENTZE-LANAK1-1024x1024-1-710x710.png 710w, https:\/\/www.arbel.eus\/wp-content\/uploads\/2025\/10\/MANTENTZE-LANAK1-1024x1024-1-96x96.png 96w, https:\/\/www.arbel.eus\/wp-content\/uploads\/2025\/10\/MANTENTZE-LANAK1-1024x1024-1-460x460.png 460w\" sizes=\"(max-width: 1024px) 100vw, 1024px\" \/>\t\t\t\t\t\t\t\t\t\t\t\t\t\t\t<\/div>\n\t\t\t\t\t<\/div>\r\n\t\t\t\t<\/div>\r\n\t\t            <\/div>\r\n        <\/div>\r\n        \t\t\t<\/div>\n\t\t<\/section>\n\t\t\t\t<\/div>\n\t\t","protected":false},"excerpt":{"rendered":"<p>Mantenimiento La cooperativa ARBEL ha cumplido 40 a\u00f1os cerca del caser\u00edo, adapt\u00e1ndose a las necesidades de nuestros socios y usuarios. Adem\u00e1s del servicio de alquiler de maquinaria, hemos puesto en marcha un servicio de mantenimiento rural para dar respuesta a los trabajos espec\u00edficos que se realizan en cada \u00e9poca en el entorno rural y dom\u00e9stico: [&hellip;]<\/p>\n","protected":false},"author":1,"featured_media":0,"parent":11720,"menu_order":0,"comment_status":"closed","ping_status":"closed","template":"","meta":{"footnotes":""},"class_list":["post-11834","page","type-page","status-publish","hentry"],"jetpack_sharing_enabled":true,"_links":{"self":[{"href":"https:\/\/www.arbel.eus\/es\/wp-json\/wp\/v2\/pages\/11834","targetHints":{"allow":["GET"]}}],"collection":[{"href":"https:\/\/www.arbel.eus\/es\/wp-json\/wp\/v2\/pages"}],"about":[{"href":"https:\/\/www.arbel.eus\/es\/wp-json\/wp\/v2\/types\/page"}],"author":[{"embeddable":true,"href":"https:\/\/www.arbel.eus\/es\/wp-json\/wp\/v2\/users\/1"}],"replies":[{"embeddable":true,"href":"https:\/\/www.arbel.eus\/es\/wp-json\/wp\/v2\/comments?post=11834"}],"version-history":[{"count":10,"href":"https:\/\/www.arbel.eus\/es\/wp-json\/wp\/v2\/pages\/11834\/revisions"}],"predecessor-version":[{"id":12420,"href":"https:\/\/www.arbel.eus\/es\/wp-json\/wp\/v2\/pages\/11834\/revisions\/12420"}],"up":[{"embeddable":true,"href":"https:\/\/www.arbel.eus\/es\/wp-json\/wp\/v2\/pages\/11720"}],"wp:attachment":[{"href":"https:\/\/www.arbel.eus\/es\/wp-json\/wp\/v2\/media?parent=11834"}],"curies":[{"name":"wp","href":"https:\/\/api.w.org\/{rel}","templated":true}]}}