{"id":11901,"date":"2024-09-05T17:29:25","date_gmt":"2024-09-05T16:29:25","guid":{"rendered":"https:\/\/www.arbel.eus\/gutaz\/"},"modified":"2026-02-19T13:21:45","modified_gmt":"2026-02-19T12:21:45","slug":"sobre-nosotros","status":"publish","type":"page","link":"https:\/\/www.arbel.eus\/es\/sobre-nosotros\/","title":{"rendered":"Sobre nosotros"},"content":{"rendered":"\t\t<div data-elementor-type=\"wp-page\" data-elementor-id=\"11901\" class=\"elementor elementor-11901 elementor-1131\" data-elementor-post-type=\"page\">\n\t\t\t\t        <section class=\"elementor-section elementor-top-section elementor-element elementor-element-14cf229 elementor-section-stretched elementor-section-boxed elementor-section-height-default elementor-section-height-default pxl-row-scroll-none pxl-zoom-point-false pxl-section-overflow-visible pxl-section-fix-none pxl-bg-color-none pxl-section-overlay-none\" data-id=\"14cf229\" data-element_type=\"section\" data-settings=\"{&quot;stretch_section&quot;:&quot;section-stretched&quot;,&quot;background_background&quot;:&quot;classic&quot;}\">\n\n                \n                <div class=\"elementor-container elementor-column-gap-extended \">\n                <div class=\"elementor-column elementor-col-100 elementor-top-column elementor-element elementor-element-b53a007 pxl-column-none pxl-column-overflow-hidden-no\" data-id=\"b53a007\" data-element_type=\"column\">\r\n        <div class=\"elementor-widget-wrap\">\r\n                     \r\n                    <\/div>\r\n        <\/div>\r\n        \t\t\t<\/div>\n\t\t<\/section>\n\t\t        <section class=\"elementor-section elementor-top-section elementor-element elementor-element-e02aedc elementor-section-full_width elementor-section-stretched pxl-full-content-with-space-start elementor-section-height-default elementor-section-height-default pxl-row-scroll-none pxl-zoom-point-false pxl-section-overflow-visible pxl-section-fix-none pxl-bg-color-none pxl-section-overlay-none\" data-id=\"e02aedc\" data-element_type=\"section\" data-settings=\"{&quot;stretch_section&quot;:&quot;section-stretched&quot;,&quot;background_background&quot;:&quot;classic&quot;}\" style=\"padding-left: calc( (100% - 1509px)\/2);\">\n\n                \n                <div class=\"elementor-container elementor-column-gap-extended \">\n                <div class=\"elementor-column elementor-col-100 elementor-top-column elementor-element elementor-element-bb271f0 pxl-column-none pxl-column-overflow-hidden-no\" data-id=\"bb271f0\" data-element_type=\"column\" data-settings=\"{&quot;background_background&quot;:&quot;classic&quot;}\">\r\n        <div class=\"elementor-widget-wrap elementor-element-populated\">\r\n                     \r\n        <div class=\"elementor-element elementor-element-6ddca5c e-flex e-con-boxed e-con e-parent \" data-id=\"6ddca5c\" data-element_type=\"container\">\t\t\t<div class=\"e-con-inner\">\r\n\t\t<div class=\"elementor-element elementor-element-a3de6c9 e-con-full e-flex e-con e-child \" data-id=\"a3de6c9\" data-element_type=\"container\">\t\t<div class=\"elementor-element elementor-element-532e2b3 elementor-widget elementor-widget-pxl_heading\" data-id=\"532e2b3\" data-element_type=\"widget\" data-widget_type=\"pxl_heading.default\">\n\t\t\t\t<div class=\"elementor-widget-container\">\n\t\t\t\t\t\n<div id=\"pxl-pxl_heading-532e2b3-3424\" class=\"pxl-heading px-sub-title-default-style \">\n\t<div class=\"pxl-heading--inner\">\n\t\t\n\t\t<h3 class=\"pxl-item--title style-default highlight-default pxl-split-text split-in-right\" data-wow-delay=\"ms\">\n\n\t\t\t<span class=\"pxl-heading--text\">\n\n\t\t\t\t\t\t\t\t\tGerminando la semilla  sembrada en colaboraci\u00f3n y creada desde los caser\u00edos\t\n\t\t\t\t\t\n\n\t\t\t<\/span>\n\t\t<\/h3>\n\t\t\n\t<\/div>\n<\/div>\t\t\t\t<\/div>\n\t\t\t\t<\/div>\n\t\t\t\t<div class=\"elementor-element elementor-element-aef490b elementor-widget elementor-widget-pxl_heading\" data-id=\"aef490b\" data-element_type=\"widget\" data-widget_type=\"pxl_heading.default\">\n\t\t\t\t<div class=\"elementor-widget-container\">\n\t\t\t\t\t\n<div id=\"pxl-pxl_heading-aef490b-1113\" class=\"pxl-heading px-sub-title-default-style \">\n\t<div class=\"pxl-heading--inner\">\n\t\t\n\t\t<h3 class=\"pxl-item--title style-default highlight-default \" data-wow-delay=\"ms\">\n\n\t\t\t<span class=\"pxl-heading--text\">\n\n\t\t\t\t\t\t\t\t\tARBEL SAT (Sociedad Agraria de Transformacion) se constituyo reuniendo un representante de cada uno de los 90 caser\u00edos que formaron la asociaci\u00f3n de baserritarras de Aramaio en la d\u00e9cada de los 80.\t\n\t\t\t\t\t\n\n\t\t\t<\/span>\n\t\t<\/h3>\n\t\t\n\t<\/div>\n<\/div>\t\t\t\t<\/div>\n\t\t\t\t<\/div>\n\t\t\t\t<div class=\"elementor-element elementor-element-5a6a2d4 elementor-widget elementor-widget-pxl_text_editor\" data-id=\"5a6a2d4\" data-element_type=\"widget\" data-widget_type=\"pxl_text_editor.default\">\n\t\t\t\t<div class=\"elementor-widget-container\">\n\t\t\t\t\t<div class=\"pxl-text-editor d-flex highlight-gradient\">\n\t<div class=\"pxl-item--inner  \" data-wow-delay=\"ms\">\n\t\t<p>El objetivo principal era elaborar un pienso para ganado y un forraje colaborativo y participar conjuntamente en campa\u00f1as y programas de mejora de la actividad ganadera de Aramaio.<\/p><p>En 1984 construimos el actual pabell\u00f3n de ARBEL y comenzamos a elaborar pienso. Al principio se hac\u00eda pienso para los socios, pero pronto empezamos a repartir tambi\u00e9n para los baserritarras de Aramaio y de los pueblos de alrededor.<\/p>\t\t\n\t<\/div>\n<\/div>\t\t\t\t<\/div>\n\t\t\t\t<\/div>\n\t\t\t\t<\/div>\r\n\t\t<div class=\"elementor-element elementor-element-1a21afd e-con-full e-flex e-con e-child \" data-id=\"1a21afd\" data-element_type=\"container\">\t\t<div class=\"elementor-element elementor-element-f1f9bb6 elementor-widget__width-initial elementor-widget-laptop__width-initial elementor-widget elementor-widget-pxl_image\" data-id=\"f1f9bb6\" data-element_type=\"widget\" data-widget_type=\"pxl_image.default\">\n\t\t\t\t<div class=\"elementor-widget-container\">\n\t\t\t\t\t<div id=\"pxl_image-f1f9bb6-5101\" class=\"pxl-image-single pxl-disable-parallax-sm   \" data-wow-delay=\"ms\"  >\r\n    <div class=\"pxl-item--inner \" data-wow-delay=\"120ms\">\r\n                \r\n                                <div class=\"pxl-item--image\" data-parallax-value=\"\">\r\n                                                    <img fetchpriority=\"high\" decoding=\"async\" width=\"1280\" height=\"960\" src=\"https:\/\/www.arbel.eus\/wp-content\/uploads\/2026\/02\/arbel-taldea-1.jpg\" class=\"no-lazyload attachment-full\" alt=\"\" \/>                                                                    <\/div>\r\n                                <\/div>\r\n<\/div>\t\t\t\t<\/div>\n\t\t\t\t<\/div>\n\t\t<div class=\"elementor-element elementor-element-f2a5fc3 e-con-full e-flex e-con e-child \" data-id=\"f2a5fc3\" data-element_type=\"container\">\t\t<div class=\"elementor-element elementor-element-a8c7412 elementor-widget__width-initial elementor-widget-laptop__width-initial elementor-widget elementor-widget-pxl_list\" data-id=\"a8c7412\" data-element_type=\"widget\" data-widget_type=\"pxl_list.default\">\n\t\t\t\t<div class=\"elementor-widget-container\">\n\t\t\t\t\t<div class=\"pxl-list pxl-list1 wow fadeInRight\" data-wow-delay=\"ms\">\r\n                    <div class=\"pxl--item\">\r\n            <div class=\"pxl-item--meta\">\r\n                                    <div class=\"pxl-item--icon \">\r\n                        <svg xmlns=\"http:\/\/www.w3.org\/2000\/svg\" width=\"20\" height=\"20\" viewBox=\"0 0 20 20\" fill=\"none\"><g id=\"right-arrow 1\"><path id=\"Vector\" fill-rule=\"evenodd\" clip-rule=\"evenodd\" d=\"M18.4828 10.0221C18.4828 9.21132 18.1467 8.52659 17.622 7.83893C17.1167 7.17659 16.3744 6.43426 15.4534 5.5133L14.0326 4.09251C13.1117 3.17151 12.3693 2.42916 11.707 1.92382C11.0193 1.39914 10.3345 1.06311 9.52384 1.06311C8.71315 1.06311 8.02841 1.39914 7.34076 1.92382C6.67842 2.42916 5.9361 3.1715 5.01514 4.09249L3.59435 5.51328C2.67335 6.43425 1.931 7.17659 1.42564 7.83893C0.900973 8.52659 0.564941 9.21132 0.564941 10.0221C0.564941 10.8327 0.900973 11.5175 1.42564 12.2051C1.931 12.8675 2.67335 13.6098 3.59435 14.5307L5.01511 15.9515C5.93608 16.8725 6.67841 17.6149 7.34076 18.1202C8.02841 18.6449 8.71315 18.9809 9.52384 18.9809C10.3345 18.9809 11.0193 18.6449 11.707 18.1202C12.3693 17.6149 13.1117 16.8725 14.0326 15.9516L15.4534 14.5308C16.3743 13.6098 17.1167 12.8675 17.622 12.2051C18.1467 11.5175 18.4828 10.8327 18.4828 10.0221ZM13.8383 10.5271C14.1173 10.2481 14.1173 9.79586 13.8383 9.51695L10.9812 6.65981C10.7022 6.38085 10.25 6.38085 9.97108 6.65981C9.69213 6.93875 9.69213 7.39101 9.97108 7.66996L11.6088 9.30772H6.47612C6.08163 9.30772 5.76183 9.62748 5.76183 10.0221C5.76183 10.4165 6.08163 10.7363 6.47612 10.7363H11.6088L9.97108 12.3741C9.69213 12.653 9.69213 13.1053 9.97108 13.3842C10.25 13.6632 10.7022 13.6632 10.9812 13.3842L13.8383 10.5271Z\" fill=\"#FCB300\"><\/path><\/g><\/svg>                    <\/div>\r\n                                            <\/div>\r\n                            <div class=\"pxl-item--content\">\r\n                    <label class=\"pxl-empty\"><\/label>\r\n                                            <div class=\"pxl-content\"><a  href=\"\/es\/categoria-producto\/animales\/\"> Productos para animales<\/a><\/div>\r\n                                <\/div>\r\n            <\/div>\r\n                <div class=\"pxl--item\">\r\n            <div class=\"pxl-item--meta\">\r\n                                    <div class=\"pxl-item--icon \">\r\n                        <svg xmlns=\"http:\/\/www.w3.org\/2000\/svg\" width=\"20\" height=\"20\" viewBox=\"0 0 20 20\" fill=\"none\"><g id=\"right-arrow 1\"><path id=\"Vector\" fill-rule=\"evenodd\" clip-rule=\"evenodd\" d=\"M18.4828 10.0221C18.4828 9.21132 18.1467 8.52659 17.622 7.83893C17.1167 7.17659 16.3744 6.43426 15.4534 5.5133L14.0326 4.09251C13.1117 3.17151 12.3693 2.42916 11.707 1.92382C11.0193 1.39914 10.3345 1.06311 9.52384 1.06311C8.71315 1.06311 8.02841 1.39914 7.34076 1.92382C6.67842 2.42916 5.9361 3.1715 5.01514 4.09249L3.59435 5.51328C2.67335 6.43425 1.931 7.17659 1.42564 7.83893C0.900973 8.52659 0.564941 9.21132 0.564941 10.0221C0.564941 10.8327 0.900973 11.5175 1.42564 12.2051C1.931 12.8675 2.67335 13.6098 3.59435 14.5307L5.01511 15.9515C5.93608 16.8725 6.67841 17.6149 7.34076 18.1202C8.02841 18.6449 8.71315 18.9809 9.52384 18.9809C10.3345 18.9809 11.0193 18.6449 11.707 18.1202C12.3693 17.6149 13.1117 16.8725 14.0326 15.9516L15.4534 14.5308C16.3743 13.6098 17.1167 12.8675 17.622 12.2051C18.1467 11.5175 18.4828 10.8327 18.4828 10.0221ZM13.8383 10.5271C14.1173 10.2481 14.1173 9.79586 13.8383 9.51695L10.9812 6.65981C10.7022 6.38085 10.25 6.38085 9.97108 6.65981C9.69213 6.93875 9.69213 7.39101 9.97108 7.66996L11.6088 9.30772H6.47612C6.08163 9.30772 5.76183 9.62748 5.76183 10.0221C5.76183 10.4165 6.08163 10.7363 6.47612 10.7363H11.6088L9.97108 12.3741C9.69213 12.653 9.69213 13.1053 9.97108 13.3842C10.25 13.6632 10.7022 13.6632 10.9812 13.3842L13.8383 10.5271Z\" fill=\"#FCB300\"><\/path><\/g><\/svg>                    <\/div>\r\n                                            <\/div>\r\n                            <div class=\"pxl-item--content\">\r\n                    <label class=\"pxl-empty\"><\/label>\r\n                                            <div class=\"pxl-content\"><a  href=\"\/es\/categoria-producto\/huerta\/\"> Productos de la huerta<\/a><\/div>\r\n                                <\/div>\r\n            <\/div>\r\n                <div class=\"pxl--item\">\r\n            <div class=\"pxl-item--meta\">\r\n                                    <div class=\"pxl-item--icon \">\r\n                        <svg xmlns=\"http:\/\/www.w3.org\/2000\/svg\" width=\"20\" height=\"20\" viewBox=\"0 0 20 20\" fill=\"none\"><g id=\"right-arrow 1\"><path id=\"Vector\" fill-rule=\"evenodd\" clip-rule=\"evenodd\" d=\"M18.4828 10.0221C18.4828 9.21132 18.1467 8.52659 17.622 7.83893C17.1167 7.17659 16.3744 6.43426 15.4534 5.5133L14.0326 4.09251C13.1117 3.17151 12.3693 2.42916 11.707 1.92382C11.0193 1.39914 10.3345 1.06311 9.52384 1.06311C8.71315 1.06311 8.02841 1.39914 7.34076 1.92382C6.67842 2.42916 5.9361 3.1715 5.01514 4.09249L3.59435 5.51328C2.67335 6.43425 1.931 7.17659 1.42564 7.83893C0.900973 8.52659 0.564941 9.21132 0.564941 10.0221C0.564941 10.8327 0.900973 11.5175 1.42564 12.2051C1.931 12.8675 2.67335 13.6098 3.59435 14.5307L5.01511 15.9515C5.93608 16.8725 6.67841 17.6149 7.34076 18.1202C8.02841 18.6449 8.71315 18.9809 9.52384 18.9809C10.3345 18.9809 11.0193 18.6449 11.707 18.1202C12.3693 17.6149 13.1117 16.8725 14.0326 15.9516L15.4534 14.5308C16.3743 13.6098 17.1167 12.8675 17.622 12.2051C18.1467 11.5175 18.4828 10.8327 18.4828 10.0221ZM13.8383 10.5271C14.1173 10.2481 14.1173 9.79586 13.8383 9.51695L10.9812 6.65981C10.7022 6.38085 10.25 6.38085 9.97108 6.65981C9.69213 6.93875 9.69213 7.39101 9.97108 7.66996L11.6088 9.30772H6.47612C6.08163 9.30772 5.76183 9.62748 5.76183 10.0221C5.76183 10.4165 6.08163 10.7363 6.47612 10.7363H11.6088L9.97108 12.3741C9.69213 12.653 9.69213 13.1053 9.97108 13.3842C10.25 13.6632 10.7022 13.6632 10.9812 13.3842L13.8383 10.5271Z\" fill=\"#FCB300\"><\/path><\/g><\/svg>                    <\/div>\r\n                                            <\/div>\r\n                            <div class=\"pxl-item--content\">\r\n                    <label class=\"pxl-empty\"><\/label>\r\n                                            <div class=\"pxl-content\"><a  href=\"\/es\/categoria-producto\/ropa-tecnica-de-trabajo\/\"> Ropa t\u00e9cnica de trabajo<\/a><\/div>\r\n                                <\/div>\r\n            <\/div>\r\n<\/div>\r\n\t\t\t\t<\/div>\n\t\t\t\t<\/div>\n\t\t\t\t<div class=\"elementor-element elementor-element-36d741c elementor-widget__width-initial elementor-widget-laptop__width-initial elementor-widget elementor-widget-pxl_list\" data-id=\"36d741c\" data-element_type=\"widget\" data-widget_type=\"pxl_list.default\">\n\t\t\t\t<div class=\"elementor-widget-container\">\n\t\t\t\t\t<div class=\"pxl-list pxl-list1 wow fadeInRight\" data-wow-delay=\"ms\">\r\n                    <div class=\"pxl--item\">\r\n            <div class=\"pxl-item--meta\">\r\n                                    <div class=\"pxl-item--icon \">\r\n                        <svg xmlns=\"http:\/\/www.w3.org\/2000\/svg\" width=\"20\" height=\"20\" viewBox=\"0 0 20 20\" fill=\"none\"><g id=\"right-arrow 1\"><path id=\"Vector\" fill-rule=\"evenodd\" clip-rule=\"evenodd\" d=\"M18.4828 10.0221C18.4828 9.21132 18.1467 8.52659 17.622 7.83893C17.1167 7.17659 16.3744 6.43426 15.4534 5.5133L14.0326 4.09251C13.1117 3.17151 12.3693 2.42916 11.707 1.92382C11.0193 1.39914 10.3345 1.06311 9.52384 1.06311C8.71315 1.06311 8.02841 1.39914 7.34076 1.92382C6.67842 2.42916 5.9361 3.1715 5.01514 4.09249L3.59435 5.51328C2.67335 6.43425 1.931 7.17659 1.42564 7.83893C0.900973 8.52659 0.564941 9.21132 0.564941 10.0221C0.564941 10.8327 0.900973 11.5175 1.42564 12.2051C1.931 12.8675 2.67335 13.6098 3.59435 14.5307L5.01511 15.9515C5.93608 16.8725 6.67841 17.6149 7.34076 18.1202C8.02841 18.6449 8.71315 18.9809 9.52384 18.9809C10.3345 18.9809 11.0193 18.6449 11.707 18.1202C12.3693 17.6149 13.1117 16.8725 14.0326 15.9516L15.4534 14.5308C16.3743 13.6098 17.1167 12.8675 17.622 12.2051C18.1467 11.5175 18.4828 10.8327 18.4828 10.0221ZM13.8383 10.5271C14.1173 10.2481 14.1173 9.79586 13.8383 9.51695L10.9812 6.65981C10.7022 6.38085 10.25 6.38085 9.97108 6.65981C9.69213 6.93875 9.69213 7.39101 9.97108 7.66996L11.6088 9.30772H6.47612C6.08163 9.30772 5.76183 9.62748 5.76183 10.0221C5.76183 10.4165 6.08163 10.7363 6.47612 10.7363H11.6088L9.97108 12.3741C9.69213 12.653 9.69213 13.1053 9.97108 13.3842C10.25 13.6632 10.7022 13.6632 10.9812 13.3842L13.8383 10.5271Z\" fill=\"#FCB300\"><\/path><\/g><\/svg>                    <\/div>\r\n                                            <\/div>\r\n                            <div class=\"pxl-item--content\">\r\n                    <label class=\"pxl-empty\"><\/label>\r\n                                            <div class=\"pxl-content\"><a  href=\"\/es\/categoria-producto\/poda\/\"> Producto para poda<\/a><\/div>\r\n                                <\/div>\r\n            <\/div>\r\n                <div class=\"pxl--item\">\r\n            <div class=\"pxl-item--meta\">\r\n                                    <div class=\"pxl-item--icon \">\r\n                        <svg xmlns=\"http:\/\/www.w3.org\/2000\/svg\" width=\"20\" height=\"20\" viewBox=\"0 0 20 20\" fill=\"none\"><g id=\"right-arrow 1\"><path id=\"Vector\" fill-rule=\"evenodd\" clip-rule=\"evenodd\" d=\"M18.4828 10.0221C18.4828 9.21132 18.1467 8.52659 17.622 7.83893C17.1167 7.17659 16.3744 6.43426 15.4534 5.5133L14.0326 4.09251C13.1117 3.17151 12.3693 2.42916 11.707 1.92382C11.0193 1.39914 10.3345 1.06311 9.52384 1.06311C8.71315 1.06311 8.02841 1.39914 7.34076 1.92382C6.67842 2.42916 5.9361 3.1715 5.01514 4.09249L3.59435 5.51328C2.67335 6.43425 1.931 7.17659 1.42564 7.83893C0.900973 8.52659 0.564941 9.21132 0.564941 10.0221C0.564941 10.8327 0.900973 11.5175 1.42564 12.2051C1.931 12.8675 2.67335 13.6098 3.59435 14.5307L5.01511 15.9515C5.93608 16.8725 6.67841 17.6149 7.34076 18.1202C8.02841 18.6449 8.71315 18.9809 9.52384 18.9809C10.3345 18.9809 11.0193 18.6449 11.707 18.1202C12.3693 17.6149 13.1117 16.8725 14.0326 15.9516L15.4534 14.5308C16.3743 13.6098 17.1167 12.8675 17.622 12.2051C18.1467 11.5175 18.4828 10.8327 18.4828 10.0221ZM13.8383 10.5271C14.1173 10.2481 14.1173 9.79586 13.8383 9.51695L10.9812 6.65981C10.7022 6.38085 10.25 6.38085 9.97108 6.65981C9.69213 6.93875 9.69213 7.39101 9.97108 7.66996L11.6088 9.30772H6.47612C6.08163 9.30772 5.76183 9.62748 5.76183 10.0221C5.76183 10.4165 6.08163 10.7363 6.47612 10.7363H11.6088L9.97108 12.3741C9.69213 12.653 9.69213 13.1053 9.97108 13.3842C10.25 13.6632 10.7022 13.6632 10.9812 13.3842L13.8383 10.5271Z\" fill=\"#FCB300\"><\/path><\/g><\/svg>                    <\/div>\r\n                                            <\/div>\r\n                            <div class=\"pxl-item--content\">\r\n                    <label class=\"pxl-empty\"><\/label>\r\n                                            <div class=\"pxl-content\"><a  href=\"\/es\/categoria-producto\/trabajos-verticales\/\"> Trabajos verticales<\/a><\/div>\r\n                                <\/div>\r\n            <\/div>\r\n<\/div>\r\n\t\t\t\t<\/div>\n\t\t\t\t<\/div>\n\t\t\t\t<\/div>\r\n\t\t\t\t<\/div>\r\n\t\t\t\t\t<\/div>\r\n\t\t\t\t<\/div>\r\n\t\t            <\/div>\r\n        <\/div>\r\n        \t\t\t<\/div>\n\t\t<\/section>\n\t\t        <section class=\"elementor-section elementor-top-section elementor-element elementor-element-5ee5422 elementor-section-stretched elementor-section-height-min-height elementor-section-boxed elementor-section-height-default elementor-section-items-middle pxl-row-scroll-none pxl-zoom-point-false pxl-section-overflow-visible pxl-section-fix-none pxl-bg-color-none pxl-section-overlay-none\" data-id=\"5ee5422\" data-element_type=\"section\" data-settings=\"{&quot;stretch_section&quot;:&quot;section-stretched&quot;,&quot;background_background&quot;:&quot;classic&quot;}\">\n\n                \n        <div class=\"pxl-section-bg-parallax\" data-parallax=\"{&quot;x&quot;:-20}\"><\/div>        <div class=\"elementor-container elementor-column-gap-extended \">\n                <div class=\"elementor-column elementor-col-100 elementor-top-column elementor-element elementor-element-c776892 pxl-column-none pxl-column-overflow-hidden-no\" data-id=\"c776892\" data-element_type=\"column\">\r\n        <div class=\"elementor-widget-wrap\">\r\n                     \r\n                    <\/div>\r\n        <\/div>\r\n        \t\t\t<\/div>\n\t\t<\/section>\n\t\t\t\t<\/div>\n\t\t","protected":false},"excerpt":{"rendered":"<p>Germinando la semilla sembrada en colaboraci\u00f3n y creada desde los caser\u00edos ARBEL SAT (Sociedad Agraria de Transformacion) se constituyo reuniendo un representante de cada uno de los 90 caser\u00edos que formaron la asociaci\u00f3n de baserritarras de Aramaio en la d\u00e9cada de los 80. El objetivo principal era elaborar un pienso para ganado y un forraje [&hellip;]<\/p>\n","protected":false},"author":1,"featured_media":0,"parent":0,"menu_order":0,"comment_status":"closed","ping_status":"closed","template":"","meta":{"footnotes":""},"class_list":["post-11901","page","type-page","status-publish","hentry"],"jetpack_sharing_enabled":true,"_links":{"self":[{"href":"https:\/\/www.arbel.eus\/es\/wp-json\/wp\/v2\/pages\/11901","targetHints":{"allow":["GET"]}}],"collection":[{"href":"https:\/\/www.arbel.eus\/es\/wp-json\/wp\/v2\/pages"}],"about":[{"href":"https:\/\/www.arbel.eus\/es\/wp-json\/wp\/v2\/types\/page"}],"author":[{"embeddable":true,"href":"https:\/\/www.arbel.eus\/es\/wp-json\/wp\/v2\/users\/1"}],"replies":[{"embeddable":true,"href":"https:\/\/www.arbel.eus\/es\/wp-json\/wp\/v2\/comments?post=11901"}],"version-history":[{"count":22,"href":"https:\/\/www.arbel.eus\/es\/wp-json\/wp\/v2\/pages\/11901\/revisions"}],"predecessor-version":[{"id":12752,"href":"https:\/\/www.arbel.eus\/es\/wp-json\/wp\/v2\/pages\/11901\/revisions\/12752"}],"wp:attachment":[{"href":"https:\/\/www.arbel.eus\/es\/wp-json\/wp\/v2\/media?parent=11901"}],"curies":[{"name":"wp","href":"https:\/\/api.w.org\/{rel}","templated":true}]}}