{"id":12758,"date":"2026-04-09T08:58:56","date_gmt":"2026-04-09T07:58:56","guid":{"rendered":"https:\/\/www.arbel.eus\/?page_id=12758"},"modified":"2026-04-09T09:31:34","modified_gmt":"2026-04-09T08:31:34","slug":"normas-de-uso","status":"publish","type":"page","link":"https:\/\/www.arbel.eus\/es\/normas-de-uso\/","title":{"rendered":"Normas de uso"},"content":{"rendered":"\t\t<div data-elementor-type=\"wp-page\" data-elementor-id=\"12758\" class=\"elementor elementor-12758\" data-elementor-post-type=\"page\">\n\t\t\t\t        <section class=\"elementor-section elementor-top-section elementor-element elementor-element-14cf229 elementor-section-stretched elementor-section-boxed elementor-section-height-default elementor-section-height-default pxl-row-scroll-none pxl-zoom-point-false pxl-section-overflow-visible pxl-section-fix-none pxl-bg-color-none pxl-section-overlay-none\" data-id=\"14cf229\" data-element_type=\"section\" data-settings=\"{&quot;stretch_section&quot;:&quot;section-stretched&quot;,&quot;background_background&quot;:&quot;classic&quot;}\">\n\n                \n                <div class=\"elementor-container elementor-column-gap-extended \">\n                <div class=\"elementor-column elementor-col-100 elementor-top-column elementor-element elementor-element-b53a007 pxl-column-none pxl-column-overflow-hidden-no\" data-id=\"b53a007\" data-element_type=\"column\">\r\n        <div class=\"elementor-widget-wrap elementor-element-populated\">\r\n                     \r\n                <section class=\"elementor-section elementor-inner-section elementor-element elementor-element-c03bdf2 elementor-section-boxed elementor-section-height-default elementor-section-height-default pxl-row-scroll-none pxl-zoom-point-false pxl-section-overflow-visible pxl-section-fix-none pxl-bg-color-none pxl-section-overlay-none\" data-id=\"c03bdf2\" data-element_type=\"section\">\n\n                \n                <div class=\"elementor-container elementor-column-gap-extended \">\n                <div class=\"elementor-column elementor-col-100 elementor-inner-column elementor-element elementor-element-01bd187 pxl-column-none pxl-column-overflow-hidden-no\" data-id=\"01bd187\" data-element_type=\"column\">\r\n        <div class=\"elementor-widget-wrap elementor-element-populated\">\r\n                     \r\n        \t\t<div class=\"elementor-element elementor-element-dca8309 elementor-widget elementor-widget-pxl_heading\" data-id=\"dca8309\" data-element_type=\"widget\" data-widget_type=\"pxl_heading.default\">\n\t\t\t\t<div class=\"elementor-widget-container\">\n\t\t\t\t\t\n<div id=\"pxl-pxl_heading-dca8309-9070\" class=\"pxl-heading px-sub-title-default-style \">\n\t<div class=\"pxl-heading--inner\">\n\t\t\n\t\t<h3 class=\"pxl-item--title style-default highlight-default pxl-split-text split-in-right\" data-wow-delay=\"ms\">\n\n\t\t\t<span class=\"pxl-heading--text\">\n\n\t\t\t\t\t\t\t\t\tNormas de uso\t\n\t\t\t\t\t\n\n\t\t\t<\/span>\n\t\t<\/h3>\n\t\t\n\t<\/div>\n<\/div>\t\t\t\t<\/div>\n\t\t\t\t<\/div>\n\t\t\t\t<div class=\"elementor-element elementor-element-540fa6d elementor-widget elementor-widget-pxl_heading\" data-id=\"540fa6d\" data-element_type=\"widget\" data-widget_type=\"pxl_heading.default\">\n\t\t\t\t<div class=\"elementor-widget-container\">\n\t\t\t\t\t\n<div id=\"pxl-pxl_heading-540fa6d-1966\" class=\"pxl-heading px-sub-title-default-style \">\n\t<div class=\"pxl-heading--inner\">\n\t\t\n\t\t<h3 class=\"pxl-item--title style-default highlight-default \" data-wow-delay=\"ms\">\n\n\t\t\t<span class=\"pxl-heading--text\">\n\n\t\t\t\t\t\t\t\t\t1. Informaci\u00f3n general\t\n\t\t\t\t\t\n\n\t\t\t<\/span>\n\t\t<\/h3>\n\t\t\n\t<\/div>\n<\/div>\t\t\t\t<\/div>\n\t\t\t\t<\/div>\n\t\t\t\t<div class=\"elementor-element elementor-element-93525b1 elementor-widget elementor-widget-pxl_text_editor\" data-id=\"93525b1\" data-element_type=\"widget\" data-widget_type=\"pxl_text_editor.default\">\n\t\t\t\t<div class=\"elementor-widget-container\">\n\t\t\t\t\t<div class=\"pxl-text-editor d-flex highlight-gradient\">\n\t<div class=\"pxl-item--inner  \" data-wow-delay=\"ms\">\n\t\t<p>La titularidad de este sitio web www.arbel.eus, (en adelante Sitio Web) la ostenta: ARBEL KOOPERATIBA SOZIETATEA (en adelante ARBEL), provista de NIF: F01027523 cuyos datos de contacto son:<\/p>\t\t\n\t<\/div>\n<\/div>\t\t\t\t<\/div>\n\t\t\t\t<\/div>\n\t\t\t\t<div class=\"elementor-element elementor-element-4256e58 elementor-widget elementor-widget-pxl_text_editor\" data-id=\"4256e58\" data-element_type=\"widget\" data-widget_type=\"pxl_text_editor.default\">\n\t\t\t\t<div class=\"elementor-widget-container\">\n\t\t\t\t\t<div class=\"pxl-text-editor d-flex highlight-gradient\">\n\t<div class=\"pxl-item--inner  \" data-wow-delay=\"ms\">\n\t\t<ul>\n<li>Direcci\u00f3n: ERROTABARRI 1, 01160 ARAMAIO<\/li>\n<li>Tel\u00e9fono de contacto: <a href=\"tel:+34656789589\">656789589<\/a><\/li>\n<li>Email de contacto: <a href=\"mailto:web@arbel.eus\">web@arbel.eus<\/a><\/li>\n<\/ul>\t\t\n\t<\/div>\n<\/div>\t\t\t\t<\/div>\n\t\t\t\t<\/div>\n\t\t\t\t<div class=\"elementor-element elementor-element-6e35b3b elementor-widget elementor-widget-pxl_text_editor\" data-id=\"6e35b3b\" data-element_type=\"widget\" data-widget_type=\"pxl_text_editor.default\">\n\t\t\t\t<div class=\"elementor-widget-container\">\n\t\t\t\t\t<div class=\"pxl-text-editor d-flex highlight-gradient\">\n\t<div class=\"pxl-item--inner  \" data-wow-delay=\"ms\">\n\t\tEste documento (as\u00ed como otros documentos que aqu\u00ed se mencionen) regula las condiciones por las que se rige el uso de este Sitio Web (www.arbel.eus) y la compra o adquisici\u00f3n de productos y\/o servicios en el mismo (en adelante, Condiciones).\t\t\n\t<\/div>\n<\/div>\t\t\t\t<\/div>\n\t\t\t\t<\/div>\n\t\t\t\t<div class=\"elementor-element elementor-element-6cf8843 elementor-widget elementor-widget-pxl_text_editor\" data-id=\"6cf8843\" data-element_type=\"widget\" data-widget_type=\"pxl_text_editor.default\">\n\t\t\t\t<div class=\"elementor-widget-container\">\n\t\t\t\t\t<div class=\"pxl-text-editor d-flex highlight-gradient\">\n\t<div class=\"pxl-item--inner  \" data-wow-delay=\"ms\">\n\t\tA efectos de estas Condiciones se entiende que la actividad que ARBEL desarrolla a trav\u00e9s del Sitio Web comprende:\t\t\n\t<\/div>\n<\/div>\t\t\t\t<\/div>\n\t\t\t\t<\/div>\n\t\t\t\t<div class=\"elementor-element elementor-element-1f3394f elementor-widget elementor-widget-pxl_text_editor\" data-id=\"1f3394f\" data-element_type=\"widget\" data-widget_type=\"pxl_text_editor.default\">\n\t\t\t\t<div class=\"elementor-widget-container\">\n\t\t\t\t\t<div class=\"pxl-text-editor d-flex highlight-gradient\">\n\t<div class=\"pxl-item--inner  \" data-wow-delay=\"ms\">\n\t\tComercializaci\u00f3n de equipos de protecci\u00f3n para trabajos forestales, cerramientos para ganader\u00eda, herramientas para poda, tutores y mallas para trabajos hor\u00edcolas&#8230;\t\t\n\t<\/div>\n<\/div>\t\t\t\t<\/div>\n\t\t\t\t<\/div>\n\t\t\t\t<div class=\"elementor-element elementor-element-05d6130 elementor-widget elementor-widget-pxl_text_editor\" data-id=\"05d6130\" data-element_type=\"widget\" data-widget_type=\"pxl_text_editor.default\">\n\t\t\t\t<div class=\"elementor-widget-container\">\n\t\t\t\t\t<div class=\"pxl-text-editor d-flex highlight-gradient\">\n\t<div class=\"pxl-item--inner  \" data-wow-delay=\"ms\">\n\t\tAdem\u00e1s de leer las presentes Condiciones, antes de acceder, navegar y\/o usar esta p\u00e1gina web, el Usuario ha de haber le\u00eddo el Aviso Legal y las Condiciones Generales de Uso, incluyendo, la pol\u00edtica de cookies, y la pol\u00edtica de privacidad y de protecci\u00f3n de datos de ARBEL. Al utilizar este Sitio Web o al hacer y\/o solicitar la adquisici\u00f3n de un producto y\/o servicio a trav\u00e9s del mismo el Usuario consiente quedar vinculado por estas Condiciones y por todo lo anteriormente mencionado, por lo que si no est\u00e1 de acuerdo con todo ello, no debe usar este Sitio Web.\t\t\n\t<\/div>\n<\/div>\t\t\t\t<\/div>\n\t\t\t\t<\/div>\n\t\t\t\t<div class=\"elementor-element elementor-element-2d7a995 elementor-widget elementor-widget-pxl_text_editor\" data-id=\"2d7a995\" data-element_type=\"widget\" data-widget_type=\"pxl_text_editor.default\">\n\t\t\t\t<div class=\"elementor-widget-container\">\n\t\t\t\t\t<div class=\"pxl-text-editor d-flex highlight-gradient\">\n\t<div class=\"pxl-item--inner  \" data-wow-delay=\"ms\">\n\t\tAsimismo, se informa que estas Condiciones podr\u00edan ser modificadas. El Usuario es responsable de consultarlas cada vez que acceda, navegue y\/o use el Sitio Web ya que ser\u00e1n aplicables aquellas que se encuentren vigentes en el momento en que se solicite la adquisici\u00f3n de productos y\/o servicios.\t\t\n\t<\/div>\n<\/div>\t\t\t\t<\/div>\n\t\t\t\t<\/div>\n\t\t\t\t<div class=\"elementor-element elementor-element-fdae430 elementor-widget elementor-widget-pxl_text_editor\" data-id=\"fdae430\" data-element_type=\"widget\" data-widget_type=\"pxl_text_editor.default\">\n\t\t\t\t<div class=\"elementor-widget-container\">\n\t\t\t\t\t<div class=\"pxl-text-editor d-flex highlight-gradient\">\n\t<div class=\"pxl-item--inner  \" data-wow-delay=\"ms\">\n\t\t<p>Para todas las preguntas que el Usuario pueda tener en relaci\u00f3n con las Condiciones puede ponerse en contacto con el titular utilizando los datos de contacto facilitados m\u00e1s arriba o, en su caso, utilizando el formulario de contacto.<\/p>\t\t\n\t<\/div>\n<\/div>\t\t\t\t<\/div>\n\t\t\t\t<\/div>\n\t\t\t\t<div class=\"elementor-element elementor-element-03e1e86 elementor-widget elementor-widget-pxl_heading\" data-id=\"03e1e86\" data-element_type=\"widget\" data-widget_type=\"pxl_heading.default\">\n\t\t\t\t<div class=\"elementor-widget-container\">\n\t\t\t\t\t\n<div id=\"pxl-pxl_heading-03e1e86-5775\" class=\"pxl-heading px-sub-title-default-style \">\n\t<div class=\"pxl-heading--inner\">\n\t\t\n\t\t<h3 class=\"pxl-item--title style-default highlight-default \" data-wow-delay=\"ms\">\n\n\t\t\t<span class=\"pxl-heading--text\">\n\n\t\t\t\t\t\t\t\t\t2. El usuario\t\n\t\t\t\t\t\n\n\t\t\t<\/span>\n\t\t<\/h3>\n\t\t\n\t<\/div>\n<\/div>\t\t\t\t<\/div>\n\t\t\t\t<\/div>\n\t\t\t\t<div class=\"elementor-element elementor-element-abd373e elementor-widget elementor-widget-pxl_text_editor\" data-id=\"abd373e\" data-element_type=\"widget\" data-widget_type=\"pxl_text_editor.default\">\n\t\t\t\t<div class=\"elementor-widget-container\">\n\t\t\t\t\t<div class=\"pxl-text-editor d-flex highlight-gradient\">\n\t<div class=\"pxl-item--inner  \" data-wow-delay=\"ms\">\n\t\t<p>El acceso, la navegaci\u00f3n y uso del Sitio Web, confiere la condici\u00f3n de usuario (en adelante referido, indistintamente, individualmente como Usuario o conjuntamente como Usuarios), por lo que se aceptan, desde que se inicia la navegaci\u00f3n por el Sitio Web, todas las Condiciones aqu\u00ed establecidas, as\u00ed como sus ulteriores modificaciones, sin perjuicio de la aplicaci\u00f3n de la correspondiente normativa legal de obligado cumplimiento seg\u00fan el caso.<\/p>\t\t\n\t<\/div>\n<\/div>\t\t\t\t<\/div>\n\t\t\t\t<\/div>\n\t\t\t\t<div class=\"elementor-element elementor-element-64d9094 elementor-widget elementor-widget-pxl_text_editor\" data-id=\"64d9094\" data-element_type=\"widget\" data-widget_type=\"pxl_text_editor.default\">\n\t\t\t\t<div class=\"elementor-widget-container\">\n\t\t\t\t\t<div class=\"pxl-text-editor d-flex highlight-gradient\">\n\t<div class=\"pxl-item--inner  \" data-wow-delay=\"ms\">\n\t\t<p>El Usuario asume su responsabilidad de un uso correcto del Sitio Web. Esta responsabilidad se extender\u00e1 a:<\/p>\t\t\n\t<\/div>\n<\/div>\t\t\t\t<\/div>\n\t\t\t\t<\/div>\n\t\t\t\t<div class=\"elementor-element elementor-element-6f98c0b elementor-widget elementor-widget-pxl_text_editor\" data-id=\"6f98c0b\" data-element_type=\"widget\" data-widget_type=\"pxl_text_editor.default\">\n\t\t\t\t<div class=\"elementor-widget-container\">\n\t\t\t\t\t<div class=\"pxl-text-editor d-flex highlight-gradient\">\n\t<div class=\"pxl-item--inner  \" data-wow-delay=\"ms\">\n\t\t<ul>\n \t<li>Hacer uso de este Sitio Web \u00fanicamente para realizar consultas y compras o adquisiciones legalmente v\u00e1lidas.<\/li>\n \t<li>No realizar ninguna compra falsa o fraudulenta. Si razonablemente se pudiera considerar que se ha hecho una compra de esta \u00edndole, podr\u00eda ser anulada y se informar\u00eda a las autoridades pertinentes.<\/li>\n \t<li>Facilitar datos de contacto veraces y l\u00edcitos, por ejemplo, direcci\u00f3n de correo electr\u00f3nico, direcci\u00f3n postal y\/u otros datos.<\/li>\n<\/ul>\t\t\n\t<\/div>\n<\/div>\t\t\t\t<\/div>\n\t\t\t\t<\/div>\n\t\t\t\t<div class=\"elementor-element elementor-element-76c3493 elementor-widget elementor-widget-pxl_text_editor\" data-id=\"76c3493\" data-element_type=\"widget\" data-widget_type=\"pxl_text_editor.default\">\n\t\t\t\t<div class=\"elementor-widget-container\">\n\t\t\t\t\t<div class=\"pxl-text-editor d-flex highlight-gradient\">\n\t<div class=\"pxl-item--inner  \" data-wow-delay=\"ms\">\n\t\tEl Usuario declara ser mayor de 18 a\u00f1os y tener capacidad legal para celebrar contratos a trav\u00e9s de este Sitio Web.\t\t\n\t<\/div>\n<\/div>\t\t\t\t<\/div>\n\t\t\t\t<\/div>\n\t\t\t\t<div class=\"elementor-element elementor-element-53fcd7a elementor-widget elementor-widget-pxl_text_editor\" data-id=\"53fcd7a\" data-element_type=\"widget\" data-widget_type=\"pxl_text_editor.default\">\n\t\t\t\t<div class=\"elementor-widget-container\">\n\t\t\t\t\t<div class=\"pxl-text-editor d-flex highlight-gradient\">\n\t<div class=\"pxl-item--inner  \" data-wow-delay=\"ms\">\n\t\tEl Sitio Web est\u00e1 dirigido principalmente a Usuarios residentes en Espa\u00f1a. ARBEL no asegura que el Sitio Web cumpla con legislaciones de otros pa\u00edses, ya sea total o parcialmente. ARBEL declina toda responsabilidad que se pueda derivar de dicho acceso, as\u00ed como tampoco asegura env\u00edos o prestaci\u00f3n de servicios fuera de Espa\u00f1a.\t\t\n\t<\/div>\n<\/div>\t\t\t\t<\/div>\n\t\t\t\t<\/div>\n\t\t\t\t<div class=\"elementor-element elementor-element-723bc30 elementor-widget elementor-widget-pxl_text_editor\" data-id=\"723bc30\" data-element_type=\"widget\" data-widget_type=\"pxl_text_editor.default\">\n\t\t\t\t<div class=\"elementor-widget-container\">\n\t\t\t\t\t<div class=\"pxl-text-editor d-flex highlight-gradient\">\n\t<div class=\"pxl-item--inner  \" data-wow-delay=\"ms\">\n\t\tEl Usuario podr\u00e1 formalizar, a su elecci\u00f3n, con ARBEL el contrato de compraventa de los productos y\/o servicios deseados en cualquiera de los idiomas en los que las presentes Condiciones est\u00e9n disponibles en este Sitio Web.\t\t\n\t<\/div>\n<\/div>\t\t\t\t<\/div>\n\t\t\t\t<\/div>\n\t\t\t\t<div class=\"elementor-element elementor-element-8936c83 elementor-widget elementor-widget-pxl_heading\" data-id=\"8936c83\" data-element_type=\"widget\" data-widget_type=\"pxl_heading.default\">\n\t\t\t\t<div class=\"elementor-widget-container\">\n\t\t\t\t\t\n<div id=\"pxl-pxl_heading-8936c83-4597\" class=\"pxl-heading px-sub-title-default-style \">\n\t<div class=\"pxl-heading--inner\">\n\t\t\n\t\t<h3 class=\"pxl-item--title style-default highlight-default \" data-wow-delay=\"ms\">\n\n\t\t\t<span class=\"pxl-heading--text\">\n\n\t\t\t\t\t\t\t\t\t3. Comunicaciones por escrito y notificaciones\t\n\t\t\t\t\t\n\n\t\t\t<\/span>\n\t\t<\/h3>\n\t\t\n\t<\/div>\n<\/div>\t\t\t\t<\/div>\n\t\t\t\t<\/div>\n\t\t\t\t<div class=\"elementor-element elementor-element-6dd6e17 elementor-widget elementor-widget-pxl_text_editor\" data-id=\"6dd6e17\" data-element_type=\"widget\" data-widget_type=\"pxl_text_editor.default\">\n\t\t\t\t<div class=\"elementor-widget-container\">\n\t\t\t\t\t<div class=\"pxl-text-editor d-flex highlight-gradient\">\n\t<div class=\"pxl-item--inner  \" data-wow-delay=\"ms\">\n\t\tMediante el uso de este Sitio Web, el Usuario acepta que la mayor parte de las comunicaciones con ARBEL sean electr\u00f3nicas (correo electr\u00f3nico o avisos publicados en el Sitio Web).\t\t\n\t<\/div>\n<\/div>\t\t\t\t<\/div>\n\t\t\t\t<\/div>\n\t\t\t\t<div class=\"elementor-element elementor-element-3c00fde elementor-widget elementor-widget-pxl_text_editor\" data-id=\"3c00fde\" data-element_type=\"widget\" data-widget_type=\"pxl_text_editor.default\">\n\t\t\t\t<div class=\"elementor-widget-container\">\n\t\t\t\t\t<div class=\"pxl-text-editor d-flex highlight-gradient\">\n\t<div class=\"pxl-item--inner  \" data-wow-delay=\"ms\">\n\t\t<p>A efectos contractuales, el Usuario consiente en usar este medio electr\u00f3nico de comunicaci\u00f3n y reconoce que todo contrato, notificaci\u00f3n, informaci\u00f3n y dem\u00e1s comunicaciones que ARBEL env\u00ede de forma electr\u00f3nica cumplen con los requisitos legales de ser por escrito. Esta condici\u00f3n no afectar\u00e1 a los derechos reconocidos por ley al Usuario.<\/p>\t\t\n\t<\/div>\n<\/div>\t\t\t\t<\/div>\n\t\t\t\t<\/div>\n\t\t\t\t<div class=\"elementor-element elementor-element-23b84f6 elementor-widget elementor-widget-pxl_text_editor\" data-id=\"23b84f6\" data-element_type=\"widget\" data-widget_type=\"pxl_text_editor.default\">\n\t\t\t\t<div class=\"elementor-widget-container\">\n\t\t\t\t\t<div class=\"pxl-text-editor d-flex highlight-gradient\">\n\t<div class=\"pxl-item--inner  \" data-wow-delay=\"ms\">\n\t\tEl Usuario puede enviar notificaciones y\/o comunicarse con ARBEL a trav\u00e9s de los datos de contacto que en estas Condiciones se facilitan y, en su caso, a trav\u00e9s de los espacios de contacto del Sitio Web.\t\t\n\t<\/div>\n<\/div>\t\t\t\t<\/div>\n\t\t\t\t<\/div>\n\t\t\t\t<div class=\"elementor-element elementor-element-bdb8b63 elementor-widget elementor-widget-pxl_text_editor\" data-id=\"bdb8b63\" data-element_type=\"widget\" data-widget_type=\"pxl_text_editor.default\">\n\t\t\t\t<div class=\"elementor-widget-container\">\n\t\t\t\t\t<div class=\"pxl-text-editor d-flex highlight-gradient\">\n\t<div class=\"pxl-item--inner  \" data-wow-delay=\"ms\">\n\t\tIgualmente, salvo que se estipule lo contrario, ARBEL puede contactar y\/o notificar al Usuario en su correo electr\u00f3nico o en la direcci\u00f3n postal facilitada.\t\t\n\t<\/div>\n<\/div>\t\t\t\t<\/div>\n\t\t\t\t<\/div>\n\t\t\t\t<div class=\"elementor-element elementor-element-8ae3394 elementor-widget elementor-widget-pxl_heading\" data-id=\"8ae3394\" data-element_type=\"widget\" data-widget_type=\"pxl_heading.default\">\n\t\t\t\t<div class=\"elementor-widget-container\">\n\t\t\t\t\t\n<div id=\"pxl-pxl_heading-8ae3394-7345\" class=\"pxl-heading px-sub-title-default-style \">\n\t<div class=\"pxl-heading--inner\">\n\t\t\n\t\t<h3 class=\"pxl-item--title style-default highlight-default \" data-wow-delay=\"ms\">\n\n\t\t\t<span class=\"pxl-heading--text\">\n\n\t\t\t\t\t\t\t\t\t4. Legislaci\u00f3n aplicable y jurisdicci\u00f3n\t\n\t\t\t\t\t\n\n\t\t\t<\/span>\n\t\t<\/h3>\n\t\t\n\t<\/div>\n<\/div>\t\t\t\t<\/div>\n\t\t\t\t<\/div>\n\t\t\t\t<div class=\"elementor-element elementor-element-47689c6 elementor-widget elementor-widget-pxl_text_editor\" data-id=\"47689c6\" data-element_type=\"widget\" data-widget_type=\"pxl_text_editor.default\">\n\t\t\t\t<div class=\"elementor-widget-container\">\n\t\t\t\t\t<div class=\"pxl-text-editor d-flex highlight-gradient\">\n\t<div class=\"pxl-item--inner  \" data-wow-delay=\"ms\">\n\t\t<p>El acceso, navegaci\u00f3n y\/o uso de este Sitio Web y los contratos de compra de productos a trav\u00e9s del mismo se regir\u00e1n por la legislaci\u00f3n espa\u00f1ola.<\/p>\t\t\n\t<\/div>\n<\/div>\t\t\t\t<\/div>\n\t\t\t\t<\/div>\n\t\t\t\t<div class=\"elementor-element elementor-element-48db4c9 elementor-widget elementor-widget-pxl_text_editor\" data-id=\"48db4c9\" data-element_type=\"widget\" data-widget_type=\"pxl_text_editor.default\">\n\t\t\t\t<div class=\"elementor-widget-container\">\n\t\t\t\t\t<div class=\"pxl-text-editor d-flex highlight-gradient\">\n\t<div class=\"pxl-item--inner  \" data-wow-delay=\"ms\">\n\t\tCualquier controversia, problema o desacuerdo que surja o este relacionado con el acceso, navegaci\u00f3n y\/o uso del Sitio Web, o con la interpretaci\u00f3n y ejecuci\u00f3n de estas Condiciones, o con los contratos de venta entre ARBEL y el Usuario, ser\u00e1 sometida a la jurisdicci\u00f3n no exclusiva de los juzgados y tribunales espa\u00f1oles.\t\t\n\t<\/div>\n<\/div>\t\t\t\t<\/div>\n\t\t\t\t<\/div>\n\t\t            <\/div>\r\n        <\/div>\r\n        \t\t\t<\/div>\n\t\t<\/section>\n\t\t            <\/div>\r\n        <\/div>\r\n        \t\t\t<\/div>\n\t\t<\/section>\n\t\t\t\t<\/div>\n\t\t","protected":false},"excerpt":{"rendered":"<p>Normas de uso 1. Informaci\u00f3n general La titularidad de este sitio web www.arbel.eus, (en adelante Sitio Web) la ostenta: ARBEL KOOPERATIBA SOZIETATEA (en adelante ARBEL), provista de NIF: F01027523 cuyos datos de contacto son: Direcci\u00f3n: ERROTABARRI 1, 01160 ARAMAIO Tel\u00e9fono de contacto: 656789589 Email de contacto: web@arbel.eus Este documento (as\u00ed como otros documentos que aqu\u00ed [&hellip;]<\/p>\n","protected":false},"author":1,"featured_media":0,"parent":0,"menu_order":0,"comment_status":"closed","ping_status":"closed","template":"","meta":{"footnotes":""},"class_list":["post-12758","page","type-page","status-publish","hentry"],"jetpack_sharing_enabled":true,"_links":{"self":[{"href":"https:\/\/www.arbel.eus\/es\/wp-json\/wp\/v2\/pages\/12758","targetHints":{"allow":["GET"]}}],"collection":[{"href":"https:\/\/www.arbel.eus\/es\/wp-json\/wp\/v2\/pages"}],"about":[{"href":"https:\/\/www.arbel.eus\/es\/wp-json\/wp\/v2\/types\/page"}],"author":[{"embeddable":true,"href":"https:\/\/www.arbel.eus\/es\/wp-json\/wp\/v2\/users\/1"}],"replies":[{"embeddable":true,"href":"https:\/\/www.arbel.eus\/es\/wp-json\/wp\/v2\/comments?post=12758"}],"version-history":[{"count":16,"href":"https:\/\/www.arbel.eus\/es\/wp-json\/wp\/v2\/pages\/12758\/revisions"}],"predecessor-version":[{"id":12780,"href":"https:\/\/www.arbel.eus\/es\/wp-json\/wp\/v2\/pages\/12758\/revisions\/12780"}],"wp:attachment":[{"href":"https:\/\/www.arbel.eus\/es\/wp-json\/wp\/v2\/media?parent=12758"}],"curies":[{"name":"wp","href":"https:\/\/api.w.org\/{rel}","templated":true}]}}