{"id":12784,"date":"2026-04-10T08:30:05","date_gmt":"2026-04-10T07:30:05","guid":{"rendered":"https:\/\/www.arbel.eus\/?page_id=12784"},"modified":"2026-04-10T09:02:12","modified_gmt":"2026-04-10T08:02:12","slug":"politica-de-privacidad","status":"publish","type":"page","link":"https:\/\/www.arbel.eus\/es\/politica-de-privacidad\/","title":{"rendered":"Pol\u00edtica de privacidad"},"content":{"rendered":"\t\t<div data-elementor-type=\"wp-page\" data-elementor-id=\"12784\" class=\"elementor elementor-12784\" data-elementor-post-type=\"page\">\n\t\t\t\t        <section class=\"elementor-section elementor-top-section elementor-element elementor-element-14cf229 elementor-section-stretched elementor-section-boxed elementor-section-height-default elementor-section-height-default pxl-row-scroll-none pxl-zoom-point-false pxl-section-overflow-visible pxl-section-fix-none pxl-bg-color-none pxl-section-overlay-none\" data-id=\"14cf229\" data-element_type=\"section\" data-settings=\"{&quot;stretch_section&quot;:&quot;section-stretched&quot;,&quot;background_background&quot;:&quot;classic&quot;}\">\n\n                \n                <div class=\"elementor-container elementor-column-gap-extended \">\n                <div class=\"elementor-column elementor-col-100 elementor-top-column elementor-element elementor-element-b53a007 pxl-column-none pxl-column-overflow-hidden-no\" data-id=\"b53a007\" data-element_type=\"column\">\r\n        <div class=\"elementor-widget-wrap elementor-element-populated\">\r\n                     \r\n                <section class=\"elementor-section elementor-inner-section elementor-element elementor-element-c03bdf2 elementor-section-boxed elementor-section-height-default elementor-section-height-default pxl-row-scroll-none pxl-zoom-point-false pxl-section-overflow-visible pxl-section-fix-none pxl-bg-color-none pxl-section-overlay-none\" data-id=\"c03bdf2\" data-element_type=\"section\">\n\n                \n                <div class=\"elementor-container elementor-column-gap-extended \">\n                <div class=\"elementor-column elementor-col-100 elementor-inner-column elementor-element elementor-element-01bd187 pxl-column-none pxl-column-overflow-hidden-no\" data-id=\"01bd187\" data-element_type=\"column\">\r\n        <div class=\"elementor-widget-wrap elementor-element-populated\">\r\n                     \r\n        \t\t<div class=\"elementor-element elementor-element-dca8309 elementor-widget elementor-widget-pxl_heading\" data-id=\"dca8309\" data-element_type=\"widget\" data-widget_type=\"pxl_heading.default\">\n\t\t\t\t<div class=\"elementor-widget-container\">\n\t\t\t\t\t\n<div id=\"pxl-pxl_heading-dca8309-5805\" class=\"pxl-heading px-sub-title-default-style \">\n\t<div class=\"pxl-heading--inner\">\n\t\t\n\t\t<h3 class=\"pxl-item--title style-default highlight-default pxl-split-text split-in-right\" data-wow-delay=\"ms\">\n\n\t\t\t<span class=\"pxl-heading--text\">\n\n\t\t\t\t\t\t\t\t\tPol\u00edtica de privacidad\t\n\t\t\t\t\t\n\n\t\t\t<\/span>\n\t\t<\/h3>\n\t\t\n\t<\/div>\n<\/div>\t\t\t\t<\/div>\n\t\t\t\t<\/div>\n\t\t\t\t<div class=\"elementor-element elementor-element-540fa6d elementor-widget elementor-widget-pxl_heading\" data-id=\"540fa6d\" data-element_type=\"widget\" data-widget_type=\"pxl_heading.default\">\n\t\t\t\t<div class=\"elementor-widget-container\">\n\t\t\t\t\t\n<div id=\"pxl-pxl_heading-540fa6d-2079\" class=\"pxl-heading px-sub-title-default-style \">\n\t<div class=\"pxl-heading--inner\">\n\t\t\n\t\t<h3 class=\"pxl-item--title style-default highlight-default \" data-wow-delay=\"ms\">\n\n\t\t\t<span class=\"pxl-heading--text\">\n\n\t\t\t\t\t\t\t\t\t\u00bfQui\u00e9n es el responsable de sus datos?\t\n\t\t\t\t\t\n\n\t\t\t<\/span>\n\t\t<\/h3>\n\t\t\n\t<\/div>\n<\/div>\t\t\t\t<\/div>\n\t\t\t\t<\/div>\n\t\t\t\t<div class=\"elementor-element elementor-element-4256e58 elementor-widget elementor-widget-pxl_text_editor\" data-id=\"4256e58\" data-element_type=\"widget\" data-widget_type=\"pxl_text_editor.default\">\n\t\t\t\t<div class=\"elementor-widget-container\">\n\t\t\t\t\t<div class=\"pxl-text-editor d-flex highlight-gradient\">\n\t<div class=\"pxl-item--inner  \" data-wow-delay=\"ms\">\n\t\t<ul><li>Titular: ARBEL KOOPERATIBA SOZIETATEA<\/li><li>CIF: F01027523<\/li><li>Domicilio social: C\/ ERROTABARRI , 1 &#8211; Aramaio (\u00c1lava &#8211; 01160)<\/li><li>Tel\u00e9fono de contacto: <a href=\"tel:+34945445119\">945445119<\/a> | <a href=\"tel:+34656789589\">656789589<\/a><\/li><\/ul>\t\t\n\t<\/div>\n<\/div>\t\t\t\t<\/div>\n\t\t\t\t<\/div>\n\t\t\t\t<div class=\"elementor-element elementor-element-6e35b3b elementor-widget elementor-widget-pxl_text_editor\" data-id=\"6e35b3b\" data-element_type=\"widget\" data-widget_type=\"pxl_text_editor.default\">\n\t\t\t\t<div class=\"elementor-widget-container\">\n\t\t\t\t\t<div class=\"pxl-text-editor d-flex highlight-gradient\">\n\t<div class=\"pxl-item--inner  \" data-wow-delay=\"ms\">\n\t\t<p>Por favor, tenga en cuenta que la presente Pol\u00edtica de Privacidad no aborda, y no seremos responsables de, la privacidad, informaci\u00f3n u otras pr\u00e1cticas de terceros cualesquiera, incluidas las de toda parte que opere un portal hacia el que estos Portales contengan un enlace. La inclusi\u00f3n de un enlace en los Portales no implica aval del portal enlazado por nuestra parte ni por la de nuestras filiales.<\/p>\t\t\n\t<\/div>\n<\/div>\t\t\t\t<\/div>\n\t\t\t\t<\/div>\n\t\t\t\t<div class=\"elementor-element elementor-element-bb436a3 elementor-widget elementor-widget-pxl_heading\" data-id=\"bb436a3\" data-element_type=\"widget\" data-widget_type=\"pxl_heading.default\">\n\t\t\t\t<div class=\"elementor-widget-container\">\n\t\t\t\t\t\n<div id=\"pxl-pxl_heading-bb436a3-2985\" class=\"pxl-heading px-sub-title-default-style \">\n\t<div class=\"pxl-heading--inner\">\n\t\t\n\t\t<h3 class=\"pxl-item--title style-default highlight-default \" data-wow-delay=\"ms\">\n\n\t\t\t<span class=\"pxl-heading--text\">\n\n\t\t\t\t\t\t\t\t\tLicitud del tratamiento de datos\t\n\t\t\t\t\t\n\n\t\t\t<\/span>\n\t\t<\/h3>\n\t\t\n\t<\/div>\n<\/div>\t\t\t\t<\/div>\n\t\t\t\t<\/div>\n\t\t\t\t<div class=\"elementor-element elementor-element-9c9afd9 elementor-widget elementor-widget-pxl_text_editor\" data-id=\"9c9afd9\" data-element_type=\"widget\" data-widget_type=\"pxl_text_editor.default\">\n\t\t\t\t<div class=\"elementor-widget-container\">\n\t\t\t\t\t<div class=\"pxl-text-editor d-flex highlight-gradient\">\n\t<div class=\"pxl-item--inner  \" data-wow-delay=\"ms\">\n\t\t<p>Respetamos su privacidad. Por ello, solamente procesamos sus datos personales cuando estamos autorizados a hacerlo. Usted puede darnos su consentimiento para el tratamiento de sus datos personales, cuando el tratamiento as\u00ed lo requiera. En otros supuestos, si usted emplea servicios de nuestra web que requieren sus datos para poder realizarse, estaremos autorizados a tratar sus datos para la ejecuci\u00f3n de tal actividad. Un ejemplo de ello es el registro de entradas que recogemos para garantizar, por ejemplo, que nuestra p\u00e1gina web opera sin fallos (incluyendo el mantenimiento t\u00e9cnico de la p\u00e1gina web). En cualquier caso, le informaremos sobre el tratamiento de datos personales que se lleva a cabo, y por supuesto, sus derechos e intereses siempre ser\u00e1n tenidos en cuenta. En caso de que tenga cualquier consulta sobre sus datos personales, encontrar\u00e1 sus derechos de protecci\u00f3n de datos m\u00e1s delante de esta misma p\u00e1gina.<\/p>\t\t\n\t<\/div>\n<\/div>\t\t\t\t<\/div>\n\t\t\t\t<\/div>\n\t\t\t\t<div class=\"elementor-element elementor-element-797a26b elementor-widget elementor-widget-pxl_heading\" data-id=\"797a26b\" data-element_type=\"widget\" data-widget_type=\"pxl_heading.default\">\n\t\t\t\t<div class=\"elementor-widget-container\">\n\t\t\t\t\t\n<div id=\"pxl-pxl_heading-797a26b-9798\" class=\"pxl-heading px-sub-title-default-style \">\n\t<div class=\"pxl-heading--inner\">\n\t\t\n\t\t<h3 class=\"pxl-item--title style-default highlight-default \" data-wow-delay=\"ms\">\n\n\t\t\t<span class=\"pxl-heading--text\">\n\n\t\t\t\t\t\t\t\t\tProp\u00f3sito del tratamiento de los datos\t\n\t\t\t\t\t\n\n\t\t\t<\/span>\n\t\t<\/h3>\n\t\t\n\t<\/div>\n<\/div>\t\t\t\t<\/div>\n\t\t\t\t<\/div>\n\t\t\t\t<div class=\"elementor-element elementor-element-25ae24b elementor-widget elementor-widget-pxl_text_editor\" data-id=\"25ae24b\" data-element_type=\"widget\" data-widget_type=\"pxl_text_editor.default\">\n\t\t\t\t<div class=\"elementor-widget-container\">\n\t\t\t\t\t<div class=\"pxl-text-editor d-flex highlight-gradient\">\n\t<div class=\"pxl-item--inner  \" data-wow-delay=\"ms\">\n\t\tNo haremos p\u00fablica la informaci\u00f3n personal sin consentimiento. No vendemos ni compartimos la informaci\u00f3n personal voluntariamente.\t\t\n\t<\/div>\n<\/div>\t\t\t\t<\/div>\n\t\t\t\t<\/div>\n\t\t\t\t<div class=\"elementor-element elementor-element-6cf8843 elementor-widget elementor-widget-pxl_text_editor\" data-id=\"6cf8843\" data-element_type=\"widget\" data-widget_type=\"pxl_text_editor.default\">\n\t\t\t\t<div class=\"elementor-widget-container\">\n\t\t\t\t\t<div class=\"pxl-text-editor d-flex highlight-gradient\">\n\t<div class=\"pxl-item--inner  \" data-wow-delay=\"ms\">\n\t\t<p>ARBEL KOOPERATIBA SOZIETATEA tratar\u00e1 sus datos como usuario, de manera manual y\/o automatizada, para las siguientes finalidades espec\u00edficas:<\/p>\t\t\n\t<\/div>\n<\/div>\t\t\t\t<\/div>\n\t\t\t\t<\/div>\n\t\t\t\t<div class=\"elementor-element elementor-element-00414fe elementor-widget elementor-widget-pxl_text_editor\" data-id=\"00414fe\" data-element_type=\"widget\" data-widget_type=\"pxl_text_editor.default\">\n\t\t\t\t<div class=\"elementor-widget-container\">\n\t\t\t\t\t<div class=\"pxl-text-editor d-flex highlight-gradient\">\n\t<div class=\"pxl-item--inner  \" data-wow-delay=\"ms\">\n\t\t<ul><li>Realizar informes estad\u00edsticos an\u00f3nimos respecto a los h\u00e1bitos de acceso y la actividad desarrollada por los usuarios en la web.<\/li><li>Llevar a cabo las actuaciones precisas para proteger los intereses de los clientes cuando as\u00ed sea necesario, o el cumplimiento de las resoluciones judiciales y las medidas en ellas acordadas.<\/li><li>Remitir comunicaciones electr\u00f3nicas con ofertas, promociones y noticias relacionadas con nuestra actividad, solo en el caso en que usted, como cliente lo haya consentido o no se haya opuesto expresamente.<\/li><li>Si decide contactar con nosotros al margen de una relaci\u00f3n contractual o sin registrarse, podr\u00e1 hacerlo a trav\u00e9s de la p\u00e1gina web o el correo de contacto.<\/li><\/ul>\t\t\n\t<\/div>\n<\/div>\t\t\t\t<\/div>\n\t\t\t\t<\/div>\n\t\t\t\t<div class=\"elementor-element elementor-element-22af9e4 elementor-widget elementor-widget-pxl_text_editor\" data-id=\"22af9e4\" data-element_type=\"widget\" data-widget_type=\"pxl_text_editor.default\">\n\t\t\t\t<div class=\"elementor-widget-container\">\n\t\t\t\t\t<div class=\"pxl-text-editor d-flex highlight-gradient\">\n\t<div class=\"pxl-item--inner  \" data-wow-delay=\"ms\">\n\t\t<p>Para poder tramitar correctamente su solicitud cuando contacte con nosotros, podremos solicitarle que nos facilite datos personales tales como su nombre, e-mail y cualquier otra informaci\u00f3n relacionada con su solicitud y su mensaje. De modo opcional, puede facilitar su direcci\u00f3n postal y\/o n\u00famero de tel\u00e9fono. Recogemos la informaci\u00f3n solicitada con el fin exclusivo de gestionar correctamente su solicitud. Los datos no se emplear\u00e1n para ninguna finalidad adicional ni se comunicar\u00e1n a terceros sin su consentimiento expreso, salvo que estemos autorizados a ello por ley. Si no es obligatorio por ley conservar sus datos personales, \u00e9stos ser\u00e1n eliminados una vez se haya tramitado su solicitud.<\/p>\t\t\n\t<\/div>\n<\/div>\t\t\t\t<\/div>\n\t\t\t\t<\/div>\n\t\t\t\t<div class=\"elementor-element elementor-element-257dfc2 elementor-widget elementor-widget-pxl_text_editor\" data-id=\"257dfc2\" data-element_type=\"widget\" data-widget_type=\"pxl_text_editor.default\">\n\t\t\t\t<div class=\"elementor-widget-container\">\n\t\t\t\t\t<div class=\"pxl-text-editor d-flex highlight-gradient\">\n\t<div class=\"pxl-item--inner  \" data-wow-delay=\"ms\">\n\t\t<ul>\n \t<li>Por motivos t\u00e9cnicos, cada vez que su navegador accede a nuestra web, autom\u00e1ticamente se env\u00eda informaci\u00f3n a nuestro servidor (ej. datos de navegaci\u00f3n). Parte de esta informaci\u00f3n se almacena en archivos de registro, como:\n<ul>\n<li style=\"padding-left:30px\">fecha de acceso<\/li>\n<li style=\"padding-left:30px\">hora de acceso<\/li>\n<li style=\"padding-left:30px\">URL de la p\u00e1gina<\/li>\n<li style=\"padding-left:30px\">versi\u00f3n del protocolo HTTP<\/li>\n<li style=\"padding-left:30px\">archivos a los que se accede<\/li>\n<li style=\"padding-left:30px\">volumen de datos transferidos<\/li>\n<li style=\"padding-left:30px\">tipo de navegador de internet y su versi\u00f3n<\/li>\n<li style=\"padding-left:30px\">tipo de sistema operativo<\/li>\n<li style=\"padding-left:30px\">direcci\u00f3n IP (anonimizada)<\/li>\n<\/ul><\/li>\n<\/ul>\t\t\n\t<\/div>\n<\/div>\t\t\t\t<\/div>\n\t\t\t\t<\/div>\n\t\t\t\t<div class=\"elementor-element elementor-element-aa4007f elementor-widget elementor-widget-pxl_text_editor\" data-id=\"aa4007f\" data-element_type=\"widget\" data-widget_type=\"pxl_text_editor.default\">\n\t\t\t\t<div class=\"elementor-widget-container\">\n\t\t\t\t\t<div class=\"pxl-text-editor d-flex highlight-gradient\">\n\t<div class=\"pxl-item--inner  \" data-wow-delay=\"ms\">\n\t\tLos datos de navegaci\u00f3n no incluyen datos personales. \u00danicamente analizamos los datos de navegaci\u00f3n cuando sea necesario, especialmente para solucionar fallos en la operatividad de nuestra web o para resolver incidencias de seguridad. Almacenamos estos datos de forma indefinida.\t\t\n\t<\/div>\n<\/div>\t\t\t\t<\/div>\n\t\t\t\t<\/div>\n\t\t\t\t<div class=\"elementor-element elementor-element-03e1e86 elementor-widget elementor-widget-pxl_heading\" data-id=\"03e1e86\" data-element_type=\"widget\" data-widget_type=\"pxl_heading.default\">\n\t\t\t\t<div class=\"elementor-widget-container\">\n\t\t\t\t\t\n<div id=\"pxl-pxl_heading-03e1e86-6747\" class=\"pxl-heading px-sub-title-default-style \">\n\t<div class=\"pxl-heading--inner\">\n\t\t\n\t\t<h3 class=\"pxl-item--title style-default highlight-default \" data-wow-delay=\"ms\">\n\n\t\t\t<span class=\"pxl-heading--text\">\n\n\t\t\t\t\t\t\t\t\tDestinatarios de la cesi\u00f3n de datos\t\n\t\t\t\t\t\n\n\t\t\t<\/span>\n\t\t<\/h3>\n\t\t\n\t<\/div>\n<\/div>\t\t\t\t<\/div>\n\t\t\t\t<\/div>\n\t\t\t\t<div class=\"elementor-element elementor-element-abd373e elementor-widget elementor-widget-pxl_text_editor\" data-id=\"abd373e\" data-element_type=\"widget\" data-widget_type=\"pxl_text_editor.default\">\n\t\t\t\t<div class=\"elementor-widget-container\">\n\t\t\t\t\t<div class=\"pxl-text-editor d-flex highlight-gradient\">\n\t<div class=\"pxl-item--inner  \" data-wow-delay=\"ms\">\n\t\t\u00danicamente cedemos los datos personales que recogemos a aquellos que son encargados de tratamiento y han formalizado con nuestra entidad un contrato de encargado de tratamiento de datos personales en el que se compromete al adecuado tratamiento de nuestros registros.\t\t\n\t<\/div>\n<\/div>\t\t\t\t<\/div>\n\t\t\t\t<\/div>\n\t\t\t\t<div class=\"elementor-element elementor-element-64d9094 elementor-widget elementor-widget-pxl_text_editor\" data-id=\"64d9094\" data-element_type=\"widget\" data-widget_type=\"pxl_text_editor.default\">\n\t\t\t\t<div class=\"elementor-widget-container\">\n\t\t\t\t\t<div class=\"pxl-text-editor d-flex highlight-gradient\">\n\t<div class=\"pxl-item--inner  \" data-wow-delay=\"ms\">\n\t\tTambi\u00e9n podemos vernos en la situaci\u00f3n de tener que ceder los datos personales cuando sea necesario para prestar el servicio o atender a la consulta que se haya solicitado, as\u00ed como en los casos previstos en la ley.\t\t\n\t<\/div>\n<\/div>\t\t\t\t<\/div>\n\t\t\t\t<\/div>\n\t\t\t\t<div class=\"elementor-element elementor-element-8936c83 elementor-widget elementor-widget-pxl_heading\" data-id=\"8936c83\" data-element_type=\"widget\" data-widget_type=\"pxl_heading.default\">\n\t\t\t\t<div class=\"elementor-widget-container\">\n\t\t\t\t\t\n<div id=\"pxl-pxl_heading-8936c83-2537\" class=\"pxl-heading px-sub-title-default-style \">\n\t<div class=\"pxl-heading--inner\">\n\t\t\n\t\t<h3 class=\"pxl-item--title style-default highlight-default \" data-wow-delay=\"ms\">\n\n\t\t\t<span class=\"pxl-heading--text\">\n\n\t\t\t\t\t\t\t\t\tPlazo de conservaci\u00f3n de los datos personales\t\n\t\t\t\t\t\n\n\t\t\t<\/span>\n\t\t<\/h3>\n\t\t\n\t<\/div>\n<\/div>\t\t\t\t<\/div>\n\t\t\t\t<\/div>\n\t\t\t\t<div class=\"elementor-element elementor-element-6dd6e17 elementor-widget elementor-widget-pxl_text_editor\" data-id=\"6dd6e17\" data-element_type=\"widget\" data-widget_type=\"pxl_text_editor.default\">\n\t\t\t\t<div class=\"elementor-widget-container\">\n\t\t\t\t\t<div class=\"pxl-text-editor d-flex highlight-gradient\">\n\t<div class=\"pxl-item--inner  \" data-wow-delay=\"ms\">\n\t\tARBEL KOOPERATIBA SOZIETATEA conservar\u00e1 sus datos personales, como usuario, \u00fanicamente durante el tiempo necesario para la realizaci\u00f3n de las finalidades para las que fueron recogidos, mientras no revoque los consentimientos otorgados. Posteriormente, en caso de ser necesario, mantendr\u00e1 la informaci\u00f3n bloqueada los plazos legalmente establecidos, en todo caso, durante 5 a\u00f1os, o el plazo establecido por ley para cualquier acci\u00f3n que pueda devenir del tratamiento.\t\t\n\t<\/div>\n<\/div>\t\t\t\t<\/div>\n\t\t\t\t<\/div>\n\t\t\t\t<div class=\"elementor-element elementor-element-3c00fde elementor-widget elementor-widget-pxl_text_editor\" data-id=\"3c00fde\" data-element_type=\"widget\" data-widget_type=\"pxl_text_editor.default\">\n\t\t\t\t<div class=\"elementor-widget-container\">\n\t\t\t\t\t<div class=\"pxl-text-editor d-flex highlight-gradient\">\n\t<div class=\"pxl-item--inner  \" data-wow-delay=\"ms\">\n\t\tEn el caso de los datos que nos facilite con el env\u00edo de su curriculum para acceder a un proceso de selecci\u00f3n de personal, ser\u00e1n conservados durante, 3 a\u00f1os desde la fecha de la \u00faltima actualizaci\u00f3n. Transcurrido dicho periodo, sin que hayan sido actualizados, los datos ser\u00e1n suprimidos, salvo que nos indique lo contrario.\t\t\n\t<\/div>\n<\/div>\t\t\t\t<\/div>\n\t\t\t\t<\/div>\n\t\t\t\t<div class=\"elementor-element elementor-element-8ae3394 elementor-widget elementor-widget-pxl_heading\" data-id=\"8ae3394\" data-element_type=\"widget\" data-widget_type=\"pxl_heading.default\">\n\t\t\t\t<div class=\"elementor-widget-container\">\n\t\t\t\t\t\n<div id=\"pxl-pxl_heading-8ae3394-4757\" class=\"pxl-heading px-sub-title-default-style \">\n\t<div class=\"pxl-heading--inner\">\n\t\t\n\t\t<h3 class=\"pxl-item--title style-default highlight-default \" data-wow-delay=\"ms\">\n\n\t\t\t<span class=\"pxl-heading--text\">\n\n\t\t\t\t\t\t\t\t\tDerechos de los usuarios\t\n\t\t\t\t\t\n\n\t\t\t<\/span>\n\t\t<\/h3>\n\t\t\n\t<\/div>\n<\/div>\t\t\t\t<\/div>\n\t\t\t\t<\/div>\n\t\t\t\t<div class=\"elementor-element elementor-element-47689c6 elementor-widget elementor-widget-pxl_text_editor\" data-id=\"47689c6\" data-element_type=\"widget\" data-widget_type=\"pxl_text_editor.default\">\n\t\t\t\t<div class=\"elementor-widget-container\">\n\t\t\t\t\t<div class=\"pxl-text-editor d-flex highlight-gradient\">\n\t<div class=\"pxl-item--inner  \" data-wow-delay=\"ms\">\n\t\t<p>Puede enviarnos un escrito a ARBEL KOOPERATIBA SOZIETATEA, C\/ ERROTABARRI , 1 &#8211; Aramaio (\u00c1lava &#8211; 01160) o enviarnos un correo a <a href=\"mailto:web@arbel.eus\">web@arbel.eus<\/a>, para realizar cualquiera de las siguientes acciones:<\/p>\t\t\n\t<\/div>\n<\/div>\t\t\t\t<\/div>\n\t\t\t\t<\/div>\n\t\t\t\t<div class=\"elementor-element elementor-element-19d34ca elementor-widget elementor-widget-pxl_text_editor\" data-id=\"19d34ca\" data-element_type=\"widget\" data-widget_type=\"pxl_text_editor.default\">\n\t\t\t\t<div class=\"elementor-widget-container\">\n\t\t\t\t\t<div class=\"pxl-text-editor d-flex highlight-gradient\">\n\t<div class=\"pxl-item--inner  \" data-wow-delay=\"ms\">\n\t\t<ul>\n \t<li>Revocar los consentimientos otorgados.<\/li>\n \t<li>Obtener confirmaci\u00f3n acerca de si en ARBEL KOOPERATIBA SOZIETATEA se est\u00e1n tratando datos personales que le conciernen o no.<\/li>\n \t<li>Acceder a sus datos personales.<\/li>\n \t<li>Rectificar los datos inexactos o incompletos.<\/li>\n \t<li>Solicitar la supresi\u00f3n de sus datos cuando, entre otros motivos, los datos ya no sean necesarios para los fines que fueron recogidos.<\/li>\n \t<li>Obtener de ARBEL KOOPERATIBA SOZIETATEA la limitaci\u00f3n del tratamiento de los datos cuando se cumpla alguna de las condiciones previstas en la normativa de protecci\u00f3n de datos.<\/li>\n \t<li>En determinadas circunstancias y por motivos relacionados con su situaci\u00f3n particular al tratamiento de sus datos, los interesados podr\u00e1n oponerse al tratamiento de sus datos. ARBEL KOOPERATIBA SOZIETATEA dejar\u00e1 de tratar los datos, salvo por motivos leg\u00edtimos imperiosos, o el ejercicio o la defensa de posibles reclamaciones.<\/li>\n \t<li>Obtener intervenci\u00f3n humana, a expresar su punto de vista y a impugnar las decisiones automatizadas a adoptadas.<\/li>\n \t<li>Solicitar la portabilidad de sus datos.<\/li>\n \t<li>Reclamar ante la Agencia Espa\u00f1ola de Protecci\u00f3n de Datos (<a href=\"https:\/\/www.aepd.es\/\" target=\"_blank\">www.agpd.es<\/a>) cuando el interesado considere que ARBEL KOOPERATIBA SOZIETATEA ha vulnerado los derechos que le son reconocidos por la normativa aplicable en protecci\u00f3n de datos.<\/li>\n<\/ul>\t\t\n\t<\/div>\n<\/div>\t\t\t\t<\/div>\n\t\t\t\t<\/div>\n\t\t            <\/div>\r\n        <\/div>\r\n        \t\t\t<\/div>\n\t\t<\/section>\n\t\t            <\/div>\r\n        <\/div>\r\n        \t\t\t<\/div>\n\t\t<\/section>\n\t\t\t\t<\/div>\n\t\t","protected":false},"excerpt":{"rendered":"<p>Pol\u00edtica de privacidad \u00bfQui\u00e9n es el responsable de sus datos? Titular: ARBEL KOOPERATIBA SOZIETATEA CIF: F01027523 Domicilio social: C\/ ERROTABARRI , 1 &#8211; Aramaio (\u00c1lava &#8211; 01160) Tel\u00e9fono de contacto: 945445119 | 656789589 Por favor, tenga en cuenta que la presente Pol\u00edtica de Privacidad no aborda, y no seremos responsables de, la privacidad, informaci\u00f3n u [&hellip;]<\/p>\n","protected":false},"author":1,"featured_media":0,"parent":0,"menu_order":0,"comment_status":"closed","ping_status":"closed","template":"","meta":{"footnotes":""},"class_list":["post-12784","page","type-page","status-publish","hentry"],"jetpack_sharing_enabled":true,"_links":{"self":[{"href":"https:\/\/www.arbel.eus\/es\/wp-json\/wp\/v2\/pages\/12784","targetHints":{"allow":["GET"]}}],"collection":[{"href":"https:\/\/www.arbel.eus\/es\/wp-json\/wp\/v2\/pages"}],"about":[{"href":"https:\/\/www.arbel.eus\/es\/wp-json\/wp\/v2\/types\/page"}],"author":[{"embeddable":true,"href":"https:\/\/www.arbel.eus\/es\/wp-json\/wp\/v2\/users\/1"}],"replies":[{"embeddable":true,"href":"https:\/\/www.arbel.eus\/es\/wp-json\/wp\/v2\/comments?post=12784"}],"version-history":[{"count":7,"href":"https:\/\/www.arbel.eus\/es\/wp-json\/wp\/v2\/pages\/12784\/revisions"}],"predecessor-version":[{"id":12797,"href":"https:\/\/www.arbel.eus\/es\/wp-json\/wp\/v2\/pages\/12784\/revisions\/12797"}],"wp:attachment":[{"href":"https:\/\/www.arbel.eus\/es\/wp-json\/wp\/v2\/media?parent=12784"}],"curies":[{"name":"wp","href":"https:\/\/api.w.org\/{rel}","templated":true}]}}