{"id":12801,"date":"2026-04-10T09:13:16","date_gmt":"2026-04-10T08:13:16","guid":{"rendered":"https:\/\/www.arbel.eus\/?page_id=12801"},"modified":"2026-04-10T10:16:33","modified_gmt":"2026-04-10T09:16:33","slug":"politica-de-cookies","status":"publish","type":"page","link":"https:\/\/www.arbel.eus\/es\/politica-de-cookies\/","title":{"rendered":"Pol\u00edtica de cookies"},"content":{"rendered":"\t\t<div data-elementor-type=\"wp-page\" data-elementor-id=\"12801\" class=\"elementor elementor-12801\" data-elementor-post-type=\"page\">\n\t\t\t\t        <section class=\"elementor-section elementor-top-section elementor-element elementor-element-14cf229 elementor-section-stretched elementor-section-boxed elementor-section-height-default elementor-section-height-default pxl-row-scroll-none pxl-zoom-point-false pxl-section-overflow-visible pxl-section-fix-none pxl-bg-color-none pxl-section-overlay-none\" data-id=\"14cf229\" data-element_type=\"section\" data-settings=\"{&quot;stretch_section&quot;:&quot;section-stretched&quot;,&quot;background_background&quot;:&quot;classic&quot;}\">\n\n                \n                <div class=\"elementor-container elementor-column-gap-extended \">\n                <div class=\"elementor-column elementor-col-100 elementor-top-column elementor-element elementor-element-b53a007 pxl-column-none pxl-column-overflow-hidden-no\" data-id=\"b53a007\" data-element_type=\"column\">\r\n        <div class=\"elementor-widget-wrap elementor-element-populated\">\r\n                     \r\n                <section class=\"elementor-section elementor-inner-section elementor-element elementor-element-c03bdf2 elementor-section-boxed elementor-section-height-default elementor-section-height-default pxl-row-scroll-none pxl-zoom-point-false pxl-section-overflow-visible pxl-section-fix-none pxl-bg-color-none pxl-section-overlay-none\" data-id=\"c03bdf2\" data-element_type=\"section\">\n\n                \n                <div class=\"elementor-container elementor-column-gap-extended \">\n                <div class=\"elementor-column elementor-col-100 elementor-inner-column elementor-element elementor-element-01bd187 pxl-column-none pxl-column-overflow-hidden-no\" data-id=\"01bd187\" data-element_type=\"column\">\r\n        <div class=\"elementor-widget-wrap elementor-element-populated\">\r\n                     \r\n        \t\t<div class=\"elementor-element elementor-element-dca8309 elementor-widget elementor-widget-pxl_heading\" data-id=\"dca8309\" data-element_type=\"widget\" data-widget_type=\"pxl_heading.default\">\n\t\t\t\t<div class=\"elementor-widget-container\">\n\t\t\t\t\t\n<div id=\"pxl-pxl_heading-dca8309-1423\" class=\"pxl-heading px-sub-title-default-style \">\n\t<div class=\"pxl-heading--inner\">\n\t\t\n\t\t<h3 class=\"pxl-item--title style-default highlight-default pxl-split-text split-in-right\" data-wow-delay=\"ms\">\n\n\t\t\t<span class=\"pxl-heading--text\">\n\n\t\t\t\t\t\t\t\t\tPol\u00edtica de cookies\t\n\t\t\t\t\t\n\n\t\t\t<\/span>\n\t\t<\/h3>\n\t\t\n\t<\/div>\n<\/div>\t\t\t\t<\/div>\n\t\t\t\t<\/div>\n\t\t\t\t<div class=\"elementor-element elementor-element-ca184f4 elementor-widget elementor-widget-pxl_text_editor\" data-id=\"ca184f4\" data-element_type=\"widget\" data-widget_type=\"pxl_text_editor.default\">\n\t\t\t\t<div class=\"elementor-widget-container\">\n\t\t\t\t\t<div class=\"pxl-text-editor d-flex highlight-gradient\">\n\t<div class=\"pxl-item--inner  \" data-wow-delay=\"ms\">\n\t\tEste sitio web utiliza cookies. Si pulsa el bot\u00f3n &#8220;Autorizo&#8221;, da su consentimiento a las cookies mencionadas y a nuestra pol\u00edtica de cookies, pulse el enlace &#8220;Leer m\u00e1s&#8221; para saber c\u00f3mo retirar las cookies.\t\t\n\t<\/div>\n<\/div>\t\t\t\t<\/div>\n\t\t\t\t<\/div>\n\t\t\t\t<div class=\"elementor-element elementor-element-540fa6d elementor-widget elementor-widget-pxl_heading\" data-id=\"540fa6d\" data-element_type=\"widget\" data-widget_type=\"pxl_heading.default\">\n\t\t\t\t<div class=\"elementor-widget-container\">\n\t\t\t\t\t\n<div id=\"pxl-pxl_heading-540fa6d-8659\" class=\"pxl-heading px-sub-title-default-style \">\n\t<div class=\"pxl-heading--inner\">\n\t\t\n\t\t<h3 class=\"pxl-item--title style-default highlight-default \" data-wow-delay=\"ms\">\n\n\t\t\t<span class=\"pxl-heading--text\">\n\n\t\t\t\t\t\t\t\t\t\u00bfQu\u00e9 son las cookies?\t\n\t\t\t\t\t\n\n\t\t\t<\/span>\n\t\t<\/h3>\n\t\t\n\t<\/div>\n<\/div>\t\t\t\t<\/div>\n\t\t\t\t<\/div>\n\t\t\t\t<div class=\"elementor-element elementor-element-6e35b3b elementor-widget elementor-widget-pxl_text_editor\" data-id=\"6e35b3b\" data-element_type=\"widget\" data-widget_type=\"pxl_text_editor.default\">\n\t\t\t\t<div class=\"elementor-widget-container\">\n\t\t\t\t\t<div class=\"pxl-text-editor d-flex highlight-gradient\">\n\t<div class=\"pxl-item--inner  \" data-wow-delay=\"ms\">\n\t\tLas cookies son archivos que se almacenan en nuestro dispositivo (ordenador, smartphone, televisi\u00f3n, tablet&#8230;) al visitar diferentes sitios web. Su misi\u00f3n es que los sitios web guarden informaci\u00f3n del visitante, como h\u00e1bitos de navegaci\u00f3n, otras implantaciones, y en algunos casos, su identidad.\t\t\n\t<\/div>\n<\/div>\t\t\t\t<\/div>\n\t\t\t\t<\/div>\n\t\t\t\t<div class=\"elementor-element elementor-element-523e250 elementor-widget elementor-widget-pxl_text_editor\" data-id=\"523e250\" data-element_type=\"widget\" data-widget_type=\"pxl_text_editor.default\">\n\t\t\t\t<div class=\"elementor-widget-container\">\n\t\t\t\t\t<div class=\"pxl-text-editor d-flex highlight-gradient\">\n\t<div class=\"pxl-item--inner  \" data-wow-delay=\"ms\">\n\t\tEl navegador del visitante s\u00f3lo almacena cookies en el disco duro durante la sesi\u00f3n. Ocupan muy poco y no da\u00f1an el ordenador del visitante. Las cookies no almacenan ning\u00fan tipo de informaci\u00f3n personal concreta y la mayor\u00eda se borran del disco duro cuando se cierra la sesi\u00f3n del navegador.\t\t\n\t<\/div>\n<\/div>\t\t\t\t<\/div>\n\t\t\t\t<\/div>\n\t\t\t\t<div class=\"elementor-element elementor-element-d7d3c20 elementor-widget elementor-widget-pxl_text_editor\" data-id=\"d7d3c20\" data-element_type=\"widget\" data-widget_type=\"pxl_text_editor.default\">\n\t\t\t\t<div class=\"elementor-widget-container\">\n\t\t\t\t\t<div class=\"pxl-text-editor d-flex highlight-gradient\">\n\t<div class=\"pxl-item--inner  \" data-wow-delay=\"ms\">\n\t\tLa mayor\u00eda de los navegadores aceptan cookies como est\u00e1ndar y aceptan o rechazan cookies temporales y memorizadas mediante ajustes de seguridad.\t\t\n\t<\/div>\n<\/div>\t\t\t\t<\/div>\n\t\t\t\t<\/div>\n\t\t\t\t<div class=\"elementor-element elementor-element-bb436a3 elementor-widget elementor-widget-pxl_heading\" data-id=\"bb436a3\" data-element_type=\"widget\" data-widget_type=\"pxl_heading.default\">\n\t\t\t\t<div class=\"elementor-widget-container\">\n\t\t\t\t\t\n<div id=\"pxl-pxl_heading-bb436a3-8793\" class=\"pxl-heading px-sub-title-default-style \">\n\t<div class=\"pxl-heading--inner\">\n\t\t\n\t\t<h3 class=\"pxl-item--title style-default highlight-default \" data-wow-delay=\"ms\">\n\n\t\t\t<span class=\"pxl-heading--text\">\n\n\t\t\t\t\t\t\t\t\tTipos de cookies\t\n\t\t\t\t\t\n\n\t\t\t<\/span>\n\t\t<\/h3>\n\t\t\n\t<\/div>\n<\/div>\t\t\t\t<\/div>\n\t\t\t\t<\/div>\n\t\t\t\t<div class=\"elementor-element elementor-element-9c9afd9 elementor-widget elementor-widget-pxl_text_editor\" data-id=\"9c9afd9\" data-element_type=\"widget\" data-widget_type=\"pxl_text_editor.default\">\n\t\t\t\t<div class=\"elementor-widget-container\">\n\t\t\t\t\t<div class=\"pxl-text-editor d-flex highlight-gradient\">\n\t<div class=\"pxl-item--inner  \" data-wow-delay=\"ms\">\n\t\t<p>Seg\u00fan la entidad gestora de las cookies:<\/p>\t\t\n\t<\/div>\n<\/div>\t\t\t\t<\/div>\n\t\t\t\t<\/div>\n\t\t\t\t<div class=\"elementor-element elementor-element-a3dcd18 elementor-widget elementor-widget-pxl_text_editor\" data-id=\"a3dcd18\" data-element_type=\"widget\" data-widget_type=\"pxl_text_editor.default\">\n\t\t\t\t<div class=\"elementor-widget-container\">\n\t\t\t\t\t<div class=\"pxl-text-editor d-flex highlight-gradient\">\n\t<div class=\"pxl-item--inner  \" data-wow-delay=\"ms\">\n\t\t<ul><li><b>Cookies propias:<\/b> se env\u00edan al equipo terminal del usuario desde un equipo gestionado por el propio editor y utilizado para prestar el servicio solicitado por el usuario.<\/li><li><b>Cookies de terceros:<\/b> estas cookies se env\u00edan al equipo terminal del usuario desde un equipo gestionado por otro distinto del editor. Quien gestiona el equipo tambi\u00e9n se encarga del tratamiento de los datos obtenidos a trav\u00e9s de las cookies.<\/li><\/ul>\t\t\n\t<\/div>\n<\/div>\t\t\t\t<\/div>\n\t\t\t\t<\/div>\n\t\t\t\t<div class=\"elementor-element elementor-element-aa78e14 elementor-widget elementor-widget-pxl_text_editor\" data-id=\"aa78e14\" data-element_type=\"widget\" data-widget_type=\"pxl_text_editor.default\">\n\t\t\t\t<div class=\"elementor-widget-container\">\n\t\t\t\t\t<div class=\"pxl-text-editor d-flex highlight-gradient\">\n\t<div class=\"pxl-item--inner  \" data-wow-delay=\"ms\">\n\t\t<p>En funci\u00f3n del tiempo que permanezcan activados:<\/p>\t\t\n\t<\/div>\n<\/div>\t\t\t\t<\/div>\n\t\t\t\t<\/div>\n\t\t\t\t<div class=\"elementor-element elementor-element-074d0db elementor-widget elementor-widget-pxl_text_editor\" data-id=\"074d0db\" data-element_type=\"widget\" data-widget_type=\"pxl_text_editor.default\">\n\t\t\t\t<div class=\"elementor-widget-container\">\n\t\t\t\t\t<div class=\"pxl-text-editor d-flex highlight-gradient\">\n\t<div class=\"pxl-item--inner  \" data-wow-delay=\"ms\">\n\t\t<ul><li><b>Cookies de sesi\u00f3n:<\/b> este tipo de cookies est\u00e1 dise\u00f1ado para recibir y almacenar los datos en el momento en que el usuario accede a una p\u00e1gina web.<\/li><li><b>Cookies permanentes:<\/b> los datos que contienen estas cookies permanecen almacenados en el terminal durante un tiempo determinado, durante el cual el responsable de la cookie puede adquirirlos y tratarlos.<\/li><\/ul>\t\t\n\t<\/div>\n<\/div>\t\t\t\t<\/div>\n\t\t\t\t<\/div>\n\t\t\t\t<div class=\"elementor-element elementor-element-f4724af elementor-widget elementor-widget-pxl_text_editor\" data-id=\"f4724af\" data-element_type=\"widget\" data-widget_type=\"pxl_text_editor.default\">\n\t\t\t\t<div class=\"elementor-widget-container\">\n\t\t\t\t\t<div class=\"pxl-text-editor d-flex highlight-gradient\">\n\t<div class=\"pxl-item--inner  \" data-wow-delay=\"ms\">\n\t\t<p>Seg\u00fan el objetivo:<\/p>\t\t\n\t<\/div>\n<\/div>\t\t\t\t<\/div>\n\t\t\t\t<\/div>\n\t\t\t\t<div class=\"elementor-element elementor-element-2ae0f54 elementor-widget elementor-widget-pxl_text_editor\" data-id=\"2ae0f54\" data-element_type=\"widget\" data-widget_type=\"pxl_text_editor.default\">\n\t\t\t\t<div class=\"elementor-widget-container\">\n\t\t\t\t\t<div class=\"pxl-text-editor d-flex highlight-gradient\">\n\t<div class=\"pxl-item--inner  \" data-wow-delay=\"ms\">\n\t\t<ul>\n \t<li><b>Cookies t\u00e9cnicas:<\/b> estas cookies permiten al usuario navegar por la p\u00e1gina web, plataforma o aplicaci\u00f3n y utilizar las posibilidades y servicios que ofrece la p\u00e1gina web. Por ejemplo, controlar el tr\u00e1fico y la comunicaci\u00f3n de datos, identificar la sesi\u00f3n, acceder a espacios con acceso restringido, recordar los elementos de una demanda, solicitar la inscripci\u00f3n o participaci\u00f3n en un evento, utilizar elementos de seguridad durante la navegaci\u00f3n, almacenar contenidos para la difusi\u00f3n de v\u00eddeos o sonidos o compartir contenidos a trav\u00e9s de las redes sociales.<\/li>\n \t<li><b>Cookies de personalizaci\u00f3n:<\/b> cookies que permiten al usuario acceder al servicio con diferentes caracter\u00edsticas predefinidas en su equipo terminal o definidas por el propio usuario. Por ejemplo, el idioma, el tipo de navegador con el que accede al servicio, el dise\u00f1o de los contenidos seleccionados, la geolocalizaci\u00f3n del terminal y la configuraci\u00f3n de la regi\u00f3n de acceso al servicio, etc.<\/li>\n \t<li><b>Cookies de an\u00e1lisis:<\/b> cookies que permiten realizar un seguimiento y an\u00e1lisis del comportamiento de los usuarios en los sitios web. La informaci\u00f3n contenida en este tipo de cookies se utiliza para medir la actividad de los sitios web, aplicaci\u00f3n o plataforma, as\u00ed como para preparar los perfiles de navegaci\u00f3n de los usuarios de dichos sitios web para realizar mejoras en el servicio a la vista de la forma en que los usuarios se benefician del mismo.<\/li>\n \t<li><b>Cookies publicitarias:<\/b> estas cookies permiten gestionar eficazmente los espacios publicitarios integrados en la web o aplicaci\u00f3n de prestaci\u00f3n del servicio en base a criterios como el contenido editado o la frecuencia de exhibici\u00f3n de anuncios.<\/li>\n \t<li><b>Cookies publicitarias comportamentales:<\/b> permiten gestionar eficazmente los espacios publicitarios integrados en la web o aplicaci\u00f3n de prestaci\u00f3n del servicio. Estas cookies almacenan, a trav\u00e9s de la observaci\u00f3n, informaci\u00f3n sobre el comportamiento del usuario, para posteriormente desarrollar un perfil concreto del usuario y mostrar publicidad de un tipo u otro en funci\u00f3n de dicho perfil.<\/li>\n<\/ul>\t\t\n\t<\/div>\n<\/div>\t\t\t\t<\/div>\n\t\t\t\t<\/div>\n\t\t\t\t<div class=\"elementor-element elementor-element-797a26b elementor-widget elementor-widget-pxl_heading\" data-id=\"797a26b\" data-element_type=\"widget\" data-widget_type=\"pxl_heading.default\">\n\t\t\t\t<div class=\"elementor-widget-container\">\n\t\t\t\t\t\n<div id=\"pxl-pxl_heading-797a26b-2303\" class=\"pxl-heading px-sub-title-default-style \">\n\t<div class=\"pxl-heading--inner\">\n\t\t\n\t\t<h3 class=\"pxl-item--title style-default highlight-default \" data-wow-delay=\"ms\">\n\n\t\t\t<span class=\"pxl-heading--text\">\n\n\t\t\t\t\t\t\t\t\tConfiguraci\u00f3n e inhabilitaci\u00f3n de cookies\t\n\t\t\t\t\t\n\n\t\t\t<\/span>\n\t\t<\/h3>\n\t\t\n\t<\/div>\n<\/div>\t\t\t\t<\/div>\n\t\t\t\t<\/div>\n\t\t\t\t<div class=\"elementor-element elementor-element-25ae24b elementor-widget elementor-widget-pxl_text_editor\" data-id=\"25ae24b\" data-element_type=\"widget\" data-widget_type=\"pxl_text_editor.default\">\n\t\t\t\t<div class=\"elementor-widget-container\">\n\t\t\t\t\t<div class=\"pxl-text-editor d-flex highlight-gradient\">\n\t<div class=\"pxl-item--inner  \" data-wow-delay=\"ms\">\n\t\tLe informamos de que se puede configurar el navegador para que rechace o acepte las cookies o para que \u00e9stas se borren despu\u00e9s del cierre del navegador, equipo o dispositivo.\t\t\n\t<\/div>\n<\/div>\t\t\t\t<\/div>\n\t\t\t\t<\/div>\n\t\t\t\t<div class=\"elementor-element elementor-element-6cf8843 elementor-widget elementor-widget-pxl_text_editor\" data-id=\"6cf8843\" data-element_type=\"widget\" data-widget_type=\"pxl_text_editor.default\">\n\t\t\t\t<div class=\"elementor-widget-container\">\n\t\t\t\t\t<div class=\"pxl-text-editor d-flex highlight-gradient\">\n\t<div class=\"pxl-item--inner  \" data-wow-delay=\"ms\">\n\t\tEn los principales navegadores, las cookies se configuran de la siguiente manera:\t\t\n\t<\/div>\n<\/div>\t\t\t\t<\/div>\n\t\t\t\t<\/div>\n\t\t\t\t<div class=\"elementor-element elementor-element-00414fe elementor-widget elementor-widget-pxl_text_editor\" data-id=\"00414fe\" data-element_type=\"widget\" data-widget_type=\"pxl_text_editor.default\">\n\t\t\t\t<div class=\"elementor-widget-container\">\n\t\t\t\t\t<div class=\"pxl-text-editor d-flex highlight-gradient\">\n\t<div class=\"pxl-item--inner  \" data-wow-delay=\"ms\">\n\t\t<ul><li>Google Chrome &gt; Configuraci\u00f3n &gt; Mostrar opciones avanzadas &gt; Privacidad &gt; Configuraci\u00f3n del contenido &gt; Cookies.<\/li><li>Firefox &gt; Instrumentos &gt; Selecci\u00f3n &gt; Privaci\u00f3n &gt; Historia &gt; Configuraci\u00f3n personalizada.<\/li><li>Internet Explorer &gt; Herramientas &gt; Internet opci\u00f3n &gt; Privacidad &gt; Avanzado.<\/li><li>Safari &gt; Prioridades &gt; Privacidad.<\/li><\/ul>\t\t\n\t<\/div>\n<\/div>\t\t\t\t<\/div>\n\t\t\t\t<\/div>\n\t\t\t\t<div class=\"elementor-element elementor-element-22af9e4 elementor-widget elementor-widget-pxl_text_editor\" data-id=\"22af9e4\" data-element_type=\"widget\" data-widget_type=\"pxl_text_editor.default\">\n\t\t\t\t<div class=\"elementor-widget-container\">\n\t\t\t\t\t<div class=\"pxl-text-editor d-flex highlight-gradient\">\n\t<div class=\"pxl-item--inner  \" data-wow-delay=\"ms\">\n\t\tAdem\u00e1s, hay que tener en cuenta que si el contenido del portal web se comparte con amigos a trav\u00e9s de las redes sociales (Facebook y Twitter), tambi\u00e9n se pueden recibir cookies de esos sitios web. No podemos controlar los ajustes de las cookies de terceros, por lo que recomendamos comprobar los sitios web de estos terceros para tener m\u00e1s informaci\u00f3n sobre sus cookies y c\u00f3mo gestionarlas.\t\t\n\t<\/div>\n<\/div>\t\t\t\t<\/div>\n\t\t\t\t<\/div>\n\t\t\t\t<div class=\"elementor-element elementor-element-03e1e86 elementor-widget elementor-widget-pxl_heading\" data-id=\"03e1e86\" data-element_type=\"widget\" data-widget_type=\"pxl_heading.default\">\n\t\t\t\t<div class=\"elementor-widget-container\">\n\t\t\t\t\t\n<div id=\"pxl-pxl_heading-03e1e86-4636\" class=\"pxl-heading px-sub-title-default-style \">\n\t<div class=\"pxl-heading--inner\">\n\t\t\n\t\t<h3 class=\"pxl-item--title style-default highlight-default \" data-wow-delay=\"ms\">\n\n\t\t\t<span class=\"pxl-heading--text\">\n\n\t\t\t\t\t\t\t\t\tActualizaci\u00f3n y cambios en la pol\u00edtica de cookies\t\n\t\t\t\t\t\n\n\t\t\t<\/span>\n\t\t<\/h3>\n\t\t\n\t<\/div>\n<\/div>\t\t\t\t<\/div>\n\t\t\t\t<\/div>\n\t\t\t\t<div class=\"elementor-element elementor-element-abd373e elementor-widget elementor-widget-pxl_text_editor\" data-id=\"abd373e\" data-element_type=\"widget\" data-widget_type=\"pxl_text_editor.default\">\n\t\t\t\t<div class=\"elementor-widget-container\">\n\t\t\t\t\t<div class=\"pxl-text-editor d-flex highlight-gradient\">\n\t<div class=\"pxl-item--inner  \" data-wow-delay=\"ms\">\n\t\tLa pol\u00edtica de cookies de este sitio web puede ser modificada respetando las obligaciones legales y reglamentarias y siguiendo los mandatos de la Agencia Espa\u00f1ola de Protecci\u00f3n de Datos. Por ello, se recomienda una lectura espor\u00e1dica de la pol\u00edtica.\t\t\n\t<\/div>\n<\/div>\t\t\t\t<\/div>\n\t\t\t\t<\/div>\n\t\t\t\t<div class=\"elementor-element elementor-element-64d9094 elementor-widget elementor-widget-pxl_text_editor\" data-id=\"64d9094\" data-element_type=\"widget\" data-widget_type=\"pxl_text_editor.default\">\n\t\t\t\t<div class=\"elementor-widget-container\">\n\t\t\t\t\t<div class=\"pxl-text-editor d-flex highlight-gradient\">\n\t<div class=\"pxl-item--inner  \" data-wow-delay=\"ms\">\n\t\tLos cambios significativos se comunicar\u00e1n a los usuarios a trav\u00e9s de la web.\t\t\n\t<\/div>\n<\/div>\t\t\t\t<\/div>\n\t\t\t\t<\/div>\n\t\t\t\t<div class=\"elementor-element elementor-element-a9fd362 elementor-widget elementor-widget-pxl_text_editor\" data-id=\"a9fd362\" data-element_type=\"widget\" data-widget_type=\"pxl_text_editor.default\">\n\t\t\t\t<div class=\"elementor-widget-container\">\n\t\t\t\t\t<div class=\"pxl-text-editor d-flex highlight-gradient\">\n\t<div class=\"pxl-item--inner  \" data-wow-delay=\"ms\">\n\t\t<p>Cookies que se utilizan:<\/p>\t\t\n\t<\/div>\n<\/div>\t\t\t\t<\/div>\n\t\t\t\t<\/div>\n\t\t\t\t<div class=\"elementor-element elementor-element-35eac61 elementor-widget elementor-widget-pxl_text_editor\" data-id=\"35eac61\" data-element_type=\"widget\" data-widget_type=\"pxl_text_editor.default\">\n\t\t\t\t<div class=\"elementor-widget-container\">\n\t\t\t\t\t<div class=\"pxl-text-editor d-flex highlight-gradient\">\n\t<div class=\"pxl-item--inner  \" data-wow-delay=\"ms\">\n\t\t<ul>\n \t<li><b>Cookies wc_:<\/b> En la secci\u00f3n &#8220;Otros&#8221; aparecen muchas cookies que empiezan por wc_. Estas pertenecen a WooCommerce. Aunque el reporte original no ten\u00eda descripci\u00f3n, sirven para que el carrito de la compra funcione correctamente (guardar productos mientras navegas). Deber\u00edan clasificarse t\u00e9cnicamente como Necesarias o Funcionales en lugar de &#8220;Otros&#8221; si vas a configurar un banner de cookies real.<\/li>\n \t<li><b>Cookies sbjs_:<\/b> Pertenecen a una librer\u00eda llamada Sourcebuster JS, que se usa para trackear de d\u00f3nde vienen los visitantes (Google, Facebook, directo, etc.).<\/li>\n \t<li><b>Cookies tk_:<\/b> Pertenecen al plugin Jetpack (estad\u00edsticas y seguridad de WordPress).<\/li>\n<\/ul>\t\t\n\t<\/div>\n<\/div>\t\t\t\t<\/div>\n\t\t\t\t<\/div>\n\t\t\t\t<div class=\"elementor-element elementor-element-47689c6 elementor-widget elementor-widget-pxl_text_editor\" data-id=\"47689c6\" data-element_type=\"widget\" data-widget_type=\"pxl_text_editor.default\">\n\t\t\t\t<div class=\"elementor-widget-container\">\n\t\t\t\t\t<div class=\"pxl-text-editor d-flex highlight-gradient\">\n\t<div class=\"pxl-item--inner  \" data-wow-delay=\"ms\">\n\t\t<div class=\"tabla-responsive\">\n<table class=\"mi-tabla\">\n<thead>\n<tr>\n<th>Cookie<\/th>\n<th>Descripci\u00f3n<\/th>\n<th>Duraci\u00f3n<\/th>\n<th>Tipo<\/th>\n<\/tr>\n<\/thead>\n<tbody>\n<tr>\n<td>sbjs_migrations<\/td>\n<td>Sourcebuster establece esta cookie para identificar la fuente de una visita y almacena informaci\u00f3n sobre las acciones del usuario. Esta cookie anal\u00edtica y de comportamiento se utiliza para mejorar la experiencia del visitante en el sitio web.<\/td>\n<td>Sesi\u00f3n<\/td>\n<td>Anal\u00edtica<\/td>\n<\/tr>\n<tr>\n<td>sbjs_current_add<\/td>\n<td>Igual que la anterior: Identificaci\u00f3n de fuente y comportamiento del usuario.<\/td>\n<td>Sesi\u00f3n<\/td>\n<td>Anal\u00edtica<\/td>\n<\/tr>\n<tr>\n<td>sbjs_first_add<\/td>\n<td>Igual que la anterior: Identificaci\u00f3n de fuente y comportamiento del usuario.<\/td>\n<td>Sesi\u00f3n<\/td>\n<td>Anal\u00edtica<\/td>\n<\/tr>\n<tr>\n<td>sbjs_current<\/td>\n<td>Igual que la anterior: Identificaci\u00f3n de fuente y comportamiento del usuario.<\/td>\n<td>Sesi\u00f3n<\/td>\n<td>Anal\u00edtica<\/td>\n<\/tr>\n<tr>\n<td>sbjs_first<\/td>\n<td>Igual que la anterior: Identificaci\u00f3n de fuente y comportamiento del usuario.<\/td>\n<td>Sesi\u00f3n<\/td>\n<td>Anal\u00edtica<\/td>\n<\/tr>\n<tr>\n<td>sbjs_udata<\/td>\n<td>Igual que la anterior: Identificaci\u00f3n de fuente y comportamiento del usuario.<\/td>\n<td>Sesi\u00f3n<\/td>\n<td>Anal\u00edtica<\/td>\n<\/tr>\n<tr>\n<td>sbjs_session<\/td>\n<td>Igual que la anterior: Identificaci\u00f3n de fuente y comportamiento del usuario.<\/td>\n<td>1 hora<\/td>\n<td>Anal\u00edtica<\/td>\n<\/tr>\n<tr>\n<td>tk_or<\/td>\n<td>Cookie de referencia establecida por el plugin JetPack en sitios con WooCommerce. Analiza el comportamiento del referente para Jetpack.<\/td>\n<td>1 a\u00f1o, 1 mes, 4 d\u00edas<\/td>\n<td>Anal\u00edtica<\/td>\n<\/tr>\n<tr>\n<td>tk_r3d<\/td>\n<td>JetPack instala esta cookie para recopilar m\u00e9tricas internas de actividad del usuario y mejorar su experiencia.<\/td>\n<td>3 d\u00edas<\/td>\n<td>Anal\u00edtica<\/td>\n<\/tr>\n<tr>\n<td>tk_lr<\/td>\n<td>Cookie de referencia establecida por el plugin JetPack en sitios con WooCommerce. Analiza el comportamiento del referente para Jetpack.<\/td>\n<td>1 a\u00f1o<\/td>\n<td>Anal\u00edtica<\/td>\n<\/tr>\n<tr>\n<td>wp-wpml_current_language<\/td>\n<td>El plugin multiling\u00fce de WordPress (WPML) establece esta cookie para almacenar el idioma actual y la configuraci\u00f3n de idioma.<\/td>\n<td>Sesi\u00f3n<\/td>\n<td>Funcional<\/td>\n<\/tr>\n<tr>\n<td>woosw_key<\/td>\n<td>No hay descripci\u00f3n disponible.<\/td>\n<td>7 d\u00edas<\/td>\n<td>Otros<\/td>\n<\/tr>\n<tr>\n<td>tk_ai<\/td>\n<td>JetPack establece esta cookie para almacenar una ID an\u00f3nima generada aleatoriamente, utilizada solo en el \u00e1rea de administraci\u00f3n y para seguimiento anal\u00edtico general.<\/td>\n<td>1 a\u00f1o<\/td>\n<td>Anal\u00edtica<\/td>\n<\/tr>\n<\/tbody>\n<\/table>\n<\/div>\t\t\n\t<\/div>\n<\/div>\t\t\t\t<\/div>\n\t\t\t\t<\/div>\n\t\t            <\/div>\r\n        <\/div>\r\n        \t\t\t<\/div>\n\t\t<\/section>\n\t\t            <\/div>\r\n        <\/div>\r\n        \t\t\t<\/div>\n\t\t<\/section>\n\t\t\t\t<\/div>\n\t\t","protected":false},"excerpt":{"rendered":"<p>Pol\u00edtica de cookies Este sitio web utiliza cookies. Si pulsa el bot\u00f3n &#8220;Autorizo&#8221;, da su consentimiento a las cookies mencionadas y a nuestra pol\u00edtica de cookies, pulse el enlace &#8220;Leer m\u00e1s&#8221; para saber c\u00f3mo retirar las cookies. \u00bfQu\u00e9 son las cookies? Las cookies son archivos que se almacenan en nuestro dispositivo (ordenador, smartphone, televisi\u00f3n, tablet&#8230;) [&hellip;]<\/p>\n","protected":false},"author":1,"featured_media":0,"parent":0,"menu_order":0,"comment_status":"closed","ping_status":"closed","template":"","meta":{"footnotes":""},"class_list":["post-12801","page","type-page","status-publish","hentry"],"jetpack_sharing_enabled":true,"_links":{"self":[{"href":"https:\/\/www.arbel.eus\/es\/wp-json\/wp\/v2\/pages\/12801","targetHints":{"allow":["GET"]}}],"collection":[{"href":"https:\/\/www.arbel.eus\/es\/wp-json\/wp\/v2\/pages"}],"about":[{"href":"https:\/\/www.arbel.eus\/es\/wp-json\/wp\/v2\/types\/page"}],"author":[{"embeddable":true,"href":"https:\/\/www.arbel.eus\/es\/wp-json\/wp\/v2\/users\/1"}],"replies":[{"embeddable":true,"href":"https:\/\/www.arbel.eus\/es\/wp-json\/wp\/v2\/comments?post=12801"}],"version-history":[{"count":31,"href":"https:\/\/www.arbel.eus\/es\/wp-json\/wp\/v2\/pages\/12801\/revisions"}],"predecessor-version":[{"id":12848,"href":"https:\/\/www.arbel.eus\/es\/wp-json\/wp\/v2\/pages\/12801\/revisions\/12848"}],"wp:attachment":[{"href":"https:\/\/www.arbel.eus\/es\/wp-json\/wp\/v2\/media?parent=12801"}],"curies":[{"name":"wp","href":"https:\/\/api.w.org\/{rel}","templated":true}]}}