{"id":12852,"date":"2026-04-12T09:47:50","date_gmt":"2026-04-12T08:47:50","guid":{"rendered":"https:\/\/www.arbel.eus\/?page_id=12852"},"modified":"2026-04-12T09:54:19","modified_gmt":"2026-04-12T08:54:19","slug":"envios","status":"publish","type":"page","link":"https:\/\/www.arbel.eus\/es\/envios\/","title":{"rendered":"Env\u00edos"},"content":{"rendered":"\t\t<div data-elementor-type=\"wp-page\" data-elementor-id=\"12852\" class=\"elementor elementor-12852 elementor-12857\" data-elementor-post-type=\"page\">\n\t\t\t\t        <section class=\"elementor-section elementor-top-section elementor-element elementor-element-14cf229 elementor-section-stretched elementor-section-boxed elementor-section-height-default elementor-section-height-default pxl-row-scroll-none pxl-zoom-point-false pxl-section-overflow-visible pxl-section-fix-none pxl-bg-color-none pxl-section-overlay-none\" data-id=\"14cf229\" data-element_type=\"section\" data-settings=\"{&quot;stretch_section&quot;:&quot;section-stretched&quot;,&quot;background_background&quot;:&quot;classic&quot;}\">\n\n                \n                <div class=\"elementor-container elementor-column-gap-extended \">\n                <div class=\"elementor-column elementor-col-100 elementor-top-column elementor-element elementor-element-b53a007 pxl-column-none pxl-column-overflow-hidden-no\" data-id=\"b53a007\" data-element_type=\"column\">\r\n        <div class=\"elementor-widget-wrap elementor-element-populated\">\r\n                     \r\n                <section class=\"elementor-section elementor-inner-section elementor-element elementor-element-c03bdf2 elementor-section-boxed elementor-section-height-default elementor-section-height-default pxl-row-scroll-none pxl-zoom-point-false pxl-section-overflow-visible pxl-section-fix-none pxl-bg-color-none pxl-section-overlay-none\" data-id=\"c03bdf2\" data-element_type=\"section\">\n\n                \n                <div class=\"elementor-container elementor-column-gap-extended \">\n                <div class=\"elementor-column elementor-col-100 elementor-inner-column elementor-element elementor-element-01bd187 pxl-column-none pxl-column-overflow-hidden-no\" data-id=\"01bd187\" data-element_type=\"column\">\r\n        <div class=\"elementor-widget-wrap elementor-element-populated\">\r\n                     \r\n        \t\t<div class=\"elementor-element elementor-element-dca8309 elementor-widget elementor-widget-pxl_heading\" data-id=\"dca8309\" data-element_type=\"widget\" data-widget_type=\"pxl_heading.default\">\n\t\t\t\t<div class=\"elementor-widget-container\">\n\t\t\t\t\t\n<div id=\"pxl-pxl_heading-dca8309-1766\" class=\"pxl-heading px-sub-title-default-style \">\n\t<div class=\"pxl-heading--inner\">\n\t\t\n\t\t<h3 class=\"pxl-item--title style-default highlight-default pxl-split-text split-in-right\" data-wow-delay=\"ms\">\n\n\t\t\t<span class=\"pxl-heading--text\">\n\n\t\t\t\t\t\t\t\t\tEnv\u00edos\t\n\t\t\t\t\t\n\n\t\t\t<\/span>\n\t\t<\/h3>\n\t\t\n\t<\/div>\n<\/div>\t\t\t\t<\/div>\n\t\t\t\t<\/div>\n\t\t\t\t<div class=\"elementor-element elementor-element-93525b1 elementor-widget elementor-widget-pxl_text_editor\" data-id=\"93525b1\" data-element_type=\"widget\" data-widget_type=\"pxl_text_editor.default\">\n\t\t\t\t<div class=\"elementor-widget-container\">\n\t\t\t\t\t<div class=\"pxl-text-editor d-flex highlight-gradient\">\n\t<div class=\"pxl-item--inner  \" data-wow-delay=\"ms\">\n\t\tEn los casos en los que proceda realizar la entrega f\u00edsica del bien contratado, las entregas se efectuar\u00e1n en el \u00e1mbito del siguiente territorio: Espa\u00f1a (Pen\u00ednsula y Baleares).\t\t\n\t<\/div>\n<\/div>\t\t\t\t<\/div>\n\t\t\t\t<\/div>\n\t\t\t\t<div class=\"elementor-element elementor-element-6cf8843 elementor-widget elementor-widget-pxl_text_editor\" data-id=\"6cf8843\" data-element_type=\"widget\" data-widget_type=\"pxl_text_editor.default\">\n\t\t\t\t<div class=\"elementor-widget-container\">\n\t\t\t\t\t<div class=\"pxl-text-editor d-flex highlight-gradient\">\n\t<div class=\"pxl-item--inner  \" data-wow-delay=\"ms\">\n\t\tExceptuando aquellos casos en los que existan circunstancias imprevistas o extraordinarias o, en su caso, derivadas de la personalizaci\u00f3n de los productos, el pedido de compra consistente en los productos relacionados en cada confirmaci\u00f3n de compra ser\u00e1 entregado en el plazo se\u00f1alado en el Sitio Web seg\u00fan el m\u00e9todo de env\u00edo seleccionado por el Usuario y, en todo caso, en el plazo m\u00e1ximo de 30 d\u00edas naturales a contar desde la fecha de la confirmaci\u00f3n del pedido.\t\t\n\t<\/div>\n<\/div>\t\t\t\t<\/div>\n\t\t\t\t<\/div>\n\t\t\t\t<div class=\"elementor-element elementor-element-1f3394f elementor-widget elementor-widget-pxl_text_editor\" data-id=\"1f3394f\" data-element_type=\"widget\" data-widget_type=\"pxl_text_editor.default\">\n\t\t\t\t<div class=\"elementor-widget-container\">\n\t\t\t\t\t<div class=\"pxl-text-editor d-flex highlight-gradient\">\n\t<div class=\"pxl-item--inner  \" data-wow-delay=\"ms\">\n\t\tSi por alg\u00fan motivo, que le fuera imputable, ARBEL no pudiera cumplir con la fecha de entrega, contactar\u00e1 al Usuario para informarle de esta circunstancia y, \u00e9ste podr\u00e1 elegir seguir adelante con la compra estableciendo una nueva fecha de entrega o bien anular el pedido con el reembolso total del precio pagado. En cualquier caso, las entregas a domicilio se realizan en d\u00edas laborables.\t\t\n\t<\/div>\n<\/div>\t\t\t\t<\/div>\n\t\t\t\t<\/div>\n\t\t\t\t<div class=\"elementor-element elementor-element-05d6130 elementor-widget elementor-widget-pxl_text_editor\" data-id=\"05d6130\" data-element_type=\"widget\" data-widget_type=\"pxl_text_editor.default\">\n\t\t\t\t<div class=\"elementor-widget-container\">\n\t\t\t\t\t<div class=\"pxl-text-editor d-flex highlight-gradient\">\n\t<div class=\"pxl-item--inner  \" data-wow-delay=\"ms\">\n\t\tSi resultara imposible efectuar la entrega del pedido por ausencia del Usuario, el pedido podr\u00eda ser devuelto al almac\u00e9n. No obstante, el transportista dejar\u00eda un aviso explicando d\u00f3nde se encuentra el pedido y c\u00f3mo hacer para que sea entregado de nuevo.\t\t\n\t<\/div>\n<\/div>\t\t\t\t<\/div>\n\t\t\t\t<\/div>\n\t\t\t\t<div class=\"elementor-element elementor-element-2d7a995 elementor-widget elementor-widget-pxl_text_editor\" data-id=\"2d7a995\" data-element_type=\"widget\" data-widget_type=\"pxl_text_editor.default\">\n\t\t\t\t<div class=\"elementor-widget-container\">\n\t\t\t\t\t<div class=\"pxl-text-editor d-flex highlight-gradient\">\n\t<div class=\"pxl-item--inner  \" data-wow-delay=\"ms\">\n\t\tSi el Usuario no va a estar en el lugar de entrega en la franja horaria convenida, debe ponerse en contacto con ARBEL para convenir la entrega otro d\u00eda.\t\t\n\t<\/div>\n<\/div>\t\t\t\t<\/div>\n\t\t\t\t<\/div>\n\t\t\t\t<div class=\"elementor-element elementor-element-fdae430 elementor-widget elementor-widget-pxl_text_editor\" data-id=\"fdae430\" data-element_type=\"widget\" data-widget_type=\"pxl_text_editor.default\">\n\t\t\t\t<div class=\"elementor-widget-container\">\n\t\t\t\t\t<div class=\"pxl-text-editor d-flex highlight-gradient\">\n\t<div class=\"pxl-item--inner  \" data-wow-delay=\"ms\">\n\t\tEn caso de que transcurran 30 d\u00edas desde que su pedido est\u00e9 disponible para su entrega, y no haya sido entregado por causa no imputable a ARBEL, ARBEL entender\u00e1 que el Usuario desea desistir del contrato y \u00e9ste se considerar\u00e1 resuelto. Como consecuencia de la resoluci\u00f3n del contrato, todos los pagos recibidos del Usuario le ser\u00e1n devueltos, a excepci\u00f3n de los gastos adicionales resultantes de la elecci\u00f3n propia del Usuario de una modalidad de entrega diferente a la modalidad menos costosa de entrega ordinaria que ofrece el Sitio Web, sin ninguna demora indebida y, en cualquier caso, en el plazo m\u00e1ximo de 14 d\u00edas naturales desde la fecha en que se considera resuelto el contrato.\t\t\n\t<\/div>\n<\/div>\t\t\t\t<\/div>\n\t\t\t\t<\/div>\n\t\t\t\t<div class=\"elementor-element elementor-element-2a59d68 elementor-widget elementor-widget-pxl_text_editor\" data-id=\"2a59d68\" data-element_type=\"widget\" data-widget_type=\"pxl_text_editor.default\">\n\t\t\t\t<div class=\"elementor-widget-container\">\n\t\t\t\t\t<div class=\"pxl-text-editor d-flex highlight-gradient\">\n\t<div class=\"pxl-item--inner  \" data-wow-delay=\"ms\">\n\t\tNo obstante, el Usuario debe tener presente que el transporte derivado de la resoluci\u00f3n puede tener un coste adicional que le podr\u00e1 ser repercutido.\t\t\n\t<\/div>\n<\/div>\t\t\t\t<\/div>\n\t\t\t\t<\/div>\n\t\t\t\t<div class=\"elementor-element elementor-element-e62ea97 elementor-widget elementor-widget-pxl_text_editor\" data-id=\"e62ea97\" data-element_type=\"widget\" data-widget_type=\"pxl_text_editor.default\">\n\t\t\t\t<div class=\"elementor-widget-container\">\n\t\t\t\t\t<div class=\"pxl-text-editor d-flex highlight-gradient\">\n\t<div class=\"pxl-item--inner  \" data-wow-delay=\"ms\">\n\t\tA efectos de las presentes Condiciones, se entender\u00e1 que se ha producido la entrega o que el pedido ha sido entregado en el momento en el que el Usuario o un tercero indicado por el Usuario adquiera la posesi\u00f3n material de los productos, lo que se acreditar\u00e1 mediante la firma de la recepci\u00f3n del pedido en la direcci\u00f3n de entrega convenida.\t\t\n\t<\/div>\n<\/div>\t\t\t\t<\/div>\n\t\t\t\t<\/div>\n\t\t\t\t<div class=\"elementor-element elementor-element-1dd087f elementor-widget elementor-widget-pxl_text_editor\" data-id=\"1dd087f\" data-element_type=\"widget\" data-widget_type=\"pxl_text_editor.default\">\n\t\t\t\t<div class=\"elementor-widget-container\">\n\t\t\t\t\t<div class=\"pxl-text-editor d-flex highlight-gradient\">\n\t<div class=\"pxl-item--inner  \" data-wow-delay=\"ms\">\n\t\tLos riesgos que de los productos se pudieran derivar ser\u00e1n a cargo del Usuario a partir del momento de su entrega. El Usuario adquiere la propiedad de los productos cuando ARBEL recibe el pago completo de todas las cantidades debidas en relaci\u00f3n a la compra o adquisici\u00f3n efectuada, incluidos los gastos de env\u00edo, o bien en el momento de la entrega, si \u00e9sta tiene lugar en un momento posterior a la recepci\u00f3n completa del importe objeto de pago por ARBEL.\t\t\n\t<\/div>\n<\/div>\t\t\t\t<\/div>\n\t\t\t\t<\/div>\n\t\t\t\t<div class=\"elementor-element elementor-element-68b21c7 elementor-widget elementor-widget-pxl_text_editor\" data-id=\"68b21c7\" data-element_type=\"widget\" data-widget_type=\"pxl_text_editor.default\">\n\t\t\t\t<div class=\"elementor-widget-container\">\n\t\t\t\t\t<div class=\"pxl-text-editor d-flex highlight-gradient\">\n\t<div class=\"pxl-item--inner  \" data-wow-delay=\"ms\">\n\t\tDe conformidad con lo dispuesto en la Ley 37\/1992, de 28 de diciembre, del Impuesto sobre el Valor A\u00f1adido (IVA), los pedidos de compra para su entrega y\/o prestaci\u00f3n se entender\u00e1n localizados en el territorio de aplicaci\u00f3n del IVA espa\u00f1ol si la direcci\u00f3n de entrega est\u00e1 en territorio espa\u00f1ol salvo Canarias, Ceuta y Melilla. El tipo de IVA aplicable ser\u00e1 el legalmente vigente en cada momento en funci\u00f3n del art\u00edculo concreto de que se trate.\t\t\n\t<\/div>\n<\/div>\t\t\t\t<\/div>\n\t\t\t\t<\/div>\n\t\t            <\/div>\r\n        <\/div>\r\n        \t\t\t<\/div>\n\t\t<\/section>\n\t\t            <\/div>\r\n        <\/div>\r\n        \t\t\t<\/div>\n\t\t<\/section>\n\t\t\t\t<\/div>\n\t\t","protected":false},"excerpt":{"rendered":"<p>Env\u00edos En los casos en los que proceda realizar la entrega f\u00edsica del bien contratado, las entregas se efectuar\u00e1n en el \u00e1mbito del siguiente territorio: Espa\u00f1a (Pen\u00ednsula y Baleares). Exceptuando aquellos casos en los que existan circunstancias imprevistas o extraordinarias o, en su caso, derivadas de la personalizaci\u00f3n de los productos, el pedido de compra [&hellip;]<\/p>\n","protected":false},"author":1,"featured_media":0,"parent":0,"menu_order":0,"comment_status":"closed","ping_status":"closed","template":"","meta":{"footnotes":""},"class_list":["post-12852","page","type-page","status-publish","hentry"],"jetpack_sharing_enabled":true,"_links":{"self":[{"href":"https:\/\/www.arbel.eus\/es\/wp-json\/wp\/v2\/pages\/12852","targetHints":{"allow":["GET"]}}],"collection":[{"href":"https:\/\/www.arbel.eus\/es\/wp-json\/wp\/v2\/pages"}],"about":[{"href":"https:\/\/www.arbel.eus\/es\/wp-json\/wp\/v2\/types\/page"}],"author":[{"embeddable":true,"href":"https:\/\/www.arbel.eus\/es\/wp-json\/wp\/v2\/users\/1"}],"replies":[{"embeddable":true,"href":"https:\/\/www.arbel.eus\/es\/wp-json\/wp\/v2\/comments?post=12852"}],"version-history":[{"count":5,"href":"https:\/\/www.arbel.eus\/es\/wp-json\/wp\/v2\/pages\/12852\/revisions"}],"predecessor-version":[{"id":12862,"href":"https:\/\/www.arbel.eus\/es\/wp-json\/wp\/v2\/pages\/12852\/revisions\/12862"}],"wp:attachment":[{"href":"https:\/\/www.arbel.eus\/es\/wp-json\/wp\/v2\/media?parent=12852"}],"curies":[{"name":"wp","href":"https:\/\/api.w.org\/{rel}","templated":true}]}}