{"id":12892,"date":"2026-04-12T10:42:12","date_gmt":"2026-04-12T09:42:12","guid":{"rendered":"https:\/\/www.arbel.eus\/?page_id=12892"},"modified":"2026-04-12T11:16:11","modified_gmt":"2026-04-12T10:16:11","slug":"compra-pago-y-seguridad","status":"publish","type":"page","link":"https:\/\/www.arbel.eus\/es\/compra-pago-y-seguridad\/","title":{"rendered":"Compra, pago y seguridad"},"content":{"rendered":"\t\t<div data-elementor-type=\"wp-page\" data-elementor-id=\"12892\" class=\"elementor elementor-12892 elementor-12897\" data-elementor-post-type=\"page\">\n\t\t\t\t        <section class=\"elementor-section elementor-top-section elementor-element elementor-element-14cf229 elementor-section-stretched elementor-section-boxed elementor-section-height-default elementor-section-height-default pxl-row-scroll-none pxl-zoom-point-false pxl-section-overflow-visible pxl-section-fix-none pxl-bg-color-none pxl-section-overlay-none\" data-id=\"14cf229\" data-element_type=\"section\" data-settings=\"{&quot;stretch_section&quot;:&quot;section-stretched&quot;,&quot;background_background&quot;:&quot;classic&quot;}\">\n\n                \n                <div class=\"elementor-container elementor-column-gap-extended \">\n                <div class=\"elementor-column elementor-col-100 elementor-top-column elementor-element elementor-element-b53a007 pxl-column-none pxl-column-overflow-hidden-no\" data-id=\"b53a007\" data-element_type=\"column\">\r\n        <div class=\"elementor-widget-wrap elementor-element-populated\">\r\n                     \r\n                <section class=\"elementor-section elementor-inner-section elementor-element elementor-element-c03bdf2 elementor-section-boxed elementor-section-height-default elementor-section-height-default pxl-row-scroll-none pxl-zoom-point-false pxl-section-overflow-visible pxl-section-fix-none pxl-bg-color-none pxl-section-overlay-none\" data-id=\"c03bdf2\" data-element_type=\"section\">\n\n                \n                <div class=\"elementor-container elementor-column-gap-extended \">\n                <div class=\"elementor-column elementor-col-100 elementor-inner-column elementor-element elementor-element-01bd187 pxl-column-none pxl-column-overflow-hidden-no\" data-id=\"01bd187\" data-element_type=\"column\">\r\n        <div class=\"elementor-widget-wrap elementor-element-populated\">\r\n                     \r\n        \t\t<div class=\"elementor-element elementor-element-dca8309 elementor-widget elementor-widget-pxl_heading\" data-id=\"dca8309\" data-element_type=\"widget\" data-widget_type=\"pxl_heading.default\">\n\t\t\t\t<div class=\"elementor-widget-container\">\n\t\t\t\t\t\n<div id=\"pxl-pxl_heading-dca8309-3401\" class=\"pxl-heading px-sub-title-default-style \">\n\t<div class=\"pxl-heading--inner\">\n\t\t\n\t\t<h3 class=\"pxl-item--title style-default highlight-default pxl-split-text split-in-right\" data-wow-delay=\"ms\">\n\n\t\t\t<span class=\"pxl-heading--text\">\n\n\t\t\t\t\t\t\t\t\tCompra, pago y seguridad\t\n\t\t\t\t\t\n\n\t\t\t<\/span>\n\t\t<\/h3>\n\t\t\n\t<\/div>\n<\/div>\t\t\t\t<\/div>\n\t\t\t\t<\/div>\n\t\t\t\t<div class=\"elementor-element elementor-element-540fa6d elementor-widget elementor-widget-pxl_heading\" data-id=\"540fa6d\" data-element_type=\"widget\" data-widget_type=\"pxl_heading.default\">\n\t\t\t\t<div class=\"elementor-widget-container\">\n\t\t\t\t\t\n<div id=\"pxl-pxl_heading-540fa6d-4544\" class=\"pxl-heading px-sub-title-default-style \">\n\t<div class=\"pxl-heading--inner\">\n\t\t\n\t\t<h3 class=\"pxl-item--title style-default highlight-default \" data-wow-delay=\"ms\">\n\n\t\t\t<span class=\"pxl-heading--text\">\n\n\t\t\t\t\t\t\t\t\t1. Proceso de compra o adquisici\u00f3n\t\n\t\t\t\t\t\n\n\t\t\t<\/span>\n\t\t<\/h3>\n\t\t\n\t<\/div>\n<\/div>\t\t\t\t<\/div>\n\t\t\t\t<\/div>\n\t\t\t\t<div class=\"elementor-element elementor-element-93525b1 elementor-widget elementor-widget-pxl_text_editor\" data-id=\"93525b1\" data-element_type=\"widget\" data-widget_type=\"pxl_text_editor.default\">\n\t\t\t\t<div class=\"elementor-widget-container\">\n\t\t\t\t\t<div class=\"pxl-text-editor d-flex highlight-gradient\">\n\t<div class=\"pxl-item--inner  \" data-wow-delay=\"ms\">\n\t\tLos Usuarios debidamente registrados pueden comprar en el Sitio Web por los medios y formas establecidos. Deber\u00e1n seguir el procedimiento de compra y\/o adquisici\u00f3n online de www.arbel.eus, durante el cual varios productos y\/o servicios pueden ser seleccionados y a\u00f1adidos al carrito, cesta o espacio final de compra y, finalmente, hacer clic en: &#8220;COMPRAR Y PAGAR AHORA&#8221;.\t\t\n\t<\/div>\n<\/div>\t\t\t\t<\/div>\n\t\t\t\t<\/div>\n\t\t\t\t<div class=\"elementor-element elementor-element-6cf8843 elementor-widget elementor-widget-pxl_text_editor\" data-id=\"6cf8843\" data-element_type=\"widget\" data-widget_type=\"pxl_text_editor.default\">\n\t\t\t\t<div class=\"elementor-widget-container\">\n\t\t\t\t\t<div class=\"pxl-text-editor d-flex highlight-gradient\">\n\t<div class=\"pxl-item--inner  \" data-wow-delay=\"ms\">\n\t\tAsimismo, el Usuario deber\u00e1 rellenar y\/o comprobar la informaci\u00f3n que en cada paso se le solicita, aunque, durante el proceso de compra, antes de realizar el pago, se pueden modificar los datos de la compra.\t\t\n\t<\/div>\n<\/div>\t\t\t\t<\/div>\n\t\t\t\t<\/div>\n\t\t\t\t<div class=\"elementor-element elementor-element-1f3394f elementor-widget elementor-widget-pxl_text_editor\" data-id=\"1f3394f\" data-element_type=\"widget\" data-widget_type=\"pxl_text_editor.default\">\n\t\t\t\t<div class=\"elementor-widget-container\">\n\t\t\t\t\t<div class=\"pxl-text-editor d-flex highlight-gradient\">\n\t<div class=\"pxl-item--inner  \" data-wow-delay=\"ms\">\n\t\tSeguidamente, el Usuario recibir\u00e1 un correo electr\u00f3nico confirmando que ARBEL ha recibido su pedido o solicitud de compra y\/o prestaci\u00f3n del servicio, es decir, la confirmaci\u00f3n del pedido. Y, en su caso, se le informar\u00e1, igualmente, mediante correo electr\u00f3nico cuando su compra est\u00e9 siendo enviada. En su caso, estas informaciones tambi\u00e9n podr\u00edan ponerse a disposici\u00f3n del Usuario a trav\u00e9s de su espacio personal de conexi\u00f3n al Sitio Web.\t\t\n\t<\/div>\n<\/div>\t\t\t\t<\/div>\n\t\t\t\t<\/div>\n\t\t\t\t<div class=\"elementor-element elementor-element-05d6130 elementor-widget elementor-widget-pxl_text_editor\" data-id=\"05d6130\" data-element_type=\"widget\" data-widget_type=\"pxl_text_editor.default\">\n\t\t\t\t<div class=\"elementor-widget-container\">\n\t\t\t\t\t<div class=\"pxl-text-editor d-flex highlight-gradient\">\n\t<div class=\"pxl-item--inner  \" data-wow-delay=\"ms\">\n\t\tUna vez el procedimiento de compra ha concluido, el Usuario consiente que el Sitio Web genere una factura electr\u00f3nica que se har\u00e1 llegar al Usuario a trav\u00e9s del correo electr\u00f3nico y en su caso, a trav\u00e9s de su espacio personal de conexi\u00f3n al Sitio Web. Asimismo, el Usuario puede, si as\u00ed lo desea, obtener una copia de su factura en papel, solicit\u00e1ndolo a ARBEL utilizando los espacios de contacto del Sitio Web o a trav\u00e9s de los datos de contacto facilitados m\u00e1s arriba.\t\t\n\t<\/div>\n<\/div>\t\t\t\t<\/div>\n\t\t\t\t<\/div>\n\t\t\t\t<div class=\"elementor-element elementor-element-2d7a995 elementor-widget elementor-widget-pxl_text_editor\" data-id=\"2d7a995\" data-element_type=\"widget\" data-widget_type=\"pxl_text_editor.default\">\n\t\t\t\t<div class=\"elementor-widget-container\">\n\t\t\t\t\t<div class=\"pxl-text-editor d-flex highlight-gradient\">\n\t<div class=\"pxl-item--inner  \" data-wow-delay=\"ms\">\n\t\tEl Usuario reconoce estar al corriente, en el momento de la compra, de ciertas condiciones particulares de venta que conciernen al producto y\/o servicio en cuesti\u00f3n y que se muestran junto a la presentaci\u00f3n o, en su caso, imagen de \u00e9ste en su p\u00e1gina del Sitio Web, indicando, a modo enunciativo, pero no exhaustivo, y atendiendo a cada caso: nombre, precio, componentes, peso, cantidad, color, detalles de los productos, o caracter\u00edsticas, modo en el que se llevar\u00e1n a cabo y\/o coste de las prestaciones; y reconoce que la realizaci\u00f3n del pedido de compra o adquisici\u00f3n materializa la aceptaci\u00f3n plena y completa de las condiciones particulares de venta aplicables a cada caso.\t\t\n\t<\/div>\n<\/div>\t\t\t\t<\/div>\n\t\t\t\t<\/div>\n\t\t\t\t<div class=\"elementor-element elementor-element-fdae430 elementor-widget elementor-widget-pxl_text_editor\" data-id=\"fdae430\" data-element_type=\"widget\" data-widget_type=\"pxl_text_editor.default\">\n\t\t\t\t<div class=\"elementor-widget-container\">\n\t\t\t\t\t<div class=\"pxl-text-editor d-flex highlight-gradient\">\n\t<div class=\"pxl-item--inner  \" data-wow-delay=\"ms\">\n\t\tA menos que se indique expresamente lo contrario, ARBEL no es el fabricante de los productos vendidos o que pudieran llegar a comercializarse en el Sitio Web. Si bien ARBEL  realiza grandes esfuerzos para que la informaci\u00f3n mostrada en el Sitio Web sea correcta, en ocasiones el embalaje y\/o los materiales y\/o los componentes de los productos pueden contener informaci\u00f3n adicional o distinta de la que aparece en el Sitio Web. Por ello, el Usuario debe no solo considerar la informaci\u00f3n suministrada por el Sitio Web, sino tambi\u00e9n la informaci\u00f3n disponible en el etiquetado, las advertencias y\/o instrucciones que acompa\u00f1en al producto.\t\t\n\t<\/div>\n<\/div>\t\t\t\t<\/div>\n\t\t\t\t<\/div>\n\t\t\t\t<div class=\"elementor-element elementor-element-03e1e86 elementor-widget elementor-widget-pxl_heading\" data-id=\"03e1e86\" data-element_type=\"widget\" data-widget_type=\"pxl_heading.default\">\n\t\t\t\t<div class=\"elementor-widget-container\">\n\t\t\t\t\t\n<div id=\"pxl-pxl_heading-03e1e86-2743\" class=\"pxl-heading px-sub-title-default-style \">\n\t<div class=\"pxl-heading--inner\">\n\t\t\n\t\t<h3 class=\"pxl-item--title style-default highlight-default \" data-wow-delay=\"ms\">\n\n\t\t\t<span class=\"pxl-heading--text\">\n\n\t\t\t\t\t\t\t\t\t2. Disponibilidad\t\n\t\t\t\t\t\n\n\t\t\t<\/span>\n\t\t<\/h3>\n\t\t\n\t<\/div>\n<\/div>\t\t\t\t<\/div>\n\t\t\t\t<\/div>\n\t\t\t\t<div class=\"elementor-element elementor-element-abd373e elementor-widget elementor-widget-pxl_text_editor\" data-id=\"abd373e\" data-element_type=\"widget\" data-widget_type=\"pxl_text_editor.default\">\n\t\t\t\t<div class=\"elementor-widget-container\">\n\t\t\t\t\t<div class=\"pxl-text-editor d-flex highlight-gradient\">\n\t<div class=\"pxl-item--inner  \" data-wow-delay=\"ms\">\n\t\tTodos los pedidos de compra recibidos por ARBEL a trav\u00e9s del Sitio Web est\u00e1n sujetos a la disponibilidad de los productos y\/o a que ninguna circunstancia o causa de fuerza mayor afecte al suministro de los mismos y\/o a la prestaci\u00f3n de los servicios. Si se produjeran dificultades en cuanto al suministro de productos o no quedaran productos en stock, ARBEL se compromete a contactar al Usuario y reembolsar cualquier cantidad que pudiera haber sido abonada en concepto de importe. Esto ser\u00e1 igualmente aplicable en los casos en los que la prestaci\u00f3n de un servicio deviniera irrealizable.\t\t\n\t<\/div>\n<\/div>\t\t\t\t<\/div>\n\t\t\t\t<\/div>\n\t\t\t\t<div class=\"elementor-element elementor-element-8936c83 elementor-widget elementor-widget-pxl_heading\" data-id=\"8936c83\" data-element_type=\"widget\" data-widget_type=\"pxl_heading.default\">\n\t\t\t\t<div class=\"elementor-widget-container\">\n\t\t\t\t\t\n<div id=\"pxl-pxl_heading-8936c83-5034\" class=\"pxl-heading px-sub-title-default-style \">\n\t<div class=\"pxl-heading--inner\">\n\t\t\n\t\t<h3 class=\"pxl-item--title style-default highlight-default \" data-wow-delay=\"ms\">\n\n\t\t\t<span class=\"pxl-heading--text\">\n\n\t\t\t\t\t\t\t\t\t3. Precios y pago\t\n\t\t\t\t\t\n\n\t\t\t<\/span>\n\t\t<\/h3>\n\t\t\n\t<\/div>\n<\/div>\t\t\t\t<\/div>\n\t\t\t\t<\/div>\n\t\t\t\t<div class=\"elementor-element elementor-element-6dd6e17 elementor-widget elementor-widget-pxl_text_editor\" data-id=\"6dd6e17\" data-element_type=\"widget\" data-widget_type=\"pxl_text_editor.default\">\n\t\t\t\t<div class=\"elementor-widget-container\">\n\t\t\t\t\t<div class=\"pxl-text-editor d-flex highlight-gradient\">\n\t<div class=\"pxl-item--inner  \" data-wow-delay=\"ms\">\n\t\tLos precios exhibidos en el Sitio Web son los finales, en Euros (\u20ac) e incluyen los impuestos, salvo que por exigencia legal, especialmente en lo relativo al IVA, se se\u00f1ale y aplique cuesti\u00f3n distinta.\t\t\n\t<\/div>\n<\/div>\t\t\t\t<\/div>\n\t\t\t\t<\/div>\n\t\t\t\t<div class=\"elementor-element elementor-element-3c00fde elementor-widget elementor-widget-pxl_text_editor\" data-id=\"3c00fde\" data-element_type=\"widget\" data-widget_type=\"pxl_text_editor.default\">\n\t\t\t\t<div class=\"elementor-widget-container\">\n\t\t\t\t\t<div class=\"pxl-text-editor d-flex highlight-gradient\">\n\t<div class=\"pxl-item--inner  \" data-wow-delay=\"ms\">\n\t\tLos gastos de env\u00edo se encuentran incluidos en los precios finales de los productos tal y como se muestran en el Sitio Web.\t\t\n\t<\/div>\n<\/div>\t\t\t\t<\/div>\n\t\t\t\t<\/div>\n\t\t\t\t<div class=\"elementor-element elementor-element-23b84f6 elementor-widget elementor-widget-pxl_text_editor\" data-id=\"23b84f6\" data-element_type=\"widget\" data-widget_type=\"pxl_text_editor.default\">\n\t\t\t\t<div class=\"elementor-widget-container\">\n\t\t\t\t\t<div class=\"pxl-text-editor d-flex highlight-gradient\">\n\t<div class=\"pxl-item--inner  \" data-wow-delay=\"ms\">\n\t\tEn ning\u00fan caso el Sitio Web a\u00f1adir\u00e1 costes adicionales al precio de un producto o de un servicio de forma autom\u00e1tica, sino solo aquellos que el Usuario haya seleccionado y elegido voluntaria y libremente.\t\t\n\t<\/div>\n<\/div>\t\t\t\t<\/div>\n\t\t\t\t<\/div>\n\t\t\t\t<div class=\"elementor-element elementor-element-bdb8b63 elementor-widget elementor-widget-pxl_text_editor\" data-id=\"bdb8b63\" data-element_type=\"widget\" data-widget_type=\"pxl_text_editor.default\">\n\t\t\t\t<div class=\"elementor-widget-container\">\n\t\t\t\t\t<div class=\"pxl-text-editor d-flex highlight-gradient\">\n\t<div class=\"pxl-item--inner  \" data-wow-delay=\"ms\">\n\t\tLos precios pueden cambiar en cualquier momento, pero los posibles cambios no afectar\u00e1n a los pedidos o compras con respecto a los que el Usuario ya haya recibido una confirmaci\u00f3n de pedido.\t\t\n\t<\/div>\n<\/div>\t\t\t\t<\/div>\n\t\t\t\t<\/div>\n\t\t\t\t<div class=\"elementor-element elementor-element-cc07afb elementor-widget elementor-widget-pxl_text_editor\" data-id=\"cc07afb\" data-element_type=\"widget\" data-widget_type=\"pxl_text_editor.default\">\n\t\t\t\t<div class=\"elementor-widget-container\">\n\t\t\t\t\t<div class=\"pxl-text-editor d-flex highlight-gradient\">\n\t<div class=\"pxl-item--inner  \" data-wow-delay=\"ms\">\n\t\tLos medios de pago aceptados ser\u00e1n: Tarjeta de cr\u00e9dito o d\u00e9bito.\t\t\n\t<\/div>\n<\/div>\t\t\t\t<\/div>\n\t\t\t\t<\/div>\n\t\t\t\t<div class=\"elementor-element elementor-element-1318468 elementor-widget elementor-widget-pxl_text_editor\" data-id=\"1318468\" data-element_type=\"widget\" data-widget_type=\"pxl_text_editor.default\">\n\t\t\t\t<div class=\"elementor-widget-container\">\n\t\t\t\t\t<div class=\"pxl-text-editor d-flex highlight-gradient\">\n\t<div class=\"pxl-item--inner  \" data-wow-delay=\"ms\">\n\t\tARBEL utiliza todos los medios para garantizar la confidencialidad y la seguridad de los datos de pago transmitidos por el Usuario durante las transacciones a trav\u00e9s del Sitio Web. Como tal, el Sitio Web utiliza un sistema de pago seguro SSL (Secure Socket Layer).\t\t\n\t<\/div>\n<\/div>\t\t\t\t<\/div>\n\t\t\t\t<\/div>\n\t\t\t\t<div class=\"elementor-element elementor-element-68a6d59 elementor-widget elementor-widget-pxl_text_editor\" data-id=\"68a6d59\" data-element_type=\"widget\" data-widget_type=\"pxl_text_editor.default\">\n\t\t\t\t<div class=\"elementor-widget-container\">\n\t\t\t\t\t<div class=\"pxl-text-editor d-flex highlight-gradient\">\n\t<div class=\"pxl-item--inner  \" data-wow-delay=\"ms\">\n\t\tLas tarjetas de cr\u00e9dito estar\u00e1n sujetas a comprobaciones y autorizaciones por parte de la entidad bancaria emisora de las mismas, si dicha entidad no autorizase el pago, ARBEL  no ser\u00e1 responsable por ning\u00fan retraso o falta de entrega y no podr\u00e1 formalizar ning\u00fan contrato con el Usuario.\t\t\n\t<\/div>\n<\/div>\t\t\t\t<\/div>\n\t\t\t\t<\/div>\n\t\t\t\t<div class=\"elementor-element elementor-element-b0628f8 elementor-widget elementor-widget-pxl_text_editor\" data-id=\"b0628f8\" data-element_type=\"widget\" data-widget_type=\"pxl_text_editor.default\">\n\t\t\t\t<div class=\"elementor-widget-container\">\n\t\t\t\t\t<div class=\"pxl-text-editor d-flex highlight-gradient\">\n\t<div class=\"pxl-item--inner  \" data-wow-delay=\"ms\">\n\t\tUna vez que ARBEL reciba la orden de compra por parte del Usuario a trav\u00e9s del Sitio Web, se har\u00e1 una pre-autorizaci\u00f3n en la tarjeta que corresponda para asegurar que existen fondos suficientes para completar la transacci\u00f3n. El cargo en la tarjeta se har\u00e1 en el momento en que se env\u00ede al Usuario la confirmaci\u00f3n de env\u00edo y\/o confirmaci\u00f3n del servicio que se presta en forma y, en su caso, lugar establecidos.\t\t\n\t<\/div>\n<\/div>\t\t\t\t<\/div>\n\t\t\t\t<\/div>\n\t\t\t\t<div class=\"elementor-element elementor-element-6384610 elementor-widget elementor-widget-pxl_text_editor\" data-id=\"6384610\" data-element_type=\"widget\" data-widget_type=\"pxl_text_editor.default\">\n\t\t\t\t<div class=\"elementor-widget-container\">\n\t\t\t\t\t<div class=\"pxl-text-editor d-flex highlight-gradient\">\n\t<div class=\"pxl-item--inner  \" data-wow-delay=\"ms\">\n\t\tEn todo caso, al hacer clic en &#8220;COMPRAR Y PAGAR AHORA&#8221; el Usuario confirma que el m\u00e9todo de pago utilizado es suyo.\t\t\n\t<\/div>\n<\/div>\t\t\t\t<\/div>\n\t\t\t\t<\/div>\n\t\t\t\t<div class=\"elementor-element elementor-element-8ae3394 elementor-widget elementor-widget-pxl_heading\" data-id=\"8ae3394\" data-element_type=\"widget\" data-widget_type=\"pxl_heading.default\">\n\t\t\t\t<div class=\"elementor-widget-container\">\n\t\t\t\t\t\n<div id=\"pxl-pxl_heading-8ae3394-4847\" class=\"pxl-heading px-sub-title-default-style \">\n\t<div class=\"pxl-heading--inner\">\n\t\t\n\t\t<h3 class=\"pxl-item--title style-default highlight-default \" data-wow-delay=\"ms\">\n\n\t\t\t<span class=\"pxl-heading--text\">\n\n\t\t\t\t\t\t\t\t\t4. Seguridad\t\n\t\t\t\t\t\n\n\t\t\t<\/span>\n\t\t<\/h3>\n\t\t\n\t<\/div>\n<\/div>\t\t\t\t<\/div>\n\t\t\t\t<\/div>\n\t\t\t\t<div class=\"elementor-element elementor-element-47689c6 elementor-widget elementor-widget-pxl_text_editor\" data-id=\"47689c6\" data-element_type=\"widget\" data-widget_type=\"pxl_text_editor.default\">\n\t\t\t\t<div class=\"elementor-widget-container\">\n\t\t\t\t\t<div class=\"pxl-text-editor d-flex highlight-gradient\">\n\t<div class=\"pxl-item--inner  \" data-wow-delay=\"ms\">\n\t\t<b>Seguridad de la compra:<\/b>\t\t\n\t<\/div>\n<\/div>\t\t\t\t<\/div>\n\t\t\t\t<\/div>\n\t\t\t\t<div class=\"elementor-element elementor-element-48db4c9 elementor-widget elementor-widget-pxl_text_editor\" data-id=\"48db4c9\" data-element_type=\"widget\" data-widget_type=\"pxl_text_editor.default\">\n\t\t\t\t<div class=\"elementor-widget-container\">\n\t\t\t\t\t<div class=\"pxl-text-editor d-flex highlight-gradient\">\n\t<div class=\"pxl-item--inner  \" data-wow-delay=\"ms\">\n\t\tServidores Seguros te aseguran la privacidad de tus datos a trav\u00e9s del protocolo SSL. La comunicaci\u00f3n entre los servidores que cumplen el protocolo SSL es segura.\t\t\n\t<\/div>\n<\/div>\t\t\t\t<\/div>\n\t\t\t\t<\/div>\n\t\t\t\t<div class=\"elementor-element elementor-element-50f90d0 elementor-widget elementor-widget-pxl_text_editor\" data-id=\"50f90d0\" data-element_type=\"widget\" data-widget_type=\"pxl_text_editor.default\">\n\t\t\t\t<div class=\"elementor-widget-container\">\n\t\t\t\t\t<div class=\"pxl-text-editor d-flex highlight-gradient\">\n\t<div class=\"pxl-item--inner  \" data-wow-delay=\"ms\">\n\t\tEncripta sus datos mediante el sistema RSA cuando se encuentran en el \u00e1mbito de un navegador seguro. Los navegadores Netscape o Explorer, junto con el servidor seguro, encriptan los datos y si alguien accede a ellos no podr\u00e1 leerlos porque no conoce la contrase\u00f1a.\t\t\n\t<\/div>\n<\/div>\t\t\t\t<\/div>\n\t\t\t\t<\/div>\n\t\t\t\t<div class=\"elementor-element elementor-element-58cced6 elementor-widget elementor-widget-pxl_text_editor\" data-id=\"58cced6\" data-element_type=\"widget\" data-widget_type=\"pxl_text_editor.default\">\n\t\t\t\t<div class=\"elementor-widget-container\">\n\t\t\t\t\t<div class=\"pxl-text-editor d-flex highlight-gradient\">\n\t<div class=\"pxl-item--inner  \" data-wow-delay=\"ms\">\n\t\tProtocolo de seguridad web:\t\t\n\t<\/div>\n<\/div>\t\t\t\t<\/div>\n\t\t\t\t<\/div>\n\t\t\t\t<div class=\"elementor-element elementor-element-4e7a276 elementor-widget elementor-widget-pxl_text_editor\" data-id=\"4e7a276\" data-element_type=\"widget\" data-widget_type=\"pxl_text_editor.default\">\n\t\t\t\t<div class=\"elementor-widget-container\">\n\t\t\t\t\t<div class=\"pxl-text-editor d-flex highlight-gradient\">\n\t<div class=\"pxl-item--inner  \" data-wow-delay=\"ms\">\n\t\t<ul><li><b>Utiliza HTTPS (TLS\/SSL):<\/b> Tiene instalado un certificado de seguridad. La comunicaci\u00f3n entre navegador y servidor es cifrada. Nadie puede &#8220;leer&#8221; los datos en tr\u00e1nsito.<\/li><li><b>Certificado SSL:<\/b> Emitido por Let&#8217;s Encrypt.<\/li><\/ul>\t\t\n\t<\/div>\n<\/div>\t\t\t\t<\/div>\n\t\t\t\t<\/div>\n\t\t            <\/div>\r\n        <\/div>\r\n        \t\t\t<\/div>\n\t\t<\/section>\n\t\t            <\/div>\r\n        <\/div>\r\n        \t\t\t<\/div>\n\t\t<\/section>\n\t\t\t\t<\/div>\n\t\t","protected":false},"excerpt":{"rendered":"<p>Compra, pago y seguridad 1. Proceso de compra o adquisici\u00f3n Los Usuarios debidamente registrados pueden comprar en el Sitio Web por los medios y formas establecidos. Deber\u00e1n seguir el procedimiento de compra y\/o adquisici\u00f3n online de www.arbel.eus, durante el cual varios productos y\/o servicios pueden ser seleccionados y a\u00f1adidos al carrito, cesta o espacio final [&hellip;]<\/p>\n","protected":false},"author":1,"featured_media":0,"parent":0,"menu_order":0,"comment_status":"closed","ping_status":"closed","template":"","meta":{"footnotes":""},"class_list":["post-12892","page","type-page","status-publish","hentry"],"jetpack_sharing_enabled":true,"_links":{"self":[{"href":"https:\/\/www.arbel.eus\/es\/wp-json\/wp\/v2\/pages\/12892","targetHints":{"allow":["GET"]}}],"collection":[{"href":"https:\/\/www.arbel.eus\/es\/wp-json\/wp\/v2\/pages"}],"about":[{"href":"https:\/\/www.arbel.eus\/es\/wp-json\/wp\/v2\/types\/page"}],"author":[{"embeddable":true,"href":"https:\/\/www.arbel.eus\/es\/wp-json\/wp\/v2\/users\/1"}],"replies":[{"embeddable":true,"href":"https:\/\/www.arbel.eus\/es\/wp-json\/wp\/v2\/comments?post=12892"}],"version-history":[{"count":8,"href":"https:\/\/www.arbel.eus\/es\/wp-json\/wp\/v2\/pages\/12892\/revisions"}],"predecessor-version":[{"id":12919,"href":"https:\/\/www.arbel.eus\/es\/wp-json\/wp\/v2\/pages\/12892\/revisions\/12919"}],"wp:attachment":[{"href":"https:\/\/www.arbel.eus\/es\/wp-json\/wp\/v2\/media?parent=12892"}],"curies":[{"name":"wp","href":"https:\/\/api.w.org\/{rel}","templated":true}]}}