{"id":12909,"date":"2026-04-12T11:17:47","date_gmt":"2026-04-12T10:17:47","guid":{"rendered":"https:\/\/www.arbel.eus\/?page_id=12909"},"modified":"2026-04-12T11:28:36","modified_gmt":"2026-04-12T10:28:36","slug":"errores-quejas-y-responsabilidades","status":"publish","type":"page","link":"https:\/\/www.arbel.eus\/es\/errores-quejas-y-responsabilidades\/","title":{"rendered":"Errores, quejas y responsabilidades"},"content":{"rendered":"\t\t<div data-elementor-type=\"wp-page\" data-elementor-id=\"12909\" class=\"elementor elementor-12909 elementor-12923\" data-elementor-post-type=\"page\">\n\t\t\t\t        <section class=\"elementor-section elementor-top-section elementor-element elementor-element-14cf229 elementor-section-stretched elementor-section-boxed elementor-section-height-default elementor-section-height-default pxl-row-scroll-none pxl-zoom-point-false pxl-section-overflow-visible pxl-section-fix-none pxl-bg-color-none pxl-section-overlay-none\" data-id=\"14cf229\" data-element_type=\"section\" data-settings=\"{&quot;stretch_section&quot;:&quot;section-stretched&quot;,&quot;background_background&quot;:&quot;classic&quot;}\">\n\n                \n                <div class=\"elementor-container elementor-column-gap-extended \">\n                <div class=\"elementor-column elementor-col-100 elementor-top-column elementor-element elementor-element-b53a007 pxl-column-none pxl-column-overflow-hidden-no\" data-id=\"b53a007\" data-element_type=\"column\">\r\n        <div class=\"elementor-widget-wrap elementor-element-populated\">\r\n                     \r\n                <section class=\"elementor-section elementor-inner-section elementor-element elementor-element-c03bdf2 elementor-section-boxed elementor-section-height-default elementor-section-height-default pxl-row-scroll-none pxl-zoom-point-false pxl-section-overflow-visible pxl-section-fix-none pxl-bg-color-none pxl-section-overlay-none\" data-id=\"c03bdf2\" data-element_type=\"section\">\n\n                \n                <div class=\"elementor-container elementor-column-gap-extended \">\n                <div class=\"elementor-column elementor-col-100 elementor-inner-column elementor-element elementor-element-01bd187 pxl-column-none pxl-column-overflow-hidden-no\" data-id=\"01bd187\" data-element_type=\"column\">\r\n        <div class=\"elementor-widget-wrap elementor-element-populated\">\r\n                     \r\n        \t\t<div class=\"elementor-element elementor-element-dca8309 elementor-widget elementor-widget-pxl_heading\" data-id=\"dca8309\" data-element_type=\"widget\" data-widget_type=\"pxl_heading.default\">\n\t\t\t\t<div class=\"elementor-widget-container\">\n\t\t\t\t\t\n<div id=\"pxl-pxl_heading-dca8309-5249\" class=\"pxl-heading px-sub-title-default-style \">\n\t<div class=\"pxl-heading--inner\">\n\t\t\n\t\t<h3 class=\"pxl-item--title style-default highlight-default pxl-split-text split-in-right\" data-wow-delay=\"ms\">\n\n\t\t\t<span class=\"pxl-heading--text\">\n\n\t\t\t\t\t\t\t\t\tErrores, quejas y responsabilidades\t\n\t\t\t\t\t\n\n\t\t\t<\/span>\n\t\t<\/h3>\n\t\t\n\t<\/div>\n<\/div>\t\t\t\t<\/div>\n\t\t\t\t<\/div>\n\t\t\t\t<div class=\"elementor-element elementor-element-540fa6d elementor-widget elementor-widget-pxl_heading\" data-id=\"540fa6d\" data-element_type=\"widget\" data-widget_type=\"pxl_heading.default\">\n\t\t\t\t<div class=\"elementor-widget-container\">\n\t\t\t\t\t\n<div id=\"pxl-pxl_heading-540fa6d-4041\" class=\"pxl-heading px-sub-title-default-style \">\n\t<div class=\"pxl-heading--inner\">\n\t\t\n\t\t<h3 class=\"pxl-item--title style-default highlight-default \" data-wow-delay=\"ms\">\n\n\t\t\t<span class=\"pxl-heading--text\">\n\n\t\t\t\t\t\t\t\t\t1. Medios t\u00e9cnicos para corregir errores\t\n\t\t\t\t\t\n\n\t\t\t<\/span>\n\t\t<\/h3>\n\t\t\n\t<\/div>\n<\/div>\t\t\t\t<\/div>\n\t\t\t\t<\/div>\n\t\t\t\t<div class=\"elementor-element elementor-element-93525b1 elementor-widget elementor-widget-pxl_text_editor\" data-id=\"93525b1\" data-element_type=\"widget\" data-widget_type=\"pxl_text_editor.default\">\n\t\t\t\t<div class=\"elementor-widget-container\">\n\t\t\t\t\t<div class=\"pxl-text-editor d-flex highlight-gradient\">\n\t<div class=\"pxl-item--inner  \" data-wow-delay=\"ms\">\n\t\tSe pone en conocimiento del Usuario que en caso de que detecte que se ha producido un error al introducir datos necesarios para procesar su solicitud de compra en el Sitio Web, podr\u00e1 modificar los mismos poni\u00e9ndose en contacto con ARBEL a trav\u00e9s de los espacios de contacto habilitados en el Sitio Web o en ERROTABARRI 1, 01160 ARAMAIO, <a href=\"tel:+34656789589\">656789589<\/a>, <a href=\"mailto:web@arbel.eus\">web@arbel.eus<\/a>. Asimismo, estas informaciones tambi\u00e9n podr\u00edan subsanarse por el Usuario a trav\u00e9s de su espacio personal de conexi\u00f3n al Sitio Web.\t\t\n\t<\/div>\n<\/div>\t\t\t\t<\/div>\n\t\t\t\t<\/div>\n\t\t\t\t<div class=\"elementor-element elementor-element-6cf8843 elementor-widget elementor-widget-pxl_text_editor\" data-id=\"6cf8843\" data-element_type=\"widget\" data-widget_type=\"pxl_text_editor.default\">\n\t\t\t\t<div class=\"elementor-widget-container\">\n\t\t\t\t\t<div class=\"pxl-text-editor d-flex highlight-gradient\">\n\t<div class=\"pxl-item--inner  \" data-wow-delay=\"ms\">\n\t\tEn cualquier caso, el Usuario, antes de hacer clic en &#8220;COMPRAR Y PAGAR AHORA&#8221;, tiene acceso al espacio, carrito, o cesta donde se van anotando sus solicitudes de compra y puede hacer modificaciones.\t\t\n\t<\/div>\n<\/div>\t\t\t\t<\/div>\n\t\t\t\t<\/div>\n\t\t\t\t<div class=\"elementor-element elementor-element-1f3394f elementor-widget elementor-widget-pxl_text_editor\" data-id=\"1f3394f\" data-element_type=\"widget\" data-widget_type=\"pxl_text_editor.default\">\n\t\t\t\t<div class=\"elementor-widget-container\">\n\t\t\t\t\t<div class=\"pxl-text-editor d-flex highlight-gradient\">\n\t<div class=\"pxl-item--inner  \" data-wow-delay=\"ms\">\n\t\t<p>De igual forma, se remite al Usuario a consultar el Aviso Legal y Condiciones Generales de Uso y, en concreto, la Pol\u00edtica de Privacidad para recabar m\u00e1s informaci\u00f3n sobre c\u00f3mo ejercer su derecho de rectificaci\u00f3n seg\u00fan lo establecido en el Reglamento (UE) 2016\/679 del Parlamento Europeo y del Consejo, de 27 de abril de 2016, relativo a la protecci\u00f3n de las personas f\u00edsicas en lo que respecta al tratamiento de datos personales y a la libre circulaci\u00f3n de estos datos (RGPD) y en la Ley Org\u00e1nica 3\/2018, de 5 de diciembre, de Protecci\u00f3n de Datos Personales y garant\u00eda de los derechos digitales.<\/p>\t\t\n\t<\/div>\n<\/div>\t\t\t\t<\/div>\n\t\t\t\t<\/div>\n\t\t\t\t<div class=\"elementor-element elementor-element-03e1e86 elementor-widget elementor-widget-pxl_heading\" data-id=\"03e1e86\" data-element_type=\"widget\" data-widget_type=\"pxl_heading.default\">\n\t\t\t\t<div class=\"elementor-widget-container\">\n\t\t\t\t\t\n<div id=\"pxl-pxl_heading-03e1e86-9307\" class=\"pxl-heading px-sub-title-default-style \">\n\t<div class=\"pxl-heading--inner\">\n\t\t\n\t\t<h3 class=\"pxl-item--title style-default highlight-default \" data-wow-delay=\"ms\">\n\n\t\t\t<span class=\"pxl-heading--text\">\n\n\t\t\t\t\t\t\t\t\t2. Quejas y reclamaciones\t\n\t\t\t\t\t\n\n\t\t\t<\/span>\n\t\t<\/h3>\n\t\t\n\t<\/div>\n<\/div>\t\t\t\t<\/div>\n\t\t\t\t<\/div>\n\t\t\t\t<div class=\"elementor-element elementor-element-abd373e elementor-widget elementor-widget-pxl_text_editor\" data-id=\"abd373e\" data-element_type=\"widget\" data-widget_type=\"pxl_text_editor.default\">\n\t\t\t\t<div class=\"elementor-widget-container\">\n\t\t\t\t\t<div class=\"pxl-text-editor d-flex highlight-gradient\">\n\t<div class=\"pxl-item--inner  \" data-wow-delay=\"ms\">\n\t\tEl Usuario puede hacer llegar a ARBEL sus quejas, reclamaciones o todo otro comentario que desee realizar a trav\u00e9s de los datos de contacto ERROTABARRI 1, 01160 ARAMAIO, <a href=\"tel:+34656789589\">656789589<\/a>, <a href=\"mailto:web@arbel.eus\">web@arbel.eus<\/a>.\t\t\n\t<\/div>\n<\/div>\t\t\t\t<\/div>\n\t\t\t\t<\/div>\n\t\t\t\t<div class=\"elementor-element elementor-element-7d1b8a9 elementor-widget elementor-widget-pxl_text_editor\" data-id=\"7d1b8a9\" data-element_type=\"widget\" data-widget_type=\"pxl_text_editor.default\">\n\t\t\t\t<div class=\"elementor-widget-container\">\n\t\t\t\t\t<div class=\"pxl-text-editor d-flex highlight-gradient\">\n\t<div class=\"pxl-item--inner  \" data-wow-delay=\"ms\">\n\t\tAdem\u00e1s, ARBEL dispone de hojas oficiales de reclamaci\u00f3n a disposici\u00f3n de los consumidores y usuarios, y que estos pueden solicitar a ARBEL en cualquier momento.\t\t\n\t<\/div>\n<\/div>\t\t\t\t<\/div>\n\t\t\t\t<\/div>\n\t\t\t\t<div class=\"elementor-element elementor-element-70c46b8 elementor-widget elementor-widget-pxl_text_editor\" data-id=\"70c46b8\" data-element_type=\"widget\" data-widget_type=\"pxl_text_editor.default\">\n\t\t\t\t<div class=\"elementor-widget-container\">\n\t\t\t\t\t<div class=\"pxl-text-editor d-flex highlight-gradient\">\n\t<div class=\"pxl-item--inner  \" data-wow-delay=\"ms\">\n\t\tAsimismo, si de la celebraci\u00f3n de este contrato de compra entre ARBEL y el Usuario emanara una controversia, el Usuario como consumidor puede solicitar una soluci\u00f3n extrajudicial de controversias, de acuerdo con el Reglamento (UE) 524\/2013 del Parlamento Europeo y del Consejo, de 21 de mayo de 2013, sobre resoluci\u00f3n de litigios en l\u00ednea en materia de consumo y por el que se modifica el Reglamento (CE) 2006\/2004 y la Directiva 2009\/22\/CE. Puede acceder a este m\u00e9todo a trav\u00e9s del siguiente sitio web: <a href=\"https:\/\/ec.europa.eu\/consumers\/odr\/\" target=\"_blank\">https:\/\/ec.europa.eu\/consumers\/odr\/<\/a>.\t\t\n\t<\/div>\n<\/div>\t\t\t\t<\/div>\n\t\t\t\t<\/div>\n\t\t\t\t<div class=\"elementor-element elementor-element-8936c83 elementor-widget elementor-widget-pxl_heading\" data-id=\"8936c83\" data-element_type=\"widget\" data-widget_type=\"pxl_heading.default\">\n\t\t\t\t<div class=\"elementor-widget-container\">\n\t\t\t\t\t\n<div id=\"pxl-pxl_heading-8936c83-3103\" class=\"pxl-heading px-sub-title-default-style \">\n\t<div class=\"pxl-heading--inner\">\n\t\t\n\t\t<h3 class=\"pxl-item--title style-default highlight-default \" data-wow-delay=\"ms\">\n\n\t\t\t<span class=\"pxl-heading--text\">\n\n\t\t\t\t\t\t\t\t\t3. Exoneraci\u00f3n de responsabilidad\t\n\t\t\t\t\t\n\n\t\t\t<\/span>\n\t\t<\/h3>\n\t\t\n\t<\/div>\n<\/div>\t\t\t\t<\/div>\n\t\t\t\t<\/div>\n\t\t\t\t<div class=\"elementor-element elementor-element-6dd6e17 elementor-widget elementor-widget-pxl_text_editor\" data-id=\"6dd6e17\" data-element_type=\"widget\" data-widget_type=\"pxl_text_editor.default\">\n\t\t\t\t<div class=\"elementor-widget-container\">\n\t\t\t\t\t<div class=\"pxl-text-editor d-flex highlight-gradient\">\n\t<div class=\"pxl-item--inner  \" data-wow-delay=\"ms\">\n\t\tSalvo disposici\u00f3n legal en sentido contrario, ARBEL no aceptar\u00e1 ninguna responsabilidad por las siguientes p\u00e9rdidas, con independencia de su origen:\t\t\n\t<\/div>\n<\/div>\t\t\t\t<\/div>\n\t\t\t\t<\/div>\n\t\t\t\t<div class=\"elementor-element elementor-element-3c00fde elementor-widget elementor-widget-pxl_text_editor\" data-id=\"3c00fde\" data-element_type=\"widget\" data-widget_type=\"pxl_text_editor.default\">\n\t\t\t\t<div class=\"elementor-widget-container\">\n\t\t\t\t\t<div class=\"pxl-text-editor d-flex highlight-gradient\">\n\t<div class=\"pxl-item--inner  \" data-wow-delay=\"ms\">\n\t\t<ul><li>cualesquiera p\u00e9rdidas que no fueran atribuibles a incumplimiento alguno por su parte;<\/li><li>p\u00e9rdidas empresariales (incluyendo lucro cesante, de ingresos, de contratos, de ahorros previstos, de datos, p\u00e9rdida del fondo de comercio o gastos innecesarios incurridos); o de<\/li><li>toda otra p\u00e9rdida indirecta que no fuera razonablemente previsible por ambas partes en el momento en que se formaliz\u00f3 el contrato de compraventa de los productos entre ambas partes.<\/li><\/ul>\t\t\n\t<\/div>\n<\/div>\t\t\t\t<\/div>\n\t\t\t\t<\/div>\n\t\t\t\t<div class=\"elementor-element elementor-element-26de651 elementor-widget elementor-widget-pxl_text_editor\" data-id=\"26de651\" data-element_type=\"widget\" data-widget_type=\"pxl_text_editor.default\">\n\t\t\t\t<div class=\"elementor-widget-container\">\n\t\t\t\t\t<div class=\"pxl-text-editor d-flex highlight-gradient\">\n\t<div class=\"pxl-item--inner  \" data-wow-delay=\"ms\">\n\t\t<p>Igualmente, ARBEL tambi\u00e9n limita su responsabilidad en cuanto a los siguientes casos:<\/p>\t\t\n\t<\/div>\n<\/div>\t\t\t\t<\/div>\n\t\t\t\t<\/div>\n\t\t\t\t<div class=\"elementor-element elementor-element-78698a2 elementor-widget elementor-widget-pxl_text_editor\" data-id=\"78698a2\" data-element_type=\"widget\" data-widget_type=\"pxl_text_editor.default\">\n\t\t\t\t<div class=\"elementor-widget-container\">\n\t\t\t\t\t<div class=\"pxl-text-editor d-flex highlight-gradient\">\n\t<div class=\"pxl-item--inner  \" data-wow-delay=\"ms\">\n\t\t<ul>\n \t<li>ARBEL aplica todas las medidas concernientes a proporcionar una visualizaci\u00f3n fiel del producto en el Sitio Web, sin embargo no se responsabiliza por las m\u00ednimas diferencias o inexactitudes que puedan existir debido a falta de resoluci\u00f3n de la pantalla, o problemas del navegador que se utilice u otros de esta \u00edndole.<\/li>\n \t<li>ARBEL actuar\u00e1 con la m\u00e1xima diligencia a efectos de poner a disposici\u00f3n de la empresa encargada del transporte del producto objeto del pedido de compra. Sin embargo, no se responsabiliza por perjuicios provenientes de un mal funcionamiento del transporte, especialmente por causas como huelgas, retenciones en carreteras, y en general cualquiera otras propias del sector, que deriven en retrasos, p\u00e9rdidas o hurtos del producto.<\/li>\n \t<li>Fallos t\u00e9cnicos que por causas fortuitas o de otra \u00edndole, impidan un normal funcionamiento del servicio a trav\u00e9s de internet. Falta de disponibilidad del Sitio Web por razones de mantenimiento u otras, que impida disponer del servicio. ARBEL pone todos los medios a su alcance a efectos de llevar a cabo el proceso de compra, pago y env\u00edo\/entrega de los productos, no obstante se exime de responsabilidad por causas que no le sean imputables, caso fortuito o fuerza mayor.<\/li>\n \t<li>ARBEL no se har\u00e1 responsable del mal uso y\/o del desgaste de los productos que hayan sido utilizados por el Usuario. Al mismo tiempo, ARBEL tampoco se har\u00e1 responsable de una devoluci\u00f3n err\u00f3nea realizada por el Usuario. Es responsabilidad del Usuario devolver el producto correcto.<\/li>\n \t<li>En general, ARBEL no se responsabilizar\u00e1 por ning\u00fan incumplimiento o retraso en el cumplimiento de alguna de las obligaciones asumidas, cuando el mismo se deba a acontecimientos que est\u00e1n fuera de su control razonable, es decir, que se deban a causa de fuerza mayor, y \u00e9sta podr\u00e1 incluir, a modo enunciativo pero no exhaustivo:\n<ul style=\"margin-left:40px\">\n<li>Huelgas, cierres patronales u otras medidas reivindicativas.<\/li>\n<li>Conmoci\u00f3n civil, revuelta, invasi\u00f3n, amenaza o ataque terrorista, guerra (declarada o no) o amenaza o preparativos de guerra.<\/li>\n<li>Incendio, explosi\u00f3n, tormenta, inundaci\u00f3n, terremoto, hundimiento, epidemia o cualquier otro desastre natural.<\/li>\n<li>Imposibilidad de uso de trenes, barcos, aviones, transportes de motor u otros medios de transporte, p\u00fablicos o privados.<\/li>\n<li>Imposibilidad de utilizar sistemas p\u00fablicos o privados de telecomunicaciones.<\/li>\n<li>Actos, decretos, legislaci\u00f3n, normativa o restricciones de cualquier gobierno o autoridad p\u00fablica.<\/li>\n<\/ul>\n<\/li>\n<\/ul>\t\t\n\t<\/div>\n<\/div>\t\t\t\t<\/div>\n\t\t\t\t<\/div>\n\t\t\t\t<div class=\"elementor-element elementor-element-5d6b870 elementor-widget elementor-widget-pxl_text_editor\" data-id=\"5d6b870\" data-element_type=\"widget\" data-widget_type=\"pxl_text_editor.default\">\n\t\t\t\t<div class=\"elementor-widget-container\">\n\t\t\t\t\t<div class=\"pxl-text-editor d-flex highlight-gradient\">\n\t<div class=\"pxl-item--inner  \" data-wow-delay=\"ms\">\n\t\tDe esta forma, las obligaciones quedar\u00e1n suspendidas durante el periodo en que la causa de fuerza mayor contin\u00fae, y ARBEL dispondr\u00e1 de una ampliaci\u00f3n en el plazo para cumplirlas por un periodo de tiempo igual al que dure la causa de fuerza mayor. ARBEL pondr\u00e1 todos los medios razonables para encontrar una soluci\u00f3n que le permita cumplir con sus obligaciones a pesar de la causa de fuerza mayor.\t\t\n\t<\/div>\n<\/div>\t\t\t\t<\/div>\n\t\t\t\t<\/div>\n\t\t            <\/div>\r\n        <\/div>\r\n        \t\t\t<\/div>\n\t\t<\/section>\n\t\t            <\/div>\r\n        <\/div>\r\n        \t\t\t<\/div>\n\t\t<\/section>\n\t\t\t\t<\/div>\n\t\t","protected":false},"excerpt":{"rendered":"<p>Errores, quejas y responsabilidades 1. Medios t\u00e9cnicos para corregir errores Se pone en conocimiento del Usuario que en caso de que detecte que se ha producido un error al introducir datos necesarios para procesar su solicitud de compra en el Sitio Web, podr\u00e1 modificar los mismos poni\u00e9ndose en contacto con ARBEL a trav\u00e9s de los [&hellip;]<\/p>\n","protected":false},"author":1,"featured_media":0,"parent":0,"menu_order":0,"comment_status":"closed","ping_status":"closed","template":"","meta":{"footnotes":""},"class_list":["post-12909","page","type-page","status-publish","hentry"],"jetpack_sharing_enabled":true,"_links":{"self":[{"href":"https:\/\/www.arbel.eus\/es\/wp-json\/wp\/v2\/pages\/12909","targetHints":{"allow":["GET"]}}],"collection":[{"href":"https:\/\/www.arbel.eus\/es\/wp-json\/wp\/v2\/pages"}],"about":[{"href":"https:\/\/www.arbel.eus\/es\/wp-json\/wp\/v2\/types\/page"}],"author":[{"embeddable":true,"href":"https:\/\/www.arbel.eus\/es\/wp-json\/wp\/v2\/users\/1"}],"replies":[{"embeddable":true,"href":"https:\/\/www.arbel.eus\/es\/wp-json\/wp\/v2\/comments?post=12909"}],"version-history":[{"count":8,"href":"https:\/\/www.arbel.eus\/es\/wp-json\/wp\/v2\/pages\/12909\/revisions"}],"predecessor-version":[{"id":12928,"href":"https:\/\/www.arbel.eus\/es\/wp-json\/wp\/v2\/pages\/12909\/revisions\/12928"}],"wp:attachment":[{"href":"https:\/\/www.arbel.eus\/es\/wp-json\/wp\/v2\/media?parent=12909"}],"curies":[{"name":"wp","href":"https:\/\/api.w.org\/{rel}","templated":true}]}}