{"id":12049,"date":"2024-11-09T03:33:42","date_gmt":"2024-11-09T03:33:42","guid":{"rendered":"https:\/\/www.arbel.eus\/product\/arbotec-breathflex-pro-praka\/"},"modified":"2025-10-27T15:47:19","modified_gmt":"2025-10-27T14:47:19","slug":"arbotec-pantalon-anticorte-breatheflex-pro-clase-1-tipo-a","status":"publish","type":"product","link":"https:\/\/www.arbel.eus\/es\/producto\/arbotec-pantalon-anticorte-breatheflex-pro-clase-1-tipo-a\/","title":{"rendered":"ARBORTEC PANTALON ANTICORTE BREATHEFLEX PRO &#8211; CLASE 1 &#8211; TIPO A"},"content":{"rendered":"<p>Pantal\u00f3n entallado, superligero y a la moda, con la m\u00e1xima flexibilidad.<\/p>\n<p>Panel en la zona de los ri\u00f1ones para una mayor protecci\u00f3n con puntos de fijaci\u00f3n de los tirantes.<\/p>\n<p>Panel el\u00e1stico en la entrepierna para mayor comodidad y facilidad de movimiento.<\/p>\n<p>Cremalleras dise\u00f1adas para resistir el uso intensivo.<\/p>\n<p>Bolsillos impermeables para el tel\u00e9fono.<\/p>\n<p>Ventilaciones con cremallera para mantener fresco al usuario.<\/p>\n<p>Costuras reforzadas en zonas de mayor tensi\u00f3n.<\/p>\n<p>Rodillas perfiladas para facilitar los movimientos.<\/p>\n<p>Tobilleras reforzadas con Kevlar.<\/p>\n<p>Parte inferior de las piernas reforzada para una mayor resistencia a la abrasi\u00f3n.<\/p>\n<p>Ganchos el\u00e1sticos en la base para sujetar a las botas e impedir la entrada de suciedad.<\/p>\n","protected":false},"excerpt":{"rendered":"<p>Pantal\u00f3n Arbortec Breatheflex que combina protecci\u00f3n contra cortes, agilidad y comodidad<\/p>\n","protected":false},"featured_media":12050,"template":"","meta":[],"product_brand":[58],"product_cat":[113,110],"product_tag":[156,157,158,159,160],"class_list":{"0":"post-12049","1":"product","2":"type-product","3":"status-publish","4":"has-post-thumbnail","6":"product_brand-arbotec","7":"product_cat-huerta","8":"product_cat-ropa-tecnica-de-trabajo","9":"product_tag-1-mota","10":"product_tag-a-diseinua","11":"product_tag-arborikultura","12":"product_tag-arbortec","13":"product_tag-ebaketen-aurka","15":"first","16":"instock","17":"shipping-taxable","18":"purchasable","19":"product-type-variable"},"jetpack_sharing_enabled":true,"_links":{"self":[{"href":"https:\/\/www.arbel.eus\/es\/wp-json\/wp\/v2\/product\/12049","targetHints":{"allow":["GET"]}}],"collection":[{"href":"https:\/\/www.arbel.eus\/es\/wp-json\/wp\/v2\/product"}],"about":[{"href":"https:\/\/www.arbel.eus\/es\/wp-json\/wp\/v2\/types\/product"}],"wp:featuredmedia":[{"embeddable":true,"href":"https:\/\/www.arbel.eus\/es\/wp-json\/wp\/v2\/media\/12050"}],"wp:attachment":[{"href":"https:\/\/www.arbel.eus\/es\/wp-json\/wp\/v2\/media?parent=12049"}],"wp:term":[{"taxonomy":"product_brand","embeddable":true,"href":"https:\/\/www.arbel.eus\/es\/wp-json\/wp\/v2\/product_brand?post=12049"},{"taxonomy":"product_cat","embeddable":true,"href":"https:\/\/www.arbel.eus\/es\/wp-json\/wp\/v2\/product_cat?post=12049"},{"taxonomy":"product_tag","embeddable":true,"href":"https:\/\/www.arbel.eus\/es\/wp-json\/wp\/v2\/product_tag?post=12049"}],"curies":[{"name":"wp","href":"https:\/\/api.w.org\/{rel}","templated":true}]}}