{"id":12058,"date":"2024-11-11T07:50:43","date_gmt":"2024-11-11T07:50:43","guid":{"rendered":"https:\/\/www.arbel.eus\/product\/haix-bota-anticorte-protector\/"},"modified":"2025-10-27T15:46:05","modified_gmt":"2025-10-27T14:46:05","slug":"haix-bota-anticorte-protector-forest-2-1-gtx","status":"publish","type":"product","link":"https:\/\/www.arbel.eus\/es\/producto\/haix-bota-anticorte-protector-forest-2-1-gtx\/","title":{"rendered":"HAIX BOTA ANTICORTE PROTECTOR FOREST 2.1 GTX"},"content":{"rendered":"<p><span id=\"src_sent_0\">Botas anticorte para motoserristas clase 2.<\/span> <span id=\"src_sent_1\">Transpirable e impermeable con membrana GORE-TEX.<\/span> <span id=\"src_sent_2\">Dise\u00f1o absorbente de humedad y anti-torsi\u00f3n para una estabilidad excepcional, reduciendo la presi\u00f3n en los puntos (de piedras, etc).<\/span> <span id=\"src_sent_3\">Suela VIBRAM muy resistente a la abrasi\u00f3n.<\/span> <span id=\"src_sent_4\">Garantiza una excelente absorci\u00f3n de impactos y un movimiento adecuado desde la punta al tal\u00f3n.<\/span> <span id=\"src_sent_5\">La suela exterior que no deja marcas es resistente al calor, a los aceites y combustibles.<\/span><\/p>\n<p>El sistema clim\u00e1tico HAIX\u00ae utiliza el movimiento de bombeo, que permite la circulaci\u00f3n de aire con cada paso. Se libera aire caliente y entra aire fresco a trav\u00e9s de los orificios de ventilaci\u00f3n en la parte superior del casco.<\/p>\n","protected":false},"excerpt":{"rendered":"<p>Bota Haix Forest con protacci\u00f3n anticorte impermeable<\/p>\n","protected":false},"featured_media":12247,"template":"","meta":[],"product_brand":[59],"product_cat":[110],"product_tag":[161,158,160,162,163],"class_list":{"0":"post-12058","1":"product","2":"type-product","3":"status-publish","4":"has-post-thumbnail","6":"product_brand-haix","7":"product_cat-ropa-tecnica-de-trabajo","8":"product_tag-2-mota","9":"product_tag-arborikultura","10":"product_tag-ebaketen-aurka","11":"product_tag-gtx","12":"product_tag-haix","14":"first","15":"instock","16":"shipping-taxable","17":"purchasable","18":"product-type-variable"},"jetpack_sharing_enabled":true,"_links":{"self":[{"href":"https:\/\/www.arbel.eus\/es\/wp-json\/wp\/v2\/product\/12058","targetHints":{"allow":["GET"]}}],"collection":[{"href":"https:\/\/www.arbel.eus\/es\/wp-json\/wp\/v2\/product"}],"about":[{"href":"https:\/\/www.arbel.eus\/es\/wp-json\/wp\/v2\/types\/product"}],"wp:featuredmedia":[{"embeddable":true,"href":"https:\/\/www.arbel.eus\/es\/wp-json\/wp\/v2\/media\/12247"}],"wp:attachment":[{"href":"https:\/\/www.arbel.eus\/es\/wp-json\/wp\/v2\/media?parent=12058"}],"wp:term":[{"taxonomy":"product_brand","embeddable":true,"href":"https:\/\/www.arbel.eus\/es\/wp-json\/wp\/v2\/product_brand?post=12058"},{"taxonomy":"product_cat","embeddable":true,"href":"https:\/\/www.arbel.eus\/es\/wp-json\/wp\/v2\/product_cat?post=12058"},{"taxonomy":"product_tag","embeddable":true,"href":"https:\/\/www.arbel.eus\/es\/wp-json\/wp\/v2\/product_tag?post=12058"}],"curies":[{"name":"wp","href":"https:\/\/api.w.org\/{rel}","templated":true}]}}