{"id":12062,"date":"2024-11-09T03:34:43","date_gmt":"2024-11-09T03:34:43","guid":{"rendered":"https:\/\/www.arbel.eus\/product\/pfanner-pantalon-anticorte-gladiator-ventilation-clase-1-tipo-a-pierna-larga\/"},"modified":"2025-10-27T15:42:45","modified_gmt":"2025-10-27T14:42:45","slug":"pfanner-ipantalon-desbroce-impact-alta-visibilidad","status":"publish","type":"product","link":"https:\/\/www.arbel.eus\/es\/producto\/pfanner-ipantalon-desbroce-impact-alta-visibilidad\/","title":{"rendered":"PFANNER PANTALON DESBROCE IMPACT ALTA VISIBILIDAD"},"content":{"rendered":"<p>El tejido el\u00e1stico proporciona una agradable comodidad y el StretchAIR\u00ae garantizan la m\u00e1xima funcionalidad.<\/p>\n<p>Los pantalones estan equipados con una protecci\u00f3n especial contra los impactos en la parte frontal, lo que proporciona protecci\u00f3n adicional para las piernas. Los insertos de ventilaci\u00f3n en la cintura y las aberturas en la parte posterior de las piernas ofrecen mayor transpirabilidad.<\/p>\n<p>Refuerzos de rodilla preformados<\/p>\n","protected":false},"excerpt":{"rendered":"<p>Pantal\u00f3n de desbroce con una protecci\u00f3n especial contra los impactos en la parte frontal Pfanner Impact de alta visibilidad<\/p>\n","protected":false},"featured_media":11959,"template":"","meta":[],"product_brand":[57],"product_cat":[113,110],"product_tag":[158,164,165,166],"class_list":{"0":"post-12062","1":"product","2":"type-product","3":"status-publish","4":"has-post-thumbnail","6":"product_brand-pfanner","7":"product_cat-huerta","8":"product_cat-ropa-tecnica-de-trabajo","9":"product_tag-arborikultura","10":"product_tag-belar-sastraka-garbiketa","11":"product_tag-ikuspen-handia","12":"product_tag-pfanner","14":"first","15":"instock","16":"shipping-taxable","17":"purchasable","18":"product-type-variable"},"jetpack_sharing_enabled":true,"_links":{"self":[{"href":"https:\/\/www.arbel.eus\/es\/wp-json\/wp\/v2\/product\/12062","targetHints":{"allow":["GET"]}}],"collection":[{"href":"https:\/\/www.arbel.eus\/es\/wp-json\/wp\/v2\/product"}],"about":[{"href":"https:\/\/www.arbel.eus\/es\/wp-json\/wp\/v2\/types\/product"}],"wp:featuredmedia":[{"embeddable":true,"href":"https:\/\/www.arbel.eus\/es\/wp-json\/wp\/v2\/media\/11959"}],"wp:attachment":[{"href":"https:\/\/www.arbel.eus\/es\/wp-json\/wp\/v2\/media?parent=12062"}],"wp:term":[{"taxonomy":"product_brand","embeddable":true,"href":"https:\/\/www.arbel.eus\/es\/wp-json\/wp\/v2\/product_brand?post=12062"},{"taxonomy":"product_cat","embeddable":true,"href":"https:\/\/www.arbel.eus\/es\/wp-json\/wp\/v2\/product_cat?post=12062"},{"taxonomy":"product_tag","embeddable":true,"href":"https:\/\/www.arbel.eus\/es\/wp-json\/wp\/v2\/product_tag?post=12062"}],"curies":[{"name":"wp","href":"https:\/\/api.w.org\/{rel}","templated":true}]}}