{"id":12066,"date":"2024-10-22T07:52:53","date_gmt":"2024-10-22T07:52:53","guid":{"rendered":"https:\/\/www.arbel.eus\/product\/protos-integral-arborist-babes-kaskoa\/"},"modified":"2025-10-27T15:41:50","modified_gmt":"2025-10-27T14:41:50","slug":"protos-casco-integral-arborist","status":"publish","type":"product","link":"https:\/\/www.arbel.eus\/es\/producto\/protos-casco-integral-arborist\/","title":{"rendered":"PROTOS CASCO INTEGRAL ARBORIST"},"content":{"rendered":"<p>Gracias a su soporte de cuello de largo alcance, la protecci\u00f3n de la cabeza se adapta perfectamente incluso cuando se trabaja en pendientes o suspendido proporcionando as\u00ed una fijaci\u00f3n segura.<\/p>\n<p>Protege la parte posterior de la cabeza de golpes en ca\u00eddas y minimiza el peligro de fractura basal del cr\u00e1neo.<\/p>\n<p>Estructura amortiguadora en el armaz\u00f3n interior que absorbe los impactos.<\/p>\n<p>Debido a la dificultad de conseguir manos libres en altura, todo el modular principal se puede ajustar con s\u00f3lo dos dedos. Por lo tanto, cada elemento se puede regular en cualquier momento.<\/p>\n<p>Este modelo tambi\u00e9n viene equipado con un barboquejo.<\/p>\n<p>Orejeras incorporadas que funcionan como funciona protecci\u00f3n antichoque extra.<\/p>\n","protected":false},"excerpt":{"rendered":"<p>Casco de protecci\u00f3n para trabajos forestales y arboricultura Protos Arborist<\/p>\n","protected":false},"featured_media":12067,"template":"","meta":[],"product_brand":[71],"product_cat":[113,110],"product_tag":[158,167,168,169,170],"class_list":{"0":"post-12066","1":"product","2":"type-product","3":"status-publish","4":"has-post-thumbnail","6":"product_brand-protos","7":"product_cat-huerta","8":"product_cat-ropa-tecnica-de-trabajo","9":"product_tag-arborikultura","10":"product_tag-arborist","11":"product_tag-integral","12":"product_tag-kaskoa","13":"product_tag-protos","15":"first","16":"instock","17":"shipping-taxable","18":"purchasable","19":"product-type-variable"},"jetpack_sharing_enabled":true,"_links":{"self":[{"href":"https:\/\/www.arbel.eus\/es\/wp-json\/wp\/v2\/product\/12066","targetHints":{"allow":["GET"]}}],"collection":[{"href":"https:\/\/www.arbel.eus\/es\/wp-json\/wp\/v2\/product"}],"about":[{"href":"https:\/\/www.arbel.eus\/es\/wp-json\/wp\/v2\/types\/product"}],"wp:featuredmedia":[{"embeddable":true,"href":"https:\/\/www.arbel.eus\/es\/wp-json\/wp\/v2\/media\/12067"}],"wp:attachment":[{"href":"https:\/\/www.arbel.eus\/es\/wp-json\/wp\/v2\/media?parent=12066"}],"wp:term":[{"taxonomy":"product_brand","embeddable":true,"href":"https:\/\/www.arbel.eus\/es\/wp-json\/wp\/v2\/product_brand?post=12066"},{"taxonomy":"product_cat","embeddable":true,"href":"https:\/\/www.arbel.eus\/es\/wp-json\/wp\/v2\/product_cat?post=12066"},{"taxonomy":"product_tag","embeddable":true,"href":"https:\/\/www.arbel.eus\/es\/wp-json\/wp\/v2\/product_tag?post=12066"}],"curies":[{"name":"wp","href":"https:\/\/api.w.org\/{rel}","templated":true}]}}