{"id":12128,"date":"2024-10-22T07:52:22","date_gmt":"2024-10-22T07:52:22","guid":{"rendered":"https:\/\/www.arbel.eus\/product\/pfanner-gladiator-ehiza-eta-mendirako-praka\/"},"modified":"2025-10-27T15:40:59","modified_gmt":"2025-10-27T14:40:59","slug":"pfanner-pantalon-exteriores-gladiator","status":"publish","type":"product","link":"https:\/\/www.arbel.eus\/es\/producto\/pfanner-pantalon-exteriores-gladiator\/","title":{"rendered":"PFANNER PANTALON EXTERIORES GLADIATOR"},"content":{"rendered":"<p>El material exterior repelente al agua y suciedad es f\u00e1cil de limpiar. La tecnolog\u00eda StretchAIR\u00ae en la parte posterior asegura libertad de movimiento y un ajuste perfecto. El forro funcional elimina la humedad para un ajuste c\u00f3modo. Las cremalleras de ventilaci\u00f3n en el tejido KlimaAIR\u00ae proporcionan m\u00e1xima ventilaci\u00f3n y compensaci\u00f3n de temperatura en la parte posterior. El forro SympaTex garantiza un frontal impermeable.<\/p>\n<p>Aperturas de ventilaci\u00f3n<\/p>\n<p>Refuerzos de Kevlar en las rodillas<\/p>\n<p>3CON\u00ae Reflex<\/p>\n","protected":false},"excerpt":{"rendered":"<p>Pantal\u00f3n de rastreo y exteriores Pfanner con tejido Gladiator<\/p>\n","protected":false},"featured_media":12129,"template":"","meta":[],"product_brand":[57],"product_cat":[113,110],"product_tag":[171,166,172],"class_list":{"0":"post-12128","1":"product","2":"type-product","3":"status-publish","4":"has-post-thumbnail","6":"product_brand-pfanner","7":"product_cat-huerta","8":"product_cat-ropa-tecnica-de-trabajo","9":"product_tag-gladiator","10":"product_tag-pfanner","11":"product_tag-praka","13":"first","14":"instock","15":"shipping-taxable","16":"purchasable","17":"product-type-variable"},"jetpack_sharing_enabled":true,"_links":{"self":[{"href":"https:\/\/www.arbel.eus\/es\/wp-json\/wp\/v2\/product\/12128","targetHints":{"allow":["GET"]}}],"collection":[{"href":"https:\/\/www.arbel.eus\/es\/wp-json\/wp\/v2\/product"}],"about":[{"href":"https:\/\/www.arbel.eus\/es\/wp-json\/wp\/v2\/types\/product"}],"wp:featuredmedia":[{"embeddable":true,"href":"https:\/\/www.arbel.eus\/es\/wp-json\/wp\/v2\/media\/12129"}],"wp:attachment":[{"href":"https:\/\/www.arbel.eus\/es\/wp-json\/wp\/v2\/media?parent=12128"}],"wp:term":[{"taxonomy":"product_brand","embeddable":true,"href":"https:\/\/www.arbel.eus\/es\/wp-json\/wp\/v2\/product_brand?post=12128"},{"taxonomy":"product_cat","embeddable":true,"href":"https:\/\/www.arbel.eus\/es\/wp-json\/wp\/v2\/product_cat?post=12128"},{"taxonomy":"product_tag","embeddable":true,"href":"https:\/\/www.arbel.eus\/es\/wp-json\/wp\/v2\/product_tag?post=12128"}],"curies":[{"name":"wp","href":"https:\/\/api.w.org\/{rel}","templated":true}]}}