{"id":12576,"date":"2025-12-18T08:16:08","date_gmt":"2025-12-18T07:16:08","guid":{"rendered":"https:\/\/www.arbel.eus\/product\/suevia-370-uraska-letoizko-balbularekin\/"},"modified":"2025-12-19T15:19:41","modified_gmt":"2025-12-19T14:19:41","slug":"suevia-370-uraska-letoizko-balbularekin","status":"publish","type":"product","link":"https:\/\/www.arbel.eus\/es\/producto\/suevia-370-uraska-letoizko-balbularekin\/","title":{"rendered":"BEBEDERO SUEVIA 370 CON VALVULA DE LAT\u00d3N"},"content":{"rendered":"<p>Cazoleta en hierro fundido, completamente esmaltada, f\u00e1cil de limpiar<br \/>\nSiempre agua fresca y limpia &#8211; al no haber acumulaci\u00f3n de agua como en los bebederos de nivel constante no hay riesgo que se ensucie<br \/>\nV\u00e1lvula tubular ultra-suave a\u00fan en caso de alta presi\u00f3n de agua de m\u00e1x. 6 bar<br \/>\nLa v\u00e1lvula puede ser accionada desde todos los lados<br \/>\nEl pocillo detr\u00e1s de la v\u00e1lvula acumula un poco de agua que induce al animal a beber<br \/>\nFlujo de agua suave gracias a la v\u00e1lvula tubular<br \/>\nConexi\u00f3n con rosca exterior 1\/2&#8243; por arriba<br \/>\nCaudal de agua ajustable por el exterior por medio de un tornillo de regulaci\u00f3n, sin necesidad de desmontar la v\u00e1lvula<br \/>\nAmplias posibilidades de fijaci\u00f3n: en esquinas de 90\u00ba, muros o en tubos<br \/>\nRecomendado para terneros, ovejas o cabras. <\/p>\n","protected":false},"excerpt":{"rendered":"<p>Bebedero Suevia 370 con cazoleta de hierro fundido y valvula tubular<\/p>\n","protected":false},"featured_media":12575,"template":"","meta":[],"product_brand":[179],"product_cat":[116],"product_tag":[241,242,243,244,245],"class_list":{"0":"post-12576","1":"product","2":"type-product","3":"status-publish","4":"has-post-thumbnail","6":"product_brand-suevia","7":"product_cat-animales","8":"product_tag-ahuntzak","9":"product_tag-ardiak","10":"product_tag-suevia","11":"product_tag-txahalak","12":"product_tag-uraska","14":"first","15":"instock","16":"shipping-taxable","17":"purchasable","18":"product-type-simple"},"jetpack_sharing_enabled":true,"_links":{"self":[{"href":"https:\/\/www.arbel.eus\/es\/wp-json\/wp\/v2\/product\/12576","targetHints":{"allow":["GET"]}}],"collection":[{"href":"https:\/\/www.arbel.eus\/es\/wp-json\/wp\/v2\/product"}],"about":[{"href":"https:\/\/www.arbel.eus\/es\/wp-json\/wp\/v2\/types\/product"}],"wp:featuredmedia":[{"embeddable":true,"href":"https:\/\/www.arbel.eus\/es\/wp-json\/wp\/v2\/media\/12575"}],"wp:attachment":[{"href":"https:\/\/www.arbel.eus\/es\/wp-json\/wp\/v2\/media?parent=12576"}],"wp:term":[{"taxonomy":"product_brand","embeddable":true,"href":"https:\/\/www.arbel.eus\/es\/wp-json\/wp\/v2\/product_brand?post=12576"},{"taxonomy":"product_cat","embeddable":true,"href":"https:\/\/www.arbel.eus\/es\/wp-json\/wp\/v2\/product_cat?post=12576"},{"taxonomy":"product_tag","embeddable":true,"href":"https:\/\/www.arbel.eus\/es\/wp-json\/wp\/v2\/product_tag?post=12576"}],"curies":[{"name":"wp","href":"https:\/\/api.w.org\/{rel}","templated":true}]}}