{"id":12584,"date":"2025-12-18T10:23:29","date_gmt":"2025-12-18T09:23:29","guid":{"rendered":"https:\/\/www.arbel.eus\/product\/la-gee-uraska-gris-obalatua\/"},"modified":"2025-12-18T16:10:50","modified_gmt":"2025-12-18T15:10:50","slug":"la-gee-uraska-gris-obalatua","status":"publish","type":"product","link":"https:\/\/www.arbel.eus\/es\/producto\/la-gee-uraska-gris-obalatua\/","title":{"rendered":"ABREVADERO LA G\u00c9E GRIS OVALADO"},"content":{"rendered":"<ul>\n<li>Fabricadas en resina de polietileno resistente a la putrefacci\u00f3n, estabilizada a los rayos U.V. y a las heladas, son resistentes a los detergentes, desinfectantes y se pueden limpiar a alta presi\u00f3n. Material ligero f\u00e1cil de transportar. <\/li>\n<li>Drenaje &#8220;Vac\u00edo-R\u00e1pida\u201d con tap\u00f3n de desag\u00fce de \u00d8 32 mm<\/li>\n<li>Espacio de reserva para la opci\u00f3n de nivel constante, fondo reforzado y liso para facilitar la limpieza.<\/li>\n<li>Forma redonda con cord\u00f3n tienen un borde patentado que mejora la resistencia de la ba\u00f1era con un cord\u00f3n de refuerzo alrededor del borde del borde.<br \/>Esta llanta garantiza una higiene perfecta por la ausencia de una llanta interna, todo es accesible para la limpieza y no se puede retener suciedad.  <\/li>\n<li>Dise\u00f1ado para recibir la opci\u00f3n de v\u00e1lvula de flotador de 32 litros \/ minuto, en una conexi\u00f3n 1\/2 macho equipada con un sistema de bloqueo de entrada de agua. Se puede montar en el espacio de reserva previsto a tal efecto. <\/li>\n<li>No incluye flotador.<\/li>\n<li>3 modelos capacidades diferentes: 450 litros, 650 litros y 1000 litros.<\/li>\n<\/ul>\n","protected":false},"excerpt":{"rendered":"<p>Abrevadero La G\u00e9e ovalado de polietileno con drenaje rapido<\/p>\n","protected":false},"featured_media":12585,"template":"","meta":[],"product_brand":[189],"product_cat":[116],"product_tag":[],"class_list":{"0":"post-12584","1":"product","2":"type-product","3":"status-publish","4":"has-post-thumbnail","6":"product_brand-la-gee","7":"product_cat-animales","9":"first","10":"instock","11":"shipping-taxable","12":"purchasable","13":"product-type-variable"},"jetpack_sharing_enabled":true,"_links":{"self":[{"href":"https:\/\/www.arbel.eus\/es\/wp-json\/wp\/v2\/product\/12584","targetHints":{"allow":["GET"]}}],"collection":[{"href":"https:\/\/www.arbel.eus\/es\/wp-json\/wp\/v2\/product"}],"about":[{"href":"https:\/\/www.arbel.eus\/es\/wp-json\/wp\/v2\/types\/product"}],"wp:featuredmedia":[{"embeddable":true,"href":"https:\/\/www.arbel.eus\/es\/wp-json\/wp\/v2\/media\/12585"}],"wp:attachment":[{"href":"https:\/\/www.arbel.eus\/es\/wp-json\/wp\/v2\/media?parent=12584"}],"wp:term":[{"taxonomy":"product_brand","embeddable":true,"href":"https:\/\/www.arbel.eus\/es\/wp-json\/wp\/v2\/product_brand?post=12584"},{"taxonomy":"product_cat","embeddable":true,"href":"https:\/\/www.arbel.eus\/es\/wp-json\/wp\/v2\/product_cat?post=12584"},{"taxonomy":"product_tag","embeddable":true,"href":"https:\/\/www.arbel.eus\/es\/wp-json\/wp\/v2\/product_tag?post=12584"}],"curies":[{"name":"wp","href":"https:\/\/api.w.org\/{rel}","templated":true}]}}