{"id":12593,"date":"2025-12-18T10:50:31","date_gmt":"2025-12-18T09:50:31","guid":{"rendered":"https:\/\/www.arbel.eus\/product\/arantzadun-alanbrea-bravo-13-8-moreda\/"},"modified":"2025-12-18T15:53:36","modified_gmt":"2025-12-18T14:53:36","slug":"arantzadun-alanbrea-bravo-13-8-moreda","status":"publish","type":"product","link":"https:\/\/www.arbel.eus\/es\/producto\/arantzadun-alanbrea-bravo-13-8-moreda\/","title":{"rendered":"ALAMBRE ESPINO BRAVO 13-8 MOREDA"},"content":{"rendered":"<p>Alambre de espino para explotaciones agr\u00edcolas, ganaderas, o para aumentar la seguridad de un cerramiento. Est\u00e1 formado por dos alambres de acero recocido que presentan una torsi\u00f3n continua y p\u00faas entrelazadas en la l\u00ednea de alambre. La resistencia de rotura es de 45-55 kg\/mm2.   <\/p>\n<p>Caracter\u00edsticas:<\/p>\n<ul>\n<li>Largo: 250 m<\/li>\n<li>Distancia entre p\u00faas: 8 cm<\/li>\n<\/ul>\n<p>Caracter\u00edsticas de recubrimiento:<\/p>\n<ul>\n<li>UNE EN 1179<\/li>\n<li>EN 10244-2<\/li>\n<\/ul>\n","protected":false},"excerpt":{"rendered":"<p>Alambre galvanizado de espino para explotaciones agr\u00edcolas, ganaderas, con torsi\u00f3n continua y p\u00faas entrelazadas.<\/p>\n","protected":false},"featured_media":12595,"template":"","meta":[],"product_brand":[195],"product_cat":[177],"product_tag":[254,255,256,257],"class_list":{"0":"post-12593","1":"product","2":"type-product","3":"status-publish","4":"has-post-thumbnail","6":"product_brand-moreda","7":"product_cat-cierres","8":"product_tag-alanbrea","9":"product_tag-arantzaduna","10":"product_tag-bravo","11":"product_tag-moreda","13":"first","14":"instock","15":"shipping-taxable","16":"purchasable","17":"product-type-simple"},"jetpack_sharing_enabled":true,"_links":{"self":[{"href":"https:\/\/www.arbel.eus\/es\/wp-json\/wp\/v2\/product\/12593","targetHints":{"allow":["GET"]}}],"collection":[{"href":"https:\/\/www.arbel.eus\/es\/wp-json\/wp\/v2\/product"}],"about":[{"href":"https:\/\/www.arbel.eus\/es\/wp-json\/wp\/v2\/types\/product"}],"wp:featuredmedia":[{"embeddable":true,"href":"https:\/\/www.arbel.eus\/es\/wp-json\/wp\/v2\/media\/12595"}],"wp:attachment":[{"href":"https:\/\/www.arbel.eus\/es\/wp-json\/wp\/v2\/media?parent=12593"}],"wp:term":[{"taxonomy":"product_brand","embeddable":true,"href":"https:\/\/www.arbel.eus\/es\/wp-json\/wp\/v2\/product_brand?post=12593"},{"taxonomy":"product_cat","embeddable":true,"href":"https:\/\/www.arbel.eus\/es\/wp-json\/wp\/v2\/product_cat?post=12593"},{"taxonomy":"product_tag","embeddable":true,"href":"https:\/\/www.arbel.eus\/es\/wp-json\/wp\/v2\/product_tag?post=12593"}],"curies":[{"name":"wp","href":"https:\/\/api.w.org\/{rel}","templated":true}]}}