{"id":12600,"date":"2025-12-18T11:16:29","date_gmt":"2025-12-18T10:16:29","guid":{"rendered":"https:\/\/www.arbel.eus\/product\/tubex-ecoforest\/"},"modified":"2025-12-18T15:22:10","modified_gmt":"2025-12-18T14:22:10","slug":"tubex-ecoforest","status":"publish","type":"product","link":"https:\/\/www.arbel.eus\/es\/producto\/tubex-ecoforest\/","title":{"rendered":"TUBEX ECOFOREST"},"content":{"rendered":"<p>Tubo protector con efecto invernadero concebido para favorecer el establecimiento de la planta, protegi\u00e9ndola de acciones mec\u00e1nicas y da\u00f1os f\u00edsicos producidos por animales. Especialmente dise\u00f1ado para su empleo en plantaciones forestales. <\/p>\n<p>TUBEX ECOFOREST es un tubo protector fabricado en polipropileno con estabilizador UV, resultando una pieza \u00fanica con doble pared. Est\u00e1 concebido para resistir un m\u00ednimo de 5 a\u00f1os; aunque en zonas con menos horas de insolaci\u00f3n puede llegar a tener una vida \u00fatil de 7 u 8 a\u00f1os. <\/p>\n<p>Caracter\u00edsticas:<\/p>\n<ul>\n<li>Altura: 120 cm<\/li>\n<li>Polipropileno con estabilizador UV<\/li>\n<li>L\u00ednea de refuerzo en los puntos de atado<\/li>\n<li>Borde superior encurvado anti abrasivo<\/li>\n<li>L\u00ednea l\u00e1ser de auto apertura<\/li>\n<li>Color verde<\/li>\n<li>Punto de atado con brida incluida<\/li>\n<\/ul>\n","protected":false},"excerpt":{"rendered":"<p>Tubo invernadero protector perforado para \u00e1rboles 1,2m con brida<\/p>\n","protected":false},"featured_media":12601,"template":"","meta":[],"product_brand":[204],"product_cat":[113],"product_tag":[262,263,264],"class_list":{"0":"post-12600","1":"product","2":"type-product","3":"status-publish","4":"has-post-thumbnail","6":"product_brand-imporfort","7":"product_cat-huerta","8":"product_tag-berotegia","9":"product_tag-hodi-zulatua","10":"product_tag-zuahitzak","12":"first","13":"instock","14":"shipping-taxable","15":"purchasable","16":"product-type-simple"},"jetpack_sharing_enabled":true,"_links":{"self":[{"href":"https:\/\/www.arbel.eus\/es\/wp-json\/wp\/v2\/product\/12600","targetHints":{"allow":["GET"]}}],"collection":[{"href":"https:\/\/www.arbel.eus\/es\/wp-json\/wp\/v2\/product"}],"about":[{"href":"https:\/\/www.arbel.eus\/es\/wp-json\/wp\/v2\/types\/product"}],"wp:featuredmedia":[{"embeddable":true,"href":"https:\/\/www.arbel.eus\/es\/wp-json\/wp\/v2\/media\/12601"}],"wp:attachment":[{"href":"https:\/\/www.arbel.eus\/es\/wp-json\/wp\/v2\/media?parent=12600"}],"wp:term":[{"taxonomy":"product_brand","embeddable":true,"href":"https:\/\/www.arbel.eus\/es\/wp-json\/wp\/v2\/product_brand?post=12600"},{"taxonomy":"product_cat","embeddable":true,"href":"https:\/\/www.arbel.eus\/es\/wp-json\/wp\/v2\/product_cat?post=12600"},{"taxonomy":"product_tag","embeddable":true,"href":"https:\/\/www.arbel.eus\/es\/wp-json\/wp\/v2\/product_tag?post=12600"}],"curies":[{"name":"wp","href":"https:\/\/api.w.org\/{rel}","templated":true}]}}