{"id":12610,"date":"2025-12-18T11:44:04","date_gmt":"2025-12-18T10:44:04","guid":{"rendered":"https:\/\/www.arbel.eus\/product\/berger-aluminiozko-pertiga-teleskopikoa-3-atalekoa-086-190m\/"},"modified":"2025-12-18T14:53:03","modified_gmt":"2025-12-18T13:53:03","slug":"berger-aluminiozko-pertiga-teleskopikoa-3-atalekoa-086-190m","status":"publish","type":"product","link":"https:\/\/www.arbel.eus\/es\/producto\/berger-aluminiozko-pertiga-teleskopikoa-3-atalekoa-086-190m\/","title":{"rendered":"BERGER PERTIGA TELESCOPICA DE ALUMINIO 3 TRAMOS 0,86-1,90m"},"content":{"rendered":"<p>La versi\u00f3n compacta tiene un clip de metal especialmente dise\u00f1ado para sujetarla al cintur\u00f3n.<br \/>\nGracias al innovador sistema de clic, los accesorios se pueden cambiar r\u00e1pidamente y sin herramientas, incluso con un rango de movimiento limitado.<br \/>\nAl igual que todas las p\u00e9rtigas de Berger, el sistema ArboRapid tambi\u00e9n est\u00e1 equipado con el mecanismo de bloqueo r\u00e1pido infinitamente variable de acero revestido de calidad .<br \/>\nEsta p\u00e9rtiga de 3 tramos, se puede extender desde 0,86 m a 1,90m.<\/p>\n","protected":false},"excerpt":{"rendered":"<p>Mango telesc\u00f3pico de 3 tramos para serrucho usados en arboricultura<\/p>\n","protected":false},"featured_media":12611,"template":"","meta":[],"product_brand":[61],"product_cat":[118],"product_tag":[276,275,277],"class_list":{"0":"post-12610","1":"product","2":"type-product","3":"status-publish","4":"has-post-thumbnail","6":"product_brand-berger","7":"product_cat-poda","8":"product_tag-berger","9":"product_tag-inausketa","10":"product_tag-pertiga","12":"first","13":"instock","14":"shipping-taxable","15":"purchasable","16":"product-type-simple"},"jetpack_sharing_enabled":true,"_links":{"self":[{"href":"https:\/\/www.arbel.eus\/es\/wp-json\/wp\/v2\/product\/12610","targetHints":{"allow":["GET"]}}],"collection":[{"href":"https:\/\/www.arbel.eus\/es\/wp-json\/wp\/v2\/product"}],"about":[{"href":"https:\/\/www.arbel.eus\/es\/wp-json\/wp\/v2\/types\/product"}],"wp:featuredmedia":[{"embeddable":true,"href":"https:\/\/www.arbel.eus\/es\/wp-json\/wp\/v2\/media\/12611"}],"wp:attachment":[{"href":"https:\/\/www.arbel.eus\/es\/wp-json\/wp\/v2\/media?parent=12610"}],"wp:term":[{"taxonomy":"product_brand","embeddable":true,"href":"https:\/\/www.arbel.eus\/es\/wp-json\/wp\/v2\/product_brand?post=12610"},{"taxonomy":"product_cat","embeddable":true,"href":"https:\/\/www.arbel.eus\/es\/wp-json\/wp\/v2\/product_cat?post=12610"},{"taxonomy":"product_tag","embeddable":true,"href":"https:\/\/www.arbel.eus\/es\/wp-json\/wp\/v2\/product_tag?post=12610"}],"curies":[{"name":"wp","href":"https:\/\/api.w.org\/{rel}","templated":true}]}}