{"id":12612,"date":"2025-12-18T11:53:45","date_gmt":"2025-12-18T10:53:45","guid":{"rendered":"https:\/\/www.arbel.eus\/product\/berger-arbo-rapid-zerrotea-zorroarekin\/"},"modified":"2025-12-18T14:50:23","modified_gmt":"2025-12-18T13:50:23","slug":"berger-arbo-rapid-zerrotea-zorroarekin","status":"publish","type":"product","link":"https:\/\/www.arbel.eus\/es\/producto\/berger-arbo-rapid-zerrotea-zorroarekin\/","title":{"rendered":"BERGER KIT DE SERRUCHO ARBO RAPID CON FUNDA"},"content":{"rendered":"<p>Serrucho Berger con marcador para p\u00e9rtiga con enganche ArboRapid y funda protectora (5127).<br \/>\nApto para todas las p\u00e9rtigas telesc\u00f3picas ArboRapid<br \/>\nFijaci\u00f3n a la p\u00e9rtiga telesc\u00f3pica de manera r\u00e1pida y f\u00e1cil gracias al sistema de clic<br \/>\nCortes precisos con dientes endurecidos triple afilados que funcionan solo cuando tira del serrucho hacia atr\u00e1s (forma Japonesa) &#8211; cortes limpios y precisos minimizando la herida sobre la zona de corte y reduciendo el riesgo de un ataque de hongos o bacterias<br \/>\nLongitud de la hoja: 330 mm o 400 mm<\/p>\n","protected":false},"excerpt":{"rendered":"<p>Serrucho Berger apto para p\u00e9rtigas telesc\u00f3picas ArboRapid<\/p>\n","protected":false},"featured_media":12613,"template":"","meta":[],"product_brand":[61],"product_cat":[118],"product_tag":[278,276,275,279],"class_list":{"0":"post-12612","1":"product","2":"type-product","3":"status-publish","4":"has-post-thumbnail","6":"product_brand-berger","7":"product_cat-poda","8":"product_tag-arborapid","9":"product_tag-berger","10":"product_tag-inausketa","11":"product_tag-zerrotea","13":"first","14":"instock","15":"shipping-taxable","16":"purchasable","17":"product-type-variable"},"jetpack_sharing_enabled":true,"_links":{"self":[{"href":"https:\/\/www.arbel.eus\/es\/wp-json\/wp\/v2\/product\/12612","targetHints":{"allow":["GET"]}}],"collection":[{"href":"https:\/\/www.arbel.eus\/es\/wp-json\/wp\/v2\/product"}],"about":[{"href":"https:\/\/www.arbel.eus\/es\/wp-json\/wp\/v2\/types\/product"}],"wp:featuredmedia":[{"embeddable":true,"href":"https:\/\/www.arbel.eus\/es\/wp-json\/wp\/v2\/media\/12613"}],"wp:attachment":[{"href":"https:\/\/www.arbel.eus\/es\/wp-json\/wp\/v2\/media?parent=12612"}],"wp:term":[{"taxonomy":"product_brand","embeddable":true,"href":"https:\/\/www.arbel.eus\/es\/wp-json\/wp\/v2\/product_brand?post=12612"},{"taxonomy":"product_cat","embeddable":true,"href":"https:\/\/www.arbel.eus\/es\/wp-json\/wp\/v2\/product_cat?post=12612"},{"taxonomy":"product_tag","embeddable":true,"href":"https:\/\/www.arbel.eus\/es\/wp-json\/wp\/v2\/product_tag?post=12612"}],"curies":[{"name":"wp","href":"https:\/\/api.w.org\/{rel}","templated":true}]}}