{"id":12616,"date":"2025-12-18T12:00:05","date_gmt":"2025-12-18T11:00:05","guid":{"rendered":"https:\/\/www.arbel.eus\/product\/arborikulturako-camp-tree-acces-evo-2163-arnesa\/"},"modified":"2025-12-18T14:44:13","modified_gmt":"2025-12-18T13:44:13","slug":"arborikulturako-camp-tree-acces-evo-2163-arnesa","status":"publish","type":"product","link":"https:\/\/www.arbel.eus\/es\/producto\/arborikulturako-camp-tree-acces-evo-2163-arnesa\/","title":{"rendered":"ARNES DE ARBORICULTURA CAMP TREE ACCES EVO 2163"},"content":{"rendered":"<p>Normativas:<br \/>\nEN358<br \/>\nEN813<\/p>\n<p>Descripci\u00f3n:<\/p>\n<p>Innovador sistema de anclaje ventral m\u00f3vil, realizado con cuerda semiest\u00e1tica de 10,5 mm cubierta con una eslinga tubular de refuerzo que le brinda una durabilidad sin igual.<br \/>\nPresenta dos bucles en los extremos, que se pueden utilizar como puntos de anclaje para el posicionamiento.<br \/>\nConexi\u00f3n ajustable del puente m\u00f3vil al cintur\u00f3n, para poder modificar la posici\u00f3n de suspensi\u00f3n.<br \/>\nAmplia superficie de relleno del cintur\u00f3n y de las perneras, de material termoformado ergon\u00f3mico.<br \/>\nConexi\u00f3n delantera de las perneras y el cintur\u00f3n con eslingas espaciadas para una mayor comodidad en el \u00e1rea de la ingle.Hebillas con liberaci\u00f3n STS patentadas, montadas en las perneras.<br \/>\nBucle de anclaje ventral patentado que se caracteriza por dos anillos conc\u00e9ntricos: uno que conecta las herramientas y otro para conectar el arn\u00e9s pectoral y el bloqueador ventral.<br \/>\n2 anillos de anclaje laterales de aleaci\u00f3n de aluminio para el posicionamiento y la retenci\u00f3n.<br \/>\nPosibilidad de instalar el pectoral GT Chest ref.216601, con dos puntos de anclaje antica\u00edda (esternal y dorsal) para lograr un arn\u00e9s integral antica\u00edda.<br \/>\n2 tallas: S-L Y XL-XXL<br \/>\nPosibilidad de instalar el arn\u00e9s pectoral de desplazamiento Tree Access SRT Chest, mejora de la comodidad del cintur\u00f3n. <\/p>\n","protected":false},"excerpt":{"rendered":"<p>Arnes con frontal m\u00f3vil para arboricultura<\/p>\n","protected":false},"featured_media":12617,"template":"","meta":[],"product_brand":[64],"product_cat":[117],"product_tag":[280,281,282],"class_list":{"0":"post-12616","1":"product","2":"type-product","3":"status-publish","4":"has-post-thumbnail","6":"product_brand-camp","7":"product_cat-trabajos-verticales","8":"product_tag-acces-evo","9":"product_tag-arnesa","10":"product_tag-camp","12":"first","13":"instock","14":"shipping-taxable","15":"purchasable","16":"product-type-variable"},"jetpack_sharing_enabled":true,"_links":{"self":[{"href":"https:\/\/www.arbel.eus\/es\/wp-json\/wp\/v2\/product\/12616","targetHints":{"allow":["GET"]}}],"collection":[{"href":"https:\/\/www.arbel.eus\/es\/wp-json\/wp\/v2\/product"}],"about":[{"href":"https:\/\/www.arbel.eus\/es\/wp-json\/wp\/v2\/types\/product"}],"wp:featuredmedia":[{"embeddable":true,"href":"https:\/\/www.arbel.eus\/es\/wp-json\/wp\/v2\/media\/12617"}],"wp:attachment":[{"href":"https:\/\/www.arbel.eus\/es\/wp-json\/wp\/v2\/media?parent=12616"}],"wp:term":[{"taxonomy":"product_brand","embeddable":true,"href":"https:\/\/www.arbel.eus\/es\/wp-json\/wp\/v2\/product_brand?post=12616"},{"taxonomy":"product_cat","embeddable":true,"href":"https:\/\/www.arbel.eus\/es\/wp-json\/wp\/v2\/product_cat?post=12616"},{"taxonomy":"product_tag","embeddable":true,"href":"https:\/\/www.arbel.eus\/es\/wp-json\/wp\/v2\/product_tag?post=12616"}],"curies":[{"name":"wp","href":"https:\/\/api.w.org\/{rel}","templated":true}]}}