{"id":12620,"date":"2025-12-18T12:06:07","date_gmt":"2025-12-18T11:06:07","guid":{"rendered":"https:\/\/www.arbel.eus\/product\/camp-acces-sit-arnesa\/"},"modified":"2025-12-18T14:39:56","modified_gmt":"2025-12-18T13:39:56","slug":"camp-acces-sit-arnesa","status":"publish","type":"product","link":"https:\/\/www.arbel.eus\/es\/producto\/camp-acces-sit-arnesa\/","title":{"rendered":"ARNES CAMP ACCES SIT"},"content":{"rendered":"<p>Normativas:<br \/>\nEN358<br \/>\nEN813<\/p>\n<p>Descripci\u00f3n:<br \/>\nArn\u00e9s p\u00e9lvico especialmente dise\u00f1ado para todos los trabajos de suspensi\u00f3n porolongada<br \/>\nEl cintur\u00f3n y las perneras con amplias \u00e1reas de apoyo de material termoformato ergon\u00f3mico, junto con un punto de anclaje delantero cintur\u00f3n-perneras de longitud reducida con cintas distanciadas, otorgan al Access Sit las caracter\u00edsticas esenciales para todos los especialistas en los trabajos verticales<br \/>\nAnclaje vertical patentado, se caracter\u00edza por dos anillos conc\u00e9ntricos: uno para alojar el anillo de aluminio que conecta las cuerdas y las herramientas, y otro para conectar el arn\u00e9s pectoral y el bloqueador ventral.<br \/>\nHebillas con desenganche STS patentadas, montada en las perneras. 3 anillos de anclaje de aleaci\u00f3n de alumninio: ventral para la suspensi\u00f3n, laterales para el posicionamiento y la retenci\u00f3n.<br \/>\nPosibilidad de instalar el pectoral GT Chest con dos puntos de anclaje antica\u00edda (esternal y dorsal) para lograr un arn\u00e9s integral antica\u00edda.<br \/>\n2 tallas<br \/>\nPeso 1500 gramos &#8211; talla S-L<br \/>\nPeso 1570 gramos &#8211; talla XL-XXL <\/p>\n","protected":false},"excerpt":{"rendered":"<p>Arn\u00e9s p\u00e9lvico desarrollado para trabajos de suspensi\u00f3n prolongada<\/p>\n","protected":false},"featured_media":12621,"template":"","meta":[],"product_brand":[64],"product_cat":[117],"product_tag":[283,281,282],"class_list":{"0":"post-12620","1":"product","2":"type-product","3":"status-publish","4":"has-post-thumbnail","6":"product_brand-camp","7":"product_cat-trabajos-verticales","8":"product_tag-acces-sit","9":"product_tag-arnesa","10":"product_tag-camp","12":"first","13":"instock","14":"shipping-taxable","15":"purchasable","16":"product-type-variable"},"jetpack_sharing_enabled":true,"_links":{"self":[{"href":"https:\/\/www.arbel.eus\/es\/wp-json\/wp\/v2\/product\/12620","targetHints":{"allow":["GET"]}}],"collection":[{"href":"https:\/\/www.arbel.eus\/es\/wp-json\/wp\/v2\/product"}],"about":[{"href":"https:\/\/www.arbel.eus\/es\/wp-json\/wp\/v2\/types\/product"}],"wp:featuredmedia":[{"embeddable":true,"href":"https:\/\/www.arbel.eus\/es\/wp-json\/wp\/v2\/media\/12621"}],"wp:attachment":[{"href":"https:\/\/www.arbel.eus\/es\/wp-json\/wp\/v2\/media?parent=12620"}],"wp:term":[{"taxonomy":"product_brand","embeddable":true,"href":"https:\/\/www.arbel.eus\/es\/wp-json\/wp\/v2\/product_brand?post=12620"},{"taxonomy":"product_cat","embeddable":true,"href":"https:\/\/www.arbel.eus\/es\/wp-json\/wp\/v2\/product_cat?post=12620"},{"taxonomy":"product_tag","embeddable":true,"href":"https:\/\/www.arbel.eus\/es\/wp-json\/wp\/v2\/product_tag?post=12620"}],"curies":[{"name":"wp","href":"https:\/\/api.w.org\/{rel}","templated":true}]}}