{"id":12626,"date":"2025-12-18T12:12:31","date_gmt":"2025-12-18T11:12:31","guid":{"rendered":"https:\/\/www.arbel.eus\/product\/karbonozko-igotzeko-distel-3-1-belkrodun-ezproiak\/"},"modified":"2025-12-18T14:29:39","modified_gmt":"2025-12-18T13:29:39","slug":"karbonozko-igotzeko-distel-3-1-belkrodun-ezproiak","status":"publish","type":"product","link":"https:\/\/www.arbel.eus\/es\/producto\/karbonozko-igotzeko-distel-3-1-belkrodun-ezproiak\/","title":{"rendered":"DISTEL ESPUELAS DE TREPA DE CARBONO 3.1 CON CIERRES EN VELCRO"},"content":{"rendered":"<p>Ligeras como una pluma: El material de fibra de carbono minimiza el peso y permite horas de trabajo sin fatiga.<br \/>\nDise\u00f1o ergon\u00f3mico: El v\u00e1stago inclinado y desplazado hacia adelante proporciona un ajuste \u00f3ptimo. Combinado con el estribo extra ancho de 47 mm, el resultado es m\u00e1xima comodidad.<br \/>\nEstabilidad inigualable: Una matriz de poli-carbonato resistente y duradera proporcio-na m\u00e1xima resistencia y durabilidad en las condiciones m\u00e1s duras. Alta resistencia a la rotura gracias a las fibras de carbono unidireccionales.<br \/>\nProtecci\u00f3n total: Una suela de goma Vibram en la parte inferior del v\u00e1stago protege el carbono y garantiza un agarre firme en las ramas.  <\/p>\n","protected":false},"excerpt":{"rendered":"<p>Espuelas de trepa Tree Up DR100 para trabajos verticales<\/p>\n","protected":false},"featured_media":12627,"template":"","meta":[],"product_brand":[65],"product_cat":[117],"product_tag":[288,289,290,291,292],"class_list":{"0":"post-12626","1":"product","2":"type-product","3":"status-publish","4":"has-post-thumbnail","6":"product_brand-distel","7":"product_cat-trabajos-verticales","8":"product_tag-3-1","9":"product_tag-distel","10":"product_tag-esproiak","11":"product_tag-karbonoa","12":"product_tag-vibram","14":"first","15":"instock","16":"shipping-taxable","17":"purchasable","18":"product-type-simple"},"jetpack_sharing_enabled":true,"_links":{"self":[{"href":"https:\/\/www.arbel.eus\/es\/wp-json\/wp\/v2\/product\/12626","targetHints":{"allow":["GET"]}}],"collection":[{"href":"https:\/\/www.arbel.eus\/es\/wp-json\/wp\/v2\/product"}],"about":[{"href":"https:\/\/www.arbel.eus\/es\/wp-json\/wp\/v2\/types\/product"}],"wp:featuredmedia":[{"embeddable":true,"href":"https:\/\/www.arbel.eus\/es\/wp-json\/wp\/v2\/media\/12627"}],"wp:attachment":[{"href":"https:\/\/www.arbel.eus\/es\/wp-json\/wp\/v2\/media?parent=12626"}],"wp:term":[{"taxonomy":"product_brand","embeddable":true,"href":"https:\/\/www.arbel.eus\/es\/wp-json\/wp\/v2\/product_brand?post=12626"},{"taxonomy":"product_cat","embeddable":true,"href":"https:\/\/www.arbel.eus\/es\/wp-json\/wp\/v2\/product_cat?post=12626"},{"taxonomy":"product_tag","embeddable":true,"href":"https:\/\/www.arbel.eus\/es\/wp-json\/wp\/v2\/product_tag?post=12626"}],"curies":[{"name":"wp","href":"https:\/\/api.w.org\/{rel}","templated":true}]}}