{"id":12639,"date":"2025-12-18T10:58:46","date_gmt":"2025-12-18T09:58:46","guid":{"rendered":"https:\/\/www.arbel.eus\/product\/abeltzaintzako-sare-arina-100-8-15-hj-mrt-50-m\/"},"modified":"2025-12-18T15:51:56","modified_gmt":"2025-12-18T14:51:56","slug":"abeltzaintzako-sare-arina-100-8-15-hj-mrt-50-m","status":"publish","type":"product","link":"https:\/\/www.arbel.eus\/es\/producto\/abeltzaintzako-sare-arina-100-8-15-hj-mrt-50-m\/","title":{"rendered":"MALLA GANADERA 100\/8\/15 HJ MRT LIGERA 50 m"},"content":{"rendered":"<p>Est\u00e1 especialmente recomendada para cerrar explotaciones agr\u00edcolas y ganaderas, aunque tambi\u00e9n se utiliza en zonas rurales o forestales para impedir el paso a jabal\u00edes u otras especies calificadas como invasoras.<\/p>\n<p>De hecho, su geometr\u00eda progresiva (mallas m\u00e1s peque\u00f1as abajo, que se van haciendo m\u00e1s grande arriba) permite frenar el paso de peque\u00f1os animales.<\/p>\n<p>Caracter\u00edsticas:<\/p>\n<ul>\n<li>Altura: 1 m<\/li>\n<li>Largo: 50 m<\/li>\n<li>Alambre horizontales: 8<\/li>\n<li>Distancia entre verticales: 15 cm<\/li>\n<\/ul>\n<p>Caracter\u00edsticas de los alambres:<\/p>\n<ul>\n<li>Alambres horizontales extremos: 2,45 mm diametro<\/li>\n<li>Alambres horizontales intermedios: 1,90 mm<\/li>\n<li>Alambres verticales: 1,90 mm<\/li>\n<\/ul>\n<p>Caracter\u00edsticas de recubrimiento:<\/p>\n<ul>\n<li>UNE EN 1179<\/li>\n<li>EN 10244-2<\/li>\n<\/ul>\n","protected":false},"excerpt":{"rendered":"<p>Malla con nudo bisagra fabricada con alambre galvanizado reforzado.<\/p>\n","protected":false},"featured_media":12597,"template":"","meta":[],"product_brand":[195],"product_cat":[177],"product_tag":[258,257,252],"class_list":{"0":"post-12639","1":"product","2":"type-product","3":"status-publish","4":"has-post-thumbnail","6":"product_brand-moreda","7":"product_cat-cierres","8":"product_tag-abentzaintza","9":"product_tag-moreda","10":"product_tag-sarea","12":"first","13":"instock","14":"shipping-taxable","15":"purchasable","16":"product-type-simple"},"jetpack_sharing_enabled":true,"_links":{"self":[{"href":"https:\/\/www.arbel.eus\/es\/wp-json\/wp\/v2\/product\/12639","targetHints":{"allow":["GET"]}}],"collection":[{"href":"https:\/\/www.arbel.eus\/es\/wp-json\/wp\/v2\/product"}],"about":[{"href":"https:\/\/www.arbel.eus\/es\/wp-json\/wp\/v2\/types\/product"}],"wp:featuredmedia":[{"embeddable":true,"href":"https:\/\/www.arbel.eus\/es\/wp-json\/wp\/v2\/media\/12597"}],"wp:attachment":[{"href":"https:\/\/www.arbel.eus\/es\/wp-json\/wp\/v2\/media?parent=12639"}],"wp:term":[{"taxonomy":"product_brand","embeddable":true,"href":"https:\/\/www.arbel.eus\/es\/wp-json\/wp\/v2\/product_brand?post=12639"},{"taxonomy":"product_cat","embeddable":true,"href":"https:\/\/www.arbel.eus\/es\/wp-json\/wp\/v2\/product_cat?post=12639"},{"taxonomy":"product_tag","embeddable":true,"href":"https:\/\/www.arbel.eus\/es\/wp-json\/wp\/v2\/product_tag?post=12639"}],"curies":[{"name":"wp","href":"https:\/\/api.w.org\/{rel}","templated":true}]}}